{"id":43309,"date":"2023-03-20T11:33:43","date_gmt":"2023-03-20T04:33:43","guid":{"rendered":"https:\/\/mouldking.store\/shop\/pantasy-86305-le-petit-prince-time-travel-with-500-pieces\/"},"modified":"2023-03-20T11:33:43","modified_gmt":"2023-03-20T04:33:43","slug":"pantasy-86305-le-petit-prince-time-travel-with-500-pieces","status":"publish","type":"product","link":"https:\/\/mouldking.store\/es\/shop\/pantasy-86305-le-petit-prince-time-travel-with-500-pieces\/","title":{"rendered":"Pantasy 86305 Le Petit Prince Viaje en el Tiempo con 500 Piezas"},"content":{"rendered":"<div>\u2705 PANTASY 86305 El Principito Viaje en el Tiempo<br \/>&nbsp;<br \/>\u2705\u201dLe Petit Prince\u201d (traducido como \u201cEl Principito\u201d en ingl\u00e9s) es una novela escrita por el autor franc\u00e9s Antoine de Saint-Exup\u00e9ry. La historia sigue a un joven pr\u00edncipe que viaja a diferentes planetas, incluida la Tierra, y se encuentra con varios adultos que han perdido su sentido de la imaginaci\u00f3n y el asombro. A trav\u00e9s de sus conversaciones con los adultos y sus encuentros con varias criaturas, el pr\u00edncipe aprende lecciones importantes sobre la vida, el amor y la importancia de la conexi\u00f3n humana.<br \/>&nbsp;<br \/>\ud83d\udeab \u00a1IMPORTANTE!&nbsp;<br \/>&nbsp;<br \/>Nombre del producto: Le Petit Prince Time Travel<br \/>&nbsp;<br \/>Categor\u00eda: Creador&nbsp;<br \/>&nbsp;<br \/>Este kit contiene: PANTASY 86305&nbsp;<br \/>&nbsp;<br \/>500 piezas de ladrillos de buena calidad&nbsp;<br \/>&nbsp;<br \/>Tama\u00f1o: 9,9 \u00d7 11,1 \u00d7 18,7 cm<br \/>&nbsp;<br \/>Instrucciones manuales&nbsp;<br \/>&nbsp;<br \/>\ud83d\udcccNaturaleza del protagonista&nbsp;<br \/>&nbsp;<br \/>Presentamos nuestra orgullosa colecci\u00f3n llamada &quot;Le Petit Prince Time Travel&quot; que no debe perderse.&nbsp;<br \/>&nbsp;<br \/>\u201cLe Petit Prince: The Journey\u201d tambi\u00e9n puede referirse a una adaptaci\u00f3n o recuento de la historia original de \u201cLe Petit Prince\u201d de Antoine de Saint-Exup\u00e9ry. Al igual que con \u201cLe Petit Prince On The Planet\u201d, es posible que \u201cLe Petit Prince: The Journey\u201d sea una adaptaci\u00f3n espec\u00edfica que se centre en el viaje del pr\u00edncipe y las lecciones que aprende en el camino.<\/div>","protected":false},"excerpt":{"rendered":"<p>Marca: Pantasy<br \/>\nG\u00e9nero: Unisex<br \/>\nRango de edad: &gt; 6 a\u00f1os<br \/>\nN\u00famero de modelo: 86305<br \/>\nClasificaci\u00f3n: Ensamblaje<br \/>\nForma de bloque de pl\u00e1stico: Ladrillos autoblocantes<br \/>\nMaterial: Pl\u00e1stico<br \/>\nTipo de pl\u00e1stico: ABS<br \/>\nLadrillos Bloques: 500 +<br \/>\nSin caja original<\/p>","protected":false},"featured_media":43307,"comment_status":"open","ping_status":"closed","template":"","meta":{"_acf_changed":false},"product_cat":[1365,371],"product_tag":[11072,8452,11606,11607,6290,11609],"class_list":["product","first","instock","shipping-taxable","purchasable","product-type-simple"],"acf":[],"_links":{"self":[{"href":"https:\/\/mouldking.store\/es\/wp-json\/wp\/v2\/product\/43309","targetHints":{"allow":["GET"]}}],"collection":[{"href":"https:\/\/mouldking.store\/es\/wp-json\/wp\/v2\/product"}],"about":[{"href":"https:\/\/mouldking.store\/es\/wp-json\/wp\/v2\/types\/product"}],"replies":[{"embeddable":true,"href":"https:\/\/mouldking.store\/es\/wp-json\/wp\/v2\/comments?post=43309"}],"wp:featuredmedia":[{"embeddable":true,"href":"https:\/\/mouldking.store\/es\/wp-json\/wp\/v2\/media\/43307"}],"wp:attachment":[{"href":"https:\/\/mouldking.store\/es\/wp-json\/wp\/v2\/media?parent=43309"}],"wp:term":[{"taxonomy":"product_cat","embeddable":true,"href":"https:\/\/mouldking.store\/es\/wp-json\/wp\/v2\/product_cat?post=43309"},{"taxonomy":"product_tag","embeddable":true,"href":"https:\/\/mouldking.store\/es\/wp-json\/wp\/v2\/product_tag?post=43309"}],"curies":[{"name":"wp","href":"https:\/\/api.w.org\/{rel}","templated":true}]}}