{"id":43336,"date":"2023-03-22T10:36:14","date_gmt":"2023-03-22T03:36:14","guid":{"rendered":"https:\/\/mouldking.store\/shop\/panlosbrick-673001-mechanical-sports-car-with-1314-pieces\/"},"modified":"2023-03-22T10:36:14","modified_gmt":"2023-03-22T03:36:14","slug":"panlosbrick-673001-mechanical-sports-car-with-1314-pieces","status":"publish","type":"product","link":"https:\/\/mouldking.store\/es\/shop\/panlosbrick-673001-mechanical-sports-car-with-1314-pieces\/","title":{"rendered":"PANLOSBRICK 673001 Coche Deportivo Mec\u00e1nico con 1314 Piezas"},"content":{"rendered":"<div>\u2705 Panlos 673001 Coche Deportivo Mec\u00e1nico<br \/>&nbsp;<br \/>\u2705Un autom\u00f3vil deportivo mec\u00e1nico es un veh\u00edculo de alto rendimiento dise\u00f1ado y construido con un enfoque en la ingenier\u00eda mec\u00e1nica, el rendimiento y la experiencia de conducci\u00f3n. Por lo general, estos autos se construyen con un fuerte \u00e9nfasis en la construcci\u00f3n liviana, la aerodin\u00e1mica y los motores de alto rendimiento que brindan una velocidad, aceleraci\u00f3n y manejo excepcionales.<br \/>&nbsp;<br \/>\ud83d\udeab \u00a1IMPORTANTE!&nbsp;<br \/>&nbsp;<br \/>Nombre del producto: coche deportivo mec\u00e1nico<br \/>&nbsp;<br \/>Categor\u00eda: T\u00e9cnica<br \/>&nbsp;<br \/>Este Kit Contiene: Panlos 673001<br \/>&nbsp;<br \/>1314 piezas de ladrillos de buena calidad&nbsp;<br \/>&nbsp;<br \/>Tama\u00f1o: 36 \u00d7 16 \u00d7 10 cm<br \/>&nbsp;<br \/>Instrucciones manuales&nbsp;<br \/>&nbsp;<br \/>\ud83d\udcccNaturaleza del protagonista&nbsp;<br \/>&nbsp;<br \/>Presentamos nuestra orgullosa colecci\u00f3n llamada &quot;Mechanical Sports Car&quot; que no debe perderse.&nbsp;<br \/>&nbsp;<br \/>Los autos deportivos mec\u00e1nicos son conocidos por su manejo de precisi\u00f3n y capacidad de respuesta, y a menudo cuentan con sistemas de suspensi\u00f3n avanzados, frenos grandes y llantas especializadas que les permiten manejar curvas y frenados de alta velocidad con facilidad. Muchos autos deportivos mec\u00e1nicos tambi\u00e9n cuentan con transmisiones manuales, lo que brinda a los conductores un mayor control sobre la potencia y el rendimiento del autom\u00f3vil.<\/div>","protected":false},"excerpt":{"rendered":"<p>Marca: PANLOSBRICK<br \/>\nG\u00e9nero: Unisex<br \/>\nRango de edad: &gt; 6 a\u00f1os<br \/>\nN\u00famero de modelo: 673001<br \/>\nClasificaci\u00f3n: Ensamblaje<br \/>\nForma de bloque de pl\u00e1stico: Ladrillos autoblocantes<br \/>\nMaterial: Pl\u00e1stico<br \/>\nTipo de pl\u00e1stico: ABS<br \/>\nLadrillos Bloques: 1314 +<br \/>\nVersi\u00f3n est\u00e1tica<br \/>\nSin caja original<\/p>","protected":false},"featured_media":43331,"comment_status":"open","ping_status":"closed","template":"","meta":{"_acf_changed":false},"product_cat":[1360,1357,364],"product_tag":[457,11138,11150,389,11080],"class_list":["product","first","instock","shipping-taxable","purchasable","product-type-simple"],"acf":[],"_links":{"self":[{"href":"https:\/\/mouldking.store\/es\/wp-json\/wp\/v2\/product\/43336","targetHints":{"allow":["GET"]}}],"collection":[{"href":"https:\/\/mouldking.store\/es\/wp-json\/wp\/v2\/product"}],"about":[{"href":"https:\/\/mouldking.store\/es\/wp-json\/wp\/v2\/types\/product"}],"replies":[{"embeddable":true,"href":"https:\/\/mouldking.store\/es\/wp-json\/wp\/v2\/comments?post=43336"}],"wp:featuredmedia":[{"embeddable":true,"href":"https:\/\/mouldking.store\/es\/wp-json\/wp\/v2\/media\/43331"}],"wp:attachment":[{"href":"https:\/\/mouldking.store\/es\/wp-json\/wp\/v2\/media?parent=43336"}],"wp:term":[{"taxonomy":"product_cat","embeddable":true,"href":"https:\/\/mouldking.store\/es\/wp-json\/wp\/v2\/product_cat?post=43336"},{"taxonomy":"product_tag","embeddable":true,"href":"https:\/\/mouldking.store\/es\/wp-json\/wp\/v2\/product_tag?post=43336"}],"curies":[{"name":"wp","href":"https:\/\/api.w.org\/{rel}","templated":true}]}}