{"id":43369,"date":"2023-03-22T11:45:09","date_gmt":"2023-03-22T04:45:09","guid":{"rendered":"https:\/\/mouldking.store\/shop\/dk-1516-demon-slayer-kamado-tanjirou-sun-wheel-knife-with-759-pieces\/"},"modified":"2023-03-22T11:45:09","modified_gmt":"2023-03-22T04:45:09","slug":"dk-1516-demon-slayer-kamado-tanjirou-sun-wheel-knife-with-759-pieces","status":"publish","type":"product","link":"https:\/\/mouldking.store\/es\/shop\/dk-1516-demon-slayer-kamado-tanjirou-sun-wheel-knife-with-759-pieces\/","title":{"rendered":"DK 1516 Demon Slayer: Kamado Tanjirou Sun Wheel Knife con 759 piezas"},"content":{"rendered":"<div>\u2705 DK 1516 Demon Slayer: Kamado Tanjirou Sun Wheel Knife<br \/>&nbsp;<br \/>\u2705El Kamado Tanjirou Sun Wheel Knife es un arma ficticia de la popular serie japonesa de manga y anime &quot;Demon Slayer&quot; (Kimetsu no Yaiba). El cuchillo lo maneja el protagonista principal, Kamado Tanjirou, quien lo usa en sus batallas contra las criaturas demon\u00edacas conocidas como &quot;Oni&quot;.<br \/>&nbsp;<br \/>\ud83d\udeab \u00a1IMPORTANTE!&nbsp;<br \/>&nbsp;<br \/>Nombre del producto: Demon Slayer: Kamado Tanjirou Sun Wheel Knife<br \/>&nbsp;<br \/>Categor\u00eda: Creador&nbsp;<br \/>&nbsp;<br \/>Este kit contiene: DK 1516<br \/>&nbsp;<br \/>759 piezas de ladrillos de buena calidad&nbsp;<br \/>&nbsp;<br \/>Tama\u00f1o: 99,7 \u00d7 14,5 cm<br \/>&nbsp;<br \/>Instrucciones manuales&nbsp;<br \/>&nbsp;<br \/>\ud83d\udcccNaturaleza del protagonista&nbsp;<br \/>&nbsp;<br \/>Presentamos nuestra orgullosa colecci\u00f3n llamada &quot;Demon Slayer: Kamado Tanjirou Sun Wheel Knife&quot; que no debes perderte.&nbsp;<br \/>&nbsp;<br \/>El Sun Wheel Knife tiene un dise\u00f1o distintivo, con una hoja circular que se asemeja a un sol con p\u00faas alrededor de su borde. La hoja est\u00e1 hecha de un metal especial que puede da\u00f1ar a los Oni, y se dice que es especialmente eficaz contra sus duras pieles. En la historia, el Sun Wheel Knife se transmite a trav\u00e9s de la familia de Tanjirou y es una de las pocas armas capaces de derrotar a los Oni. Tambi\u00e9n es un s\u00edmbolo de la determinaci\u00f3n y resoluci\u00f3n de Tanjirou en su b\u00fasqueda para proteger a sus seres queridos y restaurar la humanidad de su hermana.<\/div>","protected":false},"excerpt":{"rendered":"<p>Marca: DK<br \/>\nG\u00e9nero: Unisex<br \/>\nRango de edad: &gt; 6 a\u00f1os<br \/>\nN\u00famero de modelo: 1516<br \/>\nClasificaci\u00f3n: Ensamblaje<br \/>\nForma de bloque de pl\u00e1stico: Ladrillos autoblocantes<br \/>\nMaterial: Pl\u00e1stico<br \/>\nTipo de pl\u00e1stico: ABS<br \/>\nLadrillos Bloques: 759 +<br \/>\nSin caja original<\/p>","protected":false},"featured_media":43367,"comment_status":"open","ping_status":"closed","template":"","meta":{"_acf_changed":false},"product_cat":[1365,371,581,1408],"product_tag":[11072,8452,2977,11622,7828,434,11623,11379],"class_list":["product","first","instock","shipping-taxable","purchasable","product-type-simple"],"acf":[],"_links":{"self":[{"href":"https:\/\/mouldking.store\/es\/wp-json\/wp\/v2\/product\/43369","targetHints":{"allow":["GET"]}}],"collection":[{"href":"https:\/\/mouldking.store\/es\/wp-json\/wp\/v2\/product"}],"about":[{"href":"https:\/\/mouldking.store\/es\/wp-json\/wp\/v2\/types\/product"}],"replies":[{"embeddable":true,"href":"https:\/\/mouldking.store\/es\/wp-json\/wp\/v2\/comments?post=43369"}],"wp:featuredmedia":[{"embeddable":true,"href":"https:\/\/mouldking.store\/es\/wp-json\/wp\/v2\/media\/43367"}],"wp:attachment":[{"href":"https:\/\/mouldking.store\/es\/wp-json\/wp\/v2\/media?parent=43369"}],"wp:term":[{"taxonomy":"product_cat","embeddable":true,"href":"https:\/\/mouldking.store\/es\/wp-json\/wp\/v2\/product_cat?post=43369"},{"taxonomy":"product_tag","embeddable":true,"href":"https:\/\/mouldking.store\/es\/wp-json\/wp\/v2\/product_tag?post=43369"}],"curies":[{"name":"wp","href":"https:\/\/api.w.org\/{rel}","templated":true}]}}