{"id":43412,"date":"2023-03-24T10:51:06","date_gmt":"2023-03-24T03:51:06","guid":{"rendered":"https:\/\/mouldking.store\/shop\/moc-factory-133774-sentry-scrounger-from-horizon-forbidden-west-with-881-pieces\/"},"modified":"2025-12-16T22:25:07","modified_gmt":"2025-12-16T15:25:07","slug":"moc-factory-133774-sentry-scrounger-from-horizon-forbidden-west-with-881-pieces","status":"publish","type":"product","link":"https:\/\/mouldking.store\/es\/shop\/moc-factory-133774-sentry-scrounger-from-horizon-forbidden-west-with-881-pieces\/","title":{"rendered":"MOC Factory 133774 Sentry Scrounger de Horizon: Forbidden West con 881 piezas"},"content":{"rendered":"<div>\u2705 MOC-133774 Sentry Scrounger de Horizon: Forbidden West<\/p>\n<p>\u2705Horizon: Forbidden West es un juego de rol de acci\u00f3n desarrollado por Guerrilla Games y que se lanzar\u00e1 en febrero de 2022 para las consolas PlayStation 4 y PlayStation 5. El juego es una secuela de Horizon Zero Dawn y est\u00e1 ambientado en un mundo postapocal\u00edptico donde los humanos y las m\u00e1quinas coexisten, pero se ven amenazados por una nueva amenaza.<\/p>\n<p>\ud83d\udeab \u00a1IMPORTANTE!<\/p>\n<p>Nombre del producto: Sentry Scrounger de Horizon: Forbidden West<\/p>\n<p>Categor\u00eda: Pel\u00edcula<\/p>\n<p>Este kit contiene: C9348<\/p>\n<p>881 piezas de ladrillos de buena calidad<\/p>\n<p>Tama\u00f1o: 34 x 14 x 28 cm<\/p>\n<p>Peso: 0,45 kg<\/p>\n<p>Instrucciones en PDF<\/p>\n<p>\ud83d\udcccNaturaleza del protagonista<\/p>\n<p>Presentamos nuestra orgullosa colecci\u00f3n llamada &quot;Sentry Scrounger from Horizon: Forbidden West&quot; que no debe perderse.<\/p>\n<p>El Scrounger es una m\u00e1quina en Horizon Forbidden West. Es una peque\u00f1a m\u00e1quina de clase Adquisici\u00f3n muy similar en apariencia y funci\u00f3n a Scrappers y r\u00e1pidamente arranca piezas de m\u00e1quinas muertas para recolectar y reciclar recursos. Est\u00e1 equipado con armamento ofensivo para ser utilizado contra amenazas.<\/p><\/div>","protected":false},"excerpt":{"rendered":"<p>Marca: MOC Factory<br \/>\nG\u00e9nero: Unisex<br \/>\nRango de edad: &gt; 6 a\u00f1os<br \/>\nN\u00famero de modelo: 133774<br \/>\nClasificaci\u00f3n: Ensamblaje<br \/>\nForma de bloque de pl\u00e1stico: Ladrillos autoblocantes<br \/>\nMaterial: Pl\u00e1stico<br \/>\nTipo de pl\u00e1stico: ABS<br \/>\nLadrillos Bloques: 881 +<br \/>\nSin caja original<\/p>","protected":false},"featured_media":43409,"comment_status":"open","ping_status":"closed","template":"","meta":{"_acf_changed":false},"product_cat":[1365,371,581,1408],"product_tag":[11072,8452,9815,8168,434,11627,8833,8965],"class_list":["product","first","instock","shipping-taxable","purchasable","product-type-simple"],"acf":[],"_links":{"self":[{"href":"https:\/\/mouldking.store\/es\/wp-json\/wp\/v2\/product\/43412","targetHints":{"allow":["GET"]}}],"collection":[{"href":"https:\/\/mouldking.store\/es\/wp-json\/wp\/v2\/product"}],"about":[{"href":"https:\/\/mouldking.store\/es\/wp-json\/wp\/v2\/types\/product"}],"replies":[{"embeddable":true,"href":"https:\/\/mouldking.store\/es\/wp-json\/wp\/v2\/comments?post=43412"}],"wp:featuredmedia":[{"embeddable":true,"href":"https:\/\/mouldking.store\/es\/wp-json\/wp\/v2\/media\/43409"}],"wp:attachment":[{"href":"https:\/\/mouldking.store\/es\/wp-json\/wp\/v2\/media?parent=43412"}],"wp:term":[{"taxonomy":"product_cat","embeddable":true,"href":"https:\/\/mouldking.store\/es\/wp-json\/wp\/v2\/product_cat?post=43412"},{"taxonomy":"product_tag","embeddable":true,"href":"https:\/\/mouldking.store\/es\/wp-json\/wp\/v2\/product_tag?post=43412"}],"curies":[{"name":"wp","href":"https:\/\/api.w.org\/{rel}","templated":true}]}}