{"id":43419,"date":"2023-03-24T11:01:01","date_gmt":"2023-03-24T04:01:01","guid":{"rendered":"https:\/\/mouldking.store\/shop\/moc-factory-89430-transformer-thomas-from-choo-choo-charles-with-137-pieces\/"},"modified":"2025-12-16T22:25:07","modified_gmt":"2025-12-16T15:25:07","slug":"moc-factory-89430-transformer-thomas-from-choo-choo-charles-with-137-pieces","status":"publish","type":"product","link":"https:\/\/mouldking.store\/es\/shop\/moc-factory-89430-transformer-thomas-from-choo-choo-charles-with-137-pieces\/","title":{"rendered":"MOC Factory 89430 Transformador Thomas de Choo Choo Charles con 137 piezas"},"content":{"rendered":"<div>\u2705 MOC-89430 Transformador Thomas de Choo Choo Charles<\/p>\n<p>\u2705Thomas es una locomotora de vapor azul con una cara sonriente y ojos grandes y redondos. Tiene una caldera en forma de c\u00fapula, una chimenea cil\u00edndrica y un peque\u00f1o quitapiedras en la parte delantera de su motor. Tambi\u00e9n tiene seis ruedas peque\u00f1as en su cuerpo principal, con un par de ruedas adicionales en la parte trasera de su motor.<\/p>\n<p>\ud83d\udeab \u00a1IMPORTANTE!<\/p>\n<p>Nombre del producto: Transformador Thomas de Choo Choo Charles<\/p>\n<p>Categor\u00eda: Pel\u00edcula<\/p>\n<p>Este kit contiene: C9329Y01<\/p>\n<p>137 piezas de ladrillos de buena calidad<\/p>\n<p>Tama\u00f1o: 11x8,5x13 cm<\/p>\n<p>Peso: 0,08 kg<\/p>\n<p>Instrucciones en PDF<\/p>\n<p>\ud83d\udcccNaturaleza del protagonista<\/p>\n<p>Presentamos nuestra orgullosa colecci\u00f3n llamada &quot;Transformer Thomas de Choo Choo Charles&quot; que no debe perderse.<\/p>\n<p>En muchas versiones del personaje, Thomas tiene el n\u00famero &quot;1&quot; pintado de blanco en su costado y las palabras &quot;North Western Railway&quot; impresas sobre su rostro. Tambi\u00e9n tiene un peque\u00f1o tope rojo en la parte trasera de su locomotora, que usa para empujar o tirar de otros vagones de tren.<\/p><\/div>","protected":false},"excerpt":{"rendered":"<p>Marca: MOC Factory<br \/>\nG\u00e9nero: Unisex<br \/>\nRango de edad: &gt; 6 a\u00f1os<br \/>\nN\u00famero de modelo: 89430<br \/>\nClasificaci\u00f3n: Ensamblaje<br \/>\nForma de bloque de pl\u00e1stico: Ladrillos autoblocantes<br \/>\nMaterial: Pl\u00e1stico<br \/>\nTipo de pl\u00e1stico: ABS<br \/>\nLadrillos Bloques: 137 +<br \/>\nSin caja original<\/p>","protected":false},"featured_media":43413,"comment_status":"open","ping_status":"closed","template":"","meta":{"_acf_changed":false},"product_cat":[1365,371,581,1408],"product_tag":[10876,11072,8452,434,590,11304,300,6795],"class_list":["product","first","instock","shipping-taxable","purchasable","product-type-simple"],"acf":[],"_links":{"self":[{"href":"https:\/\/mouldking.store\/es\/wp-json\/wp\/v2\/product\/43419","targetHints":{"allow":["GET"]}}],"collection":[{"href":"https:\/\/mouldking.store\/es\/wp-json\/wp\/v2\/product"}],"about":[{"href":"https:\/\/mouldking.store\/es\/wp-json\/wp\/v2\/types\/product"}],"replies":[{"embeddable":true,"href":"https:\/\/mouldking.store\/es\/wp-json\/wp\/v2\/comments?post=43419"}],"wp:featuredmedia":[{"embeddable":true,"href":"https:\/\/mouldking.store\/es\/wp-json\/wp\/v2\/media\/43413"}],"wp:attachment":[{"href":"https:\/\/mouldking.store\/es\/wp-json\/wp\/v2\/media?parent=43419"}],"wp:term":[{"taxonomy":"product_cat","embeddable":true,"href":"https:\/\/mouldking.store\/es\/wp-json\/wp\/v2\/product_cat?post=43419"},{"taxonomy":"product_tag","embeddable":true,"href":"https:\/\/mouldking.store\/es\/wp-json\/wp\/v2\/product_tag?post=43419"}],"curies":[{"name":"wp","href":"https:\/\/api.w.org\/{rel}","templated":true}]}}