{"id":43425,"date":"2023-03-24T11:07:31","date_gmt":"2023-03-24T04:07:31","guid":{"rendered":"https:\/\/mouldking.store\/shop\/moc-factory-89429-titanfall-vanguard-class-titan-fs-1041-with-993-pieces\/"},"modified":"2025-12-16T22:25:07","modified_gmt":"2025-12-16T15:25:07","slug":"moc-factory-89429-titanfall-vanguard-class-titan-fs-1041-with-993-pieces","status":"publish","type":"product","link":"https:\/\/mouldking.store\/es\/shop\/moc-factory-89429-titanfall-vanguard-class-titan-fs-1041-with-993-pieces\/","title":{"rendered":"MOC Factory 89429 Titanfall Vanguard-Class Titan FS-1041 con 993 piezas"},"content":{"rendered":"<div>\u2705 MOC-89429 Titanfall Vanguard-Class Titan FS-1041<\/p>\n<p>\u2705En el videojuego Titanfall, el Vanguard-Class Titan FS-1041 es un tipo de traje rob\u00f3tico gigante que los jugadores pueden pilotar en combate. El Vanguard-Class es uno de varios tipos de titanes disponibles en el juego y se destaca por su versatilidad y flexibilidad en la batalla.<\/p>\n<p>\ud83d\udeab \u00a1IMPORTANTE!<\/p>\n<p>Nombre del producto: Titanfall Vanguard-Class Titan FS-1041<\/p>\n<p>Categor\u00eda: Pel\u00edcula<\/p>\n<p>Este kit contiene: MOC-89429&nbsp;<\/p>\n<p>993 piezas de ladrillos de buena calidad<\/p>\n<p>Tama\u00f1o: 16 x 10 x 31,5 cm<\/p>\n<p>Peso: 0,45 kg<\/p>\n<p>Instrucciones en PDF<\/p>\n<p>\ud83d\udcccNaturaleza del protagonista<\/p>\n<p>Presentamos nuestra orgullosa colecci\u00f3n llamada &quot;Titanfall Vanguard-Class Titan FS-1041&quot; que no debe perderse.<\/p>\n<p>La variante FS-1041 del Vanguard-Class Titan est\u00e1 equipada con una variedad de armas y habilidades, que incluyen un poderoso ca\u00f1\u00f3n l\u00e1ser montado en el hombro, un rifle de r\u00e1faga y un bombardeo de misiles. El tit\u00e1n tambi\u00e9n tiene la capacidad de lanzarse y esquivar los ataques entrantes, as\u00ed como desplegar un escudo defensivo para protegerse a s\u00ed mismo y a los aliados cercanos.<\/p><\/div>","protected":false},"excerpt":{"rendered":"<p>Marca: MOC Factory<br \/>\nG\u00e9nero: Unisex<br \/>\nRango de edad: &gt; 6 a\u00f1os<br \/>\nN\u00famero de modelo: 89429<br \/>\nClasificaci\u00f3n: Ensamblaje<br \/>\nForma de bloque de pl\u00e1stico: Ladrillos autoblocantes<br \/>\nMaterial: Pl\u00e1stico<br \/>\nTipo de pl\u00e1stico: ABS<br \/>\nLadrillos Bloques: 993 +<br \/>\nSin caja original<\/p>","protected":false},"featured_media":43420,"comment_status":"open","ping_status":"closed","template":"","meta":{"_acf_changed":false},"product_cat":[1365,371,581,1408],"product_tag":[11072,8452,434,8220,11446,11628],"class_list":["product","first","instock","shipping-taxable","purchasable","product-type-simple"],"acf":[],"_links":{"self":[{"href":"https:\/\/mouldking.store\/es\/wp-json\/wp\/v2\/product\/43425","targetHints":{"allow":["GET"]}}],"collection":[{"href":"https:\/\/mouldking.store\/es\/wp-json\/wp\/v2\/product"}],"about":[{"href":"https:\/\/mouldking.store\/es\/wp-json\/wp\/v2\/types\/product"}],"replies":[{"embeddable":true,"href":"https:\/\/mouldking.store\/es\/wp-json\/wp\/v2\/comments?post=43425"}],"wp:featuredmedia":[{"embeddable":true,"href":"https:\/\/mouldking.store\/es\/wp-json\/wp\/v2\/media\/43420"}],"wp:attachment":[{"href":"https:\/\/mouldking.store\/es\/wp-json\/wp\/v2\/media?parent=43425"}],"wp:term":[{"taxonomy":"product_cat","embeddable":true,"href":"https:\/\/mouldking.store\/es\/wp-json\/wp\/v2\/product_cat?post=43425"},{"taxonomy":"product_tag","embeddable":true,"href":"https:\/\/mouldking.store\/es\/wp-json\/wp\/v2\/product_tag?post=43425"}],"curies":[{"name":"wp","href":"https:\/\/api.w.org\/{rel}","templated":true}]}}