{"id":43430,"date":"2023-03-24T11:19:39","date_gmt":"2023-03-24T04:19:39","guid":{"rendered":"https:\/\/mouldking.store\/shop\/moc-factory-128963-imperial-fortress-pirates-series-with-3287-pieces\/"},"modified":"2025-12-16T22:25:07","modified_gmt":"2025-12-16T15:25:07","slug":"moc-factory-128963-imperial-fortress-pirates-series-with-3287-pieces","status":"publish","type":"product","link":"https:\/\/mouldking.store\/es\/shop\/moc-factory-128963-imperial-fortress-pirates-series-with-3287-pieces\/","title":{"rendered":"MOC Factory 128963 Imperial Fortress Pirates Series con 3287 piezas"},"content":{"rendered":"<div>\u2705 MOC-128963 Serie Piratas de la Fortaleza Imperial<\/p>\n<p>\u2705Los piratas de la fortaleza son grupos conocidos por atacar y saquear estructuras fuertemente fortificadas, como castillos, fortalezas u otros tipos de edificios o asentamientos fortificados. Estos piratas utilizan t\u00e1cticas, armas o equipos especializados para romper las defensas y obtener acceso a recursos valiosos, como oro, armas u otros tesoros.<\/p>\n<p>\ud83d\udeab \u00a1IMPORTANTE!<\/p>\n<p>Nombre del producto: Serie Imperial Fortress Pirates<\/p>\n<p>Categor\u00eda: Creador<\/p>\n<p>Este kit contiene: C9214Y01<\/p>\n<p>3287 piezas de ladrillos de buena calidad<\/p>\n<p>Tama\u00f1o:60x51x51 cm<\/p>\n<p>Peso: 2,58 kg<\/p>\n<p>Instrucciones en PDF<\/p>\n<p>\ud83d\udcccNaturaleza del protagonista<\/p>\n<p>Presentamos nuestra orgullosa colecci\u00f3n llamada &quot;Imperial Fortress Pirates Series&quot; que no debe perderse.<\/p>\n<p>\u201cFortaleza imperial\u201d es una estructura o complejo fuertemente fortificado que pertenece o est\u00e1 controlado por un gobierno o imperio imperial. Esto podr\u00eda ser un castillo, una fortaleza, una base militar u otro tipo de fortaleza dise\u00f1ada para proteger contra ataques o invasiones enemigas.<\/p><\/div>","protected":false},"excerpt":{"rendered":"<p>Marca: MOC Factory<br \/>\nG\u00e9nero: Unisex<br \/>\nRango de edad: &gt; 8 a\u00f1os<br \/>\nN\u00famero de modelo: 128963<br \/>\nClasificaci\u00f3n: Ensamblaje<br \/>\nForma de bloque de pl\u00e1stico: Ladrillos autoblocantes<br \/>\nMaterial: Pl\u00e1stico<br \/>\nTipo de pl\u00e1stico: ABS<br \/>\nLadrillos Bloques: 3287 +<br \/>\nSin caja original<\/p>","protected":false},"featured_media":43426,"comment_status":"open","ping_status":"closed","template":"","meta":{"_acf_changed":false},"product_cat":[1365,1395,371,390],"product_tag":[11072,8452,8659,392,2429],"class_list":["product","first","instock","shipping-taxable","purchasable","product-type-simple"],"acf":[],"_links":{"self":[{"href":"https:\/\/mouldking.store\/es\/wp-json\/wp\/v2\/product\/43430","targetHints":{"allow":["GET"]}}],"collection":[{"href":"https:\/\/mouldking.store\/es\/wp-json\/wp\/v2\/product"}],"about":[{"href":"https:\/\/mouldking.store\/es\/wp-json\/wp\/v2\/types\/product"}],"replies":[{"embeddable":true,"href":"https:\/\/mouldking.store\/es\/wp-json\/wp\/v2\/comments?post=43430"}],"wp:featuredmedia":[{"embeddable":true,"href":"https:\/\/mouldking.store\/es\/wp-json\/wp\/v2\/media\/43426"}],"wp:attachment":[{"href":"https:\/\/mouldking.store\/es\/wp-json\/wp\/v2\/media?parent=43430"}],"wp:term":[{"taxonomy":"product_cat","embeddable":true,"href":"https:\/\/mouldking.store\/es\/wp-json\/wp\/v2\/product_cat?post=43430"},{"taxonomy":"product_tag","embeddable":true,"href":"https:\/\/mouldking.store\/es\/wp-json\/wp\/v2\/product_tag?post=43430"}],"curies":[{"name":"wp","href":"https:\/\/api.w.org\/{rel}","templated":true}]}}