{"id":43441,"date":"2023-03-24T11:39:15","date_gmt":"2023-03-24T04:39:15","guid":{"rendered":"https:\/\/mouldking.store\/shop\/moc-factory-48514-separatist-transport-shuttle-with-1933-pieces\/"},"modified":"2025-12-16T22:25:07","modified_gmt":"2025-12-16T15:25:07","slug":"moc-factory-48514-separatist-transport-shuttle-with-1933-pieces","status":"publish","type":"product","link":"https:\/\/mouldking.store\/es\/shop\/moc-factory-48514-separatist-transport-shuttle-with-1933-pieces\/","title":{"rendered":"MOC Factory 48514 lanzadera de transporte separatista con 1933 piezas"},"content":{"rendered":"<div>\u2705 MOC-48514 Lanzadera de Transporte Separatista<\/p>\n<p>\u2705En el universo de Star Wars, los transbordadores de transporte separatistas fueron naves espaciales utilizadas por la Confederaci\u00f3n de Sistemas Independientes durante las Guerras Clon, un gran conflicto representado en la trilog\u00eda de la precuela de Star Wars. Estos transbordadores se usaban t\u00edpicamente para transportar tropas, droides y suministros a diferentes frentes de batalla.<\/p>\n<p>\ud83d\udeab \u00a1IMPORTANTE!<\/p>\n<p>Nombre del producto: Lanzadera de transporte separatista<\/p>\n<p>Categor\u00eda: Guerra de las Galaxias<\/p>\n<p>Este kit contiene: MOC-48514&nbsp;<\/p>\n<p>1933 piezas de ladrillos de buena calidad<\/p>\n<p>Instrucciones en PDF<\/p>\n<p>\ud83d\udcccNaturaleza del protagonista<\/p>\n<p>Presentamos nuestra orgullosa colecci\u00f3n llamada &quot;Separatist Transport Shuttle&quot; que no debe perderse.<\/p>\n<p>Las lanzaderas de transporte separatistas fueron dise\u00f1adas con una forma elegante y angular y estaban fuertemente armadas con ca\u00f1ones l\u00e1ser y otras armas. Tambi\u00e9n estaban equipados con sensores avanzados y sistemas de comunicaci\u00f3n que les permit\u00edan operar de manera efectiva en una variedad de entornos.<\/p><\/div>","protected":false},"excerpt":{"rendered":"<p>Marca: MOC Factory<br \/>\nG\u00e9nero: Unisex<br \/>\nRango de edad: &gt; 12 a\u00f1os<br \/>\nN\u00famero de modelo: 48514<br \/>\nClasificaci\u00f3n: Ensamblaje<br \/>\nForma de bloque de pl\u00e1stico: Ladrillos autoblocantes<br \/>\nMaterial: Pl\u00e1stico<br \/>\nTipo de pl\u00e1stico: ABS<br \/>\nLadrillos Bloques: 1933 +<br \/>\nOrganizar tiempo: 4-8 semanas<\/p>","protected":false},"featured_media":43438,"comment_status":"open","ping_status":"closed","template":"","meta":{"_acf_changed":false},"product_cat":[1350,1357,372,581,415,364,1408],"product_tag":[374,434,11629,9235,436,389,11222],"class_list":["product","first","instock","shipping-taxable","purchasable","product-type-simple"],"acf":[],"_links":{"self":[{"href":"https:\/\/mouldking.store\/es\/wp-json\/wp\/v2\/product\/43441","targetHints":{"allow":["GET"]}}],"collection":[{"href":"https:\/\/mouldking.store\/es\/wp-json\/wp\/v2\/product"}],"about":[{"href":"https:\/\/mouldking.store\/es\/wp-json\/wp\/v2\/types\/product"}],"replies":[{"embeddable":true,"href":"https:\/\/mouldking.store\/es\/wp-json\/wp\/v2\/comments?post=43441"}],"wp:featuredmedia":[{"embeddable":true,"href":"https:\/\/mouldking.store\/es\/wp-json\/wp\/v2\/media\/43438"}],"wp:attachment":[{"href":"https:\/\/mouldking.store\/es\/wp-json\/wp\/v2\/media?parent=43441"}],"wp:term":[{"taxonomy":"product_cat","embeddable":true,"href":"https:\/\/mouldking.store\/es\/wp-json\/wp\/v2\/product_cat?post=43441"},{"taxonomy":"product_tag","embeddable":true,"href":"https:\/\/mouldking.store\/es\/wp-json\/wp\/v2\/product_tag?post=43441"}],"curies":[{"name":"wp","href":"https:\/\/api.w.org\/{rel}","templated":true}]}}