{"id":43450,"date":"2023-03-24T11:57:36","date_gmt":"2023-03-24T04:57:36","guid":{"rendered":"https:\/\/mouldking.store\/shop\/moc-factory-90066-42066-c-model-battleship-with-916-pieces\/"},"modified":"2025-12-16T22:25:07","modified_gmt":"2025-12-16T15:25:07","slug":"moc-factory-90066-42066-c-model-battleship-with-916-pieces","status":"publish","type":"product","link":"https:\/\/mouldking.store\/es\/shop\/moc-factory-90066-42066-c-model-battleship-with-916-pieces\/","title":{"rendered":"MOC Factory 90066 42066 C-model BATTLESHIP con 916 Piezas"},"content":{"rendered":"<div>\u2705 MOC-90066 42066 C-modelo ACORAZADO<\/p>\n<p>\u270542066 es un conjunto de brickTechnic que se lanz\u00f3 en 2017. El conjunto incluye piezas e instrucciones para construir un veh\u00edculo con orugas controlado a distancia (RC), que es el modelo principal del conjunto. Sin embargo, el conjunto tambi\u00e9n incluye instrucciones y piezas adicionales para construir un modelo C, que es un modelo alternativo que se puede construir usando el mismo conjunto de piezas.<\/p>\n<p>\ud83d\udeab \u00a1IMPORTANTE!<\/p>\n<p>Nombre del producto: 42066 C-modelo BATTLESHIP<\/p>\n<p>Categor\u00eda: T\u00e9cnica<\/p>\n<p>Este kit contiene: MOC-90066&nbsp;<\/p>\n<p>916 piezas de ladrillos de buena calidad<\/p>\n<p>Instrucciones en PDF<\/p>\n<p>\ud83d\udcccNaturaleza del protagonista<\/p>\n<p>Presentamos nuestra orgullosa colecci\u00f3n llamada &quot;42066 C-model BATTLESHIP&quot; que no debe perderse.<\/p>\n<p>El modelo C de 42066 es un acorazado, que es un tipo de buque de guerra naval con un casco fuertemente blindado y ca\u00f1ones de gran calibre. El modelo C del acorazado est\u00e1 dise\u00f1ado para construirse utilizando el mismo conjunto de piezas que el veh\u00edculo de orugas RC, y requiere un poco de desmontaje y reconfiguraci\u00f3n de las piezas del modelo principal. El modelo C del acorazado no es un dise\u00f1o de ladrillo oficial, sino una creaci\u00f3n hecha por fans que se puede construir usando las piezas del set 42066.<\/p><\/div>","protected":false},"excerpt":{"rendered":"<p>Marca: MOC Factory<br \/>\nG\u00e9nero: Unisex<br \/>\nRango de edad: &gt; 6 a\u00f1os<br \/>\nN\u00famero de modelo: 90066<br \/>\nClasificaci\u00f3n: Ensamblaje<br \/>\nForma de bloque de pl\u00e1stico: Ladrillos autoblocantes<br \/>\nMaterial: Pl\u00e1stico<br \/>\nTipo de pl\u00e1stico: ABS<br \/>\nLadrillos Bloques: 916 +<br \/>\nOrganizar tiempo: 4-8 semanas<\/p>","protected":false},"featured_media":43448,"comment_status":"open","ping_status":"closed","template":"","meta":{"_acf_changed":false},"product_cat":[1357,364],"product_tag":[5703,389,11080],"class_list":["product","first","instock","shipping-taxable","purchasable","product-type-simple"],"acf":[],"_links":{"self":[{"href":"https:\/\/mouldking.store\/es\/wp-json\/wp\/v2\/product\/43450","targetHints":{"allow":["GET"]}}],"collection":[{"href":"https:\/\/mouldking.store\/es\/wp-json\/wp\/v2\/product"}],"about":[{"href":"https:\/\/mouldking.store\/es\/wp-json\/wp\/v2\/types\/product"}],"replies":[{"embeddable":true,"href":"https:\/\/mouldking.store\/es\/wp-json\/wp\/v2\/comments?post=43450"}],"wp:featuredmedia":[{"embeddable":true,"href":"https:\/\/mouldking.store\/es\/wp-json\/wp\/v2\/media\/43448"}],"wp:attachment":[{"href":"https:\/\/mouldking.store\/es\/wp-json\/wp\/v2\/media?parent=43450"}],"wp:term":[{"taxonomy":"product_cat","embeddable":true,"href":"https:\/\/mouldking.store\/es\/wp-json\/wp\/v2\/product_cat?post=43450"},{"taxonomy":"product_tag","embeddable":true,"href":"https:\/\/mouldking.store\/es\/wp-json\/wp\/v2\/product_tag?post=43450"}],"curies":[{"name":"wp","href":"https:\/\/api.w.org\/{rel}","templated":true}]}}