{"id":43458,"date":"2023-03-24T12:19:51","date_gmt":"2023-03-24T05:19:51","guid":{"rendered":"https:\/\/mouldking.store\/shop\/moc-factory-130810-german-coast-guard-cruiser-as-swath-ship-borkum-with-7330-pieces\/"},"modified":"2025-12-16T22:25:07","modified_gmt":"2025-12-16T15:25:07","slug":"moc-factory-130810-german-coast-guard-cruiser-as-swath-ship-borkum-with-7330-pieces","status":"publish","type":"product","link":"https:\/\/mouldking.store\/es\/shop\/moc-factory-130810-german-coast-guard-cruiser-as-swath-ship-borkum-with-7330-pieces\/","title":{"rendered":"MOC Factory 130810 Crucero de la Guardia Costera alemana como barco SWATH &quot;BORKUM&quot; con 7330 piezas"},"content":{"rendered":"<div>\u2705 MOC-130810 Crucero de la Guardia Costera alemana como barco SWATH \u201cBORKUM\u201d<\/p>\n<p>\u2705El \u201cBorkum\u201d es un barco SWATH de 85 metros de eslora que fue construido en 2010 por el astillero Abeking &amp; Rasmussen en Alemania. Es utilizado por la Polic\u00eda Federal Alemana para una variedad de misiones, incluida la protecci\u00f3n de fronteras, el control de la pesca, la lucha contra el terrorismo y la protecci\u00f3n del medio ambiente.<\/p>\n<p>\ud83d\udeab \u00a1IMPORTANTE!<\/p>\n<p>Nombre del producto: Crucero de la Guardia Costera alemana como barco SWATH &quot;BORKUM&quot;<\/p>\n<p>Categor\u00eda: T\u00e9cnica<\/p>\n<p>Este kit contiene: MOC-130810<\/p>\n<p>7330 piezas de ladrillos de buena calidad<\/p>\n<p>Tama\u00f1o: 67,3x28,3x39 cm<\/p>\n<p>Peso: 8,1 kg<\/p>\n<p>Instrucciones en PDF<\/p>\n<p>\ud83d\udcccNaturaleza del protagonista<\/p>\n<p>Presentamos nuestra orgullosa colecci\u00f3n llamada &quot;Crucero de la Guardia Costera Alemana como SWATH Ship &quot;BORKUM&quot;&quot; que no debe perderse.<\/p>\n<p>El barco tiene una velocidad m\u00e1xima de alrededor de 18 nudos y est\u00e1 equipado con una gama de sistemas de vigilancia y comunicaci\u00f3n, as\u00ed como un helipuerto para helic\u00f3pteros.<\/p><\/div>","protected":false},"excerpt":{"rendered":"<p>Marca: MOC Factory<br \/>\nG\u00e9nero: Unisex<br \/>\nRango de edad: &gt; 6 a\u00f1os<br \/>\nN\u00famero de modelo: 130810<br \/>\nClasificaci\u00f3n: Ensamblaje<br \/>\nForma de bloque de pl\u00e1stico: Ladrillos autoblocantes<br \/>\nMaterial: Pl\u00e1stico<br \/>\nTipo de pl\u00e1stico: ABS<br \/>\nLadrillos Bloques: 7330 +<br \/>\nOrganizar tiempo: 4-8 semanas<\/p>","protected":false},"featured_media":43455,"comment_status":"open","ping_status":"closed","template":"","meta":{"_acf_changed":false},"product_cat":[1357,364],"product_tag":[11632,11189,5541,10294,11630,304,11631,389,11080],"class_list":["product","first","instock","shipping-taxable","purchasable","product-type-simple"],"acf":[],"_links":{"self":[{"href":"https:\/\/mouldking.store\/es\/wp-json\/wp\/v2\/product\/43458","targetHints":{"allow":["GET"]}}],"collection":[{"href":"https:\/\/mouldking.store\/es\/wp-json\/wp\/v2\/product"}],"about":[{"href":"https:\/\/mouldking.store\/es\/wp-json\/wp\/v2\/types\/product"}],"replies":[{"embeddable":true,"href":"https:\/\/mouldking.store\/es\/wp-json\/wp\/v2\/comments?post=43458"}],"wp:featuredmedia":[{"embeddable":true,"href":"https:\/\/mouldking.store\/es\/wp-json\/wp\/v2\/media\/43455"}],"wp:attachment":[{"href":"https:\/\/mouldking.store\/es\/wp-json\/wp\/v2\/media?parent=43458"}],"wp:term":[{"taxonomy":"product_cat","embeddable":true,"href":"https:\/\/mouldking.store\/es\/wp-json\/wp\/v2\/product_cat?post=43458"},{"taxonomy":"product_tag","embeddable":true,"href":"https:\/\/mouldking.store\/es\/wp-json\/wp\/v2\/product_tag?post=43458"}],"curies":[{"name":"wp","href":"https:\/\/api.w.org\/{rel}","templated":true}]}}