{"id":43463,"date":"2023-03-24T12:29:18","date_gmt":"2023-03-24T05:29:18","guid":{"rendered":"https:\/\/mouldking.store\/shop\/moc-factory-36027-libra-cafe-with-2287-pieces\/"},"modified":"2025-12-16T22:25:06","modified_gmt":"2025-12-16T15:25:06","slug":"moc-factory-36027-libra-cafe-with-2287-pieces","status":"publish","type":"product","link":"https:\/\/mouldking.store\/es\/shop\/moc-factory-36027-libra-cafe-with-2287-pieces\/","title":{"rendered":"MOC Factory 36027 Libra Caf\u00e9 con 2287 Piezas"},"content":{"rendered":"<div>\u2705 MOC-36027 Caf\u00e9 Libra<\/p>\n<p>\u270510270 es un conjunto de construcci\u00f3n modular de ladrillos Creator Expert que se lanz\u00f3 en 2020. Permite a los constructores construir una librer\u00eda detallada de tres pisos y un edificio de casas adosadas que se pueden combinar con otros edificios modulares de la serie para crear una escena callejera m\u00e1s grande.<\/p>\n<p>\ud83d\udeab \u00a1IMPORTANTE!<\/p>\n<p>Nombre del producto: Caf\u00e9 Libra<\/p>\n<p>Categor\u00eda: Edificio Modular<\/p>\n<p>Este kit contiene: MOC-36027<\/p>\n<p>2287 piezas de ladrillos de buena calidad<\/p>\n<p>Instrucciones en PDF<\/p>\n<p>\ud83d\udcccNaturaleza del protagonista<\/p>\n<p>Presentamos nuestra orgullosa colecci\u00f3n llamada &quot;Libra Caf\u00e9&quot; que no debe perderse.<\/p>\n<p>Libra Caf\u00e9 (10270 Bookshop Alternate Model Modular) es un modelo alternativo para este juego. Estos modelos alternativos pueden variar desde edificios completamente nuevos hasta veh\u00edculos u otras estructuras que utilizan las piezas de formas \u00fanicas.<\/p><\/div>","protected":false},"excerpt":{"rendered":"<p>Marca: MOC Factory<br \/>\nG\u00e9nero: Unisex<br \/>\nRango de edad: &gt; 6 a\u00f1os<br \/>\nN\u00famero de modelo: 36027<br \/>\nClasificaci\u00f3n: Ensamblaje<br \/>\nForma de bloque de pl\u00e1stico: Ladrillos autoblocantes<br \/>\nMaterial: Pl\u00e1stico<br \/>\nTipo de pl\u00e1stico: ABS<br \/>\nLadrillos Bloques: 2287 +<br \/>\nOrganizar tiempo: 4-8 semanas<\/p>","protected":false},"featured_media":43459,"comment_status":"open","ping_status":"closed","template":"","meta":{"_acf_changed":false},"product_cat":[1395,390],"product_tag":[727,11634,4883,11633,392],"class_list":["product","first","instock","shipping-taxable","purchasable","product-type-simple"],"acf":[],"_links":{"self":[{"href":"https:\/\/mouldking.store\/es\/wp-json\/wp\/v2\/product\/43463","targetHints":{"allow":["GET"]}}],"collection":[{"href":"https:\/\/mouldking.store\/es\/wp-json\/wp\/v2\/product"}],"about":[{"href":"https:\/\/mouldking.store\/es\/wp-json\/wp\/v2\/types\/product"}],"replies":[{"embeddable":true,"href":"https:\/\/mouldking.store\/es\/wp-json\/wp\/v2\/comments?post=43463"}],"wp:featuredmedia":[{"embeddable":true,"href":"https:\/\/mouldking.store\/es\/wp-json\/wp\/v2\/media\/43459"}],"wp:attachment":[{"href":"https:\/\/mouldking.store\/es\/wp-json\/wp\/v2\/media?parent=43463"}],"wp:term":[{"taxonomy":"product_cat","embeddable":true,"href":"https:\/\/mouldking.store\/es\/wp-json\/wp\/v2\/product_cat?post=43463"},{"taxonomy":"product_tag","embeddable":true,"href":"https:\/\/mouldking.store\/es\/wp-json\/wp\/v2\/product_tag?post=43463"}],"curies":[{"name":"wp","href":"https:\/\/api.w.org\/{rel}","templated":true}]}}