{"id":43467,"date":"2023-03-24T12:37:22","date_gmt":"2023-03-24T05:37:22","guid":{"rendered":"https:\/\/mouldking.store\/shop\/moc-factory-14123-the-lounge-10253-big-ben-alternate-model-modular-with-3802-pieces\/"},"modified":"2025-12-16T22:25:06","modified_gmt":"2025-12-16T15:25:06","slug":"moc-factory-14123-the-lounge-10253-big-ben-alternate-model-modular-with-3802-pieces","status":"publish","type":"product","link":"https:\/\/mouldking.store\/es\/shop\/moc-factory-14123-the-lounge-10253-big-ben-alternate-model-modular-with-3802-pieces\/","title":{"rendered":"MOC Factory 14123 The Lounge (10253 Big Ben Alternate Model Modular) con 3802 piezas"},"content":{"rendered":"<div>\u2705 MOC-14123 The Lounge (10253 Big Ben Modelo alternativo modular)<\/p>\n<p>\u2705The Lounge es un club o sal\u00f3n privado que atiende a personas adineradas o influyentes. Estos tipos de salones a menudo ofrecen comodidades como asientos c\u00f3modos, comidas y bebidas excelentes y otros lujos que normalmente no est\u00e1n disponibles en los espacios p\u00fablicos. Tambi\u00e9n pueden ofrecer oportunidades para establecer contactos y una oportunidad para que los miembros socialicen con otros en sus c\u00edrculos sociales o profesionales.<\/p>\n<p>\ud83d\udeab \u00a1IMPORTANTE!<\/p>\n<p>Nombre del producto: The Lounge (10253 Big Ben Modelo alternativo modular)<\/p>\n<p>Categor\u00eda: Edificio Modular<\/p>\n<p>Este kit contiene: MOC-14123<\/p>\n<p>3802 piezas de ladrillos de buena calidad<\/p>\n<p>Instrucciones en PDF<\/p>\n<p>\ud83d\udcccNaturaleza del protagonista<\/p>\n<p>Presentamos nuestra orgullosa colecci\u00f3n llamada &quot;The Lounge (10253 Big Ben Alternate Model Modular)&quot; que no debe perderse.<\/p>\n<p>The Lounge es un lugar donde la clase alta viene a relajarse despu\u00e9s de un d\u00eda duro. Con una impresionante vista al mar y un aura exquisita de exclusividad, este modular de alta gama ser\u00e1 un punto culminante de cualquier ciudad. Proporciona una excelente manera de terminar una hilera de casas sin recurrir a las aburridas placas de carretera.<\/p><\/div>","protected":false},"excerpt":{"rendered":"<p>Marca: MOC Factory<br \/>\nG\u00e9nero: Unisex<br \/>\nRango de edad: &gt; 6 a\u00f1os<br \/>\nN\u00famero de modelo: 14123<br \/>\nClasificaci\u00f3n: Ensamblaje<br \/>\nForma de bloque de pl\u00e1stico: Ladrillos autoblocantes<br \/>\nMaterial: Pl\u00e1stico<br \/>\nTipo de pl\u00e1stico: ABS<br \/>\nLadrillos Bloques: 3802 +<br \/>\nOrganizar tiempo: 4-8 semanas<\/p>","protected":false},"featured_media":43464,"comment_status":"open","ping_status":"closed","template":"","meta":{"_acf_changed":false},"product_cat":[1395,390],"product_tag":[11635,4883,392],"class_list":["product","first","instock","shipping-taxable","purchasable","product-type-simple"],"acf":[],"_links":{"self":[{"href":"https:\/\/mouldking.store\/es\/wp-json\/wp\/v2\/product\/43467","targetHints":{"allow":["GET"]}}],"collection":[{"href":"https:\/\/mouldking.store\/es\/wp-json\/wp\/v2\/product"}],"about":[{"href":"https:\/\/mouldking.store\/es\/wp-json\/wp\/v2\/types\/product"}],"replies":[{"embeddable":true,"href":"https:\/\/mouldking.store\/es\/wp-json\/wp\/v2\/comments?post=43467"}],"wp:featuredmedia":[{"embeddable":true,"href":"https:\/\/mouldking.store\/es\/wp-json\/wp\/v2\/media\/43464"}],"wp:attachment":[{"href":"https:\/\/mouldking.store\/es\/wp-json\/wp\/v2\/media?parent=43467"}],"wp:term":[{"taxonomy":"product_cat","embeddable":true,"href":"https:\/\/mouldking.store\/es\/wp-json\/wp\/v2\/product_cat?post=43467"},{"taxonomy":"product_tag","embeddable":true,"href":"https:\/\/mouldking.store\/es\/wp-json\/wp\/v2\/product_tag?post=43467"}],"curies":[{"name":"wp","href":"https:\/\/api.w.org\/{rel}","templated":true}]}}