{"id":43519,"date":"2023-03-27T16:18:59","date_gmt":"2023-03-27T09:18:59","guid":{"rendered":"https:\/\/mouldking.store\/shop\/dk-80009-boeing-787-airplane-with-1353-pieces\/"},"modified":"2023-03-27T16:18:59","modified_gmt":"2023-03-27T09:18:59","slug":"dk-80009-boeing-787-airplane-with-1353-pieces","status":"publish","type":"product","link":"https:\/\/mouldking.store\/es\/shop\/dk-80009-boeing-787-airplane-with-1353-pieces\/","title":{"rendered":"DK 80009 Avi\u00f3n Boeing 787 con 1353 Piezas"},"content":{"rendered":"<div>\u2705 DK 80009 Avi\u00f3n Boeing 787<br \/>&nbsp;<br \/>\u2705El Boeing 787, tambi\u00e9n conocido como Dreamliner, es un avi\u00f3n comercial desarrollado por el fabricante de aviones estadounidense Boeing. Es un avi\u00f3n bimotor de fuselaje ancho y largo alcance dise\u00f1ado para transportar entre 200 y 330 pasajeros, seg\u00fan la variante y la configuraci\u00f3n de los asientos.<br \/>&nbsp;<br \/>\ud83d\udeab \u00a1IMPORTANTE!&nbsp;<br \/>&nbsp;<br \/>Nombre del producto: Avi\u00f3n Boeing 787<br \/>&nbsp;<br \/>Categor\u00eda: T\u00e9cnica<br \/>&nbsp;<br \/>Este kit contiene: DK 80009<br \/>&nbsp;<br \/>1353 piezas de ladrillos de buena calidad&nbsp;<br \/>&nbsp;<br \/>Tama\u00f1o: 67 \u00d7 66 \u00d7 29 cm<br \/>&nbsp;<br \/>Instrucciones manuales&nbsp;<br \/>&nbsp;<br \/>\ud83d\udcccNaturaleza del protagonista&nbsp;<br \/>&nbsp;<br \/>Presentamos nuestra orgullosa colecci\u00f3n llamada &quot;Boeing 787 Airplane&quot; que no debe perderse.&nbsp;<br \/>&nbsp;<br \/>El 787 se destaca por sus caracter\u00edsticas y tecnolog\u00edas avanzadas, incluido el uso extensivo de materiales compuestos livianos en su construcci\u00f3n, lo que ayuda a reducir su peso y consumo de combustible. Tambi\u00e9n cuenta con grandes ventanas regulables electr\u00f3nicamente, aerodin\u00e1mica avanzada y una cabina de vuelo de \u00faltima generaci\u00f3n con avi\u00f3nica avanzada y controles fly-by-wire.<\/div>","protected":false},"excerpt":{"rendered":"<p>Marca: DK<br \/>\nG\u00e9nero: Unisex<br \/>\nRango de edad: &gt; 6 a\u00f1os<br \/>\nN\u00famero de modelo: 80009<br \/>\nClasificaci\u00f3n: Ensamblaje<br \/>\nForma de bloque de pl\u00e1stico: Ladrillos autoblocantes<br \/>\nMaterial: Pl\u00e1stico<br \/>\nTipo de pl\u00e1stico: ABS<br \/>\nLadrillos Bloques: 1353 +<br \/>\nSin caja original<\/p>","protected":false},"featured_media":43514,"comment_status":"open","ping_status":"closed","template":"","meta":{"_acf_changed":false},"product_cat":[1357,364],"product_tag":[11092,3191,389,11080],"class_list":["product","first","instock","shipping-taxable","purchasable","product-type-simple"],"acf":[],"_links":{"self":[{"href":"https:\/\/mouldking.store\/es\/wp-json\/wp\/v2\/product\/43519","targetHints":{"allow":["GET"]}}],"collection":[{"href":"https:\/\/mouldking.store\/es\/wp-json\/wp\/v2\/product"}],"about":[{"href":"https:\/\/mouldking.store\/es\/wp-json\/wp\/v2\/types\/product"}],"replies":[{"embeddable":true,"href":"https:\/\/mouldking.store\/es\/wp-json\/wp\/v2\/comments?post=43519"}],"wp:featuredmedia":[{"embeddable":true,"href":"https:\/\/mouldking.store\/es\/wp-json\/wp\/v2\/media\/43514"}],"wp:attachment":[{"href":"https:\/\/mouldking.store\/es\/wp-json\/wp\/v2\/media?parent=43519"}],"wp:term":[{"taxonomy":"product_cat","embeddable":true,"href":"https:\/\/mouldking.store\/es\/wp-json\/wp\/v2\/product_cat?post=43519"},{"taxonomy":"product_tag","embeddable":true,"href":"https:\/\/mouldking.store\/es\/wp-json\/wp\/v2\/product_tag?post=43519"}],"curies":[{"name":"wp","href":"https:\/\/api.w.org\/{rel}","templated":true}]}}