{"id":43539,"date":"2023-03-27T16:54:38","date_gmt":"2023-03-27T09:54:38","guid":{"rendered":"https:\/\/mouldking.store\/shop\/pantasy-86231-neogeo-game-arcade-with-3000-pieces\/"},"modified":"2023-03-27T16:54:38","modified_gmt":"2023-03-27T09:54:38","slug":"pantasy-86231-neogeo-game-arcade-with-3000-pieces","status":"publish","type":"product","link":"https:\/\/mouldking.store\/es\/shop\/pantasy-86231-neogeo-game-arcade-with-3000-pieces\/","title":{"rendered":"Pantasy 86231 NEOGEO Juego Arcade con 3000 Piezas"},"content":{"rendered":"<div>\u2705 Pantasy 86231 NEOGEO Juego Arcade&nbsp;<br \/>&nbsp;<br \/>\u2705NEOGEO es una consola y sistema arcade de videojuegos desarrollado por la empresa japonesa SNK (anteriormente conocida como Shin Nihon Kikaku). Fue lanzado por primera vez en 1990 como un sistema arcade de gama alta que pod\u00eda manejar juegos de estilo arcade de alta calidad con gr\u00e1ficos avanzados y capacidades de sonido.<br \/>&nbsp;<br \/>\ud83d\udeab \u00a1IMPORTANTE!&nbsp;<br \/>&nbsp;<br \/>Nombre del producto: Arcade de juegos NEOGEO&nbsp;<br \/>&nbsp;<br \/>Categor\u00eda: Creador&nbsp;<br \/>&nbsp;<br \/>Este kit contiene: Pantasy 86231&nbsp;<br \/>&nbsp;<br \/>3000 piezas de ladrillos de buena calidad&nbsp;<br \/>&nbsp;<br \/>Tama\u00f1o: 24x24x17cm<br \/>&nbsp;<br \/>Instrucciones manuales&nbsp;<br \/>&nbsp;<br \/>\ud83d\udcccNaturaleza del protagonista&nbsp;<br \/>&nbsp;<br \/>Presentamos nuestra orgullosa colecci\u00f3n llamada &quot;NEOGEO Game Arcade&quot; que no debe perderse.&nbsp;<br \/>&nbsp;<br \/>Los gabinetes de arcade NEOGEO se distinguieron por sus dise\u00f1os coloridos y controles de bot\u00f3n y joystick de estilo arcade. A menudo se encontraban en salas de juegos y otros lugares de entretenimiento p\u00fablico, donde los jugadores pod\u00edan disfrutar de juegos cl\u00e1sicos como &quot;Metal Slug&quot;, &quot;The King of Fighters&quot;, &quot;Samurai Shodown&quot; y &quot;Fatal Fury&quot;. Adem\u00e1s del sistema arcade, SNK tambi\u00e9n lanz\u00f3 una versi\u00f3n de consola dom\u00e9stica de NEOGEO en 1991. La consola dom\u00e9stica NEOGEO era conocida por su alto precio y por el hecho de que usaba el mismo hardware que el sistema arcade, lo que la hac\u00eda costosa pero tambi\u00e9n permiti\u00f3 juegos de calidad arcade en el hogar.<\/div>","protected":false},"excerpt":{"rendered":"<p>Marca: Pantasy<br \/>\nG\u00e9nero: Unisex<br \/>\nRango de edad: &gt; 6 a\u00f1os<br \/>\nN\u00famero de modelo: 86231<br \/>\nClasificaci\u00f3n: Ensamblaje<br \/>\nForma de bloque de pl\u00e1stico: Ladrillos autoblocantes<br \/>\nMaterial: Pl\u00e1stico<br \/>\nTipo de pl\u00e1stico: ABS<br \/>\nLadrillos Bloques: 3000 +<br \/>\nSin caja original<br \/>\nsin minifiguras<br \/>\nLas piezas pueden cambiar<\/p>","protected":false},"featured_media":43533,"comment_status":"open","ping_status":"closed","template":"","meta":{"_acf_changed":false},"product_cat":[1365,371],"product_tag":[8605,11072,8452,9139],"class_list":["product","first","instock","shipping-taxable","purchasable","product-type-simple"],"acf":[],"_links":{"self":[{"href":"https:\/\/mouldking.store\/es\/wp-json\/wp\/v2\/product\/43539","targetHints":{"allow":["GET"]}}],"collection":[{"href":"https:\/\/mouldking.store\/es\/wp-json\/wp\/v2\/product"}],"about":[{"href":"https:\/\/mouldking.store\/es\/wp-json\/wp\/v2\/types\/product"}],"replies":[{"embeddable":true,"href":"https:\/\/mouldking.store\/es\/wp-json\/wp\/v2\/comments?post=43539"}],"wp:featuredmedia":[{"embeddable":true,"href":"https:\/\/mouldking.store\/es\/wp-json\/wp\/v2\/media\/43533"}],"wp:attachment":[{"href":"https:\/\/mouldking.store\/es\/wp-json\/wp\/v2\/media?parent=43539"}],"wp:term":[{"taxonomy":"product_cat","embeddable":true,"href":"https:\/\/mouldking.store\/es\/wp-json\/wp\/v2\/product_cat?post=43539"},{"taxonomy":"product_tag","embeddable":true,"href":"https:\/\/mouldking.store\/es\/wp-json\/wp\/v2\/product_tag?post=43539"}],"curies":[{"name":"wp","href":"https:\/\/api.w.org\/{rel}","templated":true}]}}