{"id":43546,"date":"2023-03-27T17:02:01","date_gmt":"2023-03-27T10:02:01","guid":{"rendered":"https:\/\/mouldking.store\/shop\/pantasy-86218-sherlock-holmes-apartment-221b-with-2000-pieces\/"},"modified":"2023-03-27T17:02:01","modified_gmt":"2023-03-27T10:02:01","slug":"pantasy-86218-sherlock-holmes-apartment-221b-with-2000-pieces","status":"publish","type":"product","link":"https:\/\/mouldking.store\/es\/shop\/pantasy-86218-sherlock-holmes-apartment-221b-with-2000-pieces\/","title":{"rendered":"Pantasy 86218 Sherlock Holmes Apartamento 221B con 2000 Piezas"},"content":{"rendered":"<div>\u2705 Pantasy 86218 Sherlock Holmes Apartamento 221B<br \/>&nbsp;<br \/>\u2705221B Baker Street es una direcci\u00f3n ficticia en Londres, Inglaterra, famosa por ser la residencia del detective ficticio Sherlock Holmes en las historias escritas por Sir Arthur Conan Doyle. En las historias, 221B Baker Street se describe como un apartamento de dos pisos que sirvi\u00f3 como hogar y oficina de Holmes y su asistente, el Dr. John Watson.<br \/>&nbsp;<br \/>\ud83d\udeab \u00a1IMPORTANTE!&nbsp;<br \/>&nbsp;<br \/>Nombre del producto: Apartamento Sherlock Holmes 221B<br \/>&nbsp;<br \/>Categor\u00eda: Creador&nbsp;<br \/>&nbsp;<br \/>Este kit contiene: Pantasy 86218<br \/>&nbsp;<br \/>2000 piezas de ladrillos de buena calidad&nbsp;<br \/>&nbsp;<br \/>Tama\u00f1o: 35,5 \u00d7 19,5 \u00d7 9,3 cm<br \/>&nbsp;<br \/>Instrucciones manuales&nbsp;<br \/>&nbsp;<br \/>\ud83d\udcccNaturaleza del protagonista&nbsp;<br \/>&nbsp;<br \/>Presentamos nuestra orgullosa colecci\u00f3n llamada &quot;Sherlock Holmes Apartment 221B&quot; que no debe perderse.&nbsp;<br \/>&nbsp;<br \/>Si bien 221B Baker Street es un lugar ficticio, se ha convertido en una popular atracci\u00f3n tur\u00edstica en Londres. Hoy, un museo llamado Sherlock Holmes Museum est\u00e1 ubicado en la direcci\u00f3n y est\u00e1 dise\u00f1ado para parecerse al apartamento descrito en las historias. El museo contiene varios artefactos y exhibiciones relacionadas con Sherlock Holmes, incluidos muebles, accesorios y disfraces de varias adaptaciones cinematogr\u00e1ficas y televisivas de las historias.<\/div>","protected":false},"excerpt":{"rendered":"<p>Marca: Pantasy<br \/>\nG\u00e9nero: Unisex<br \/>\nRango de edad: &gt; 6 a\u00f1os<br \/>\nN\u00famero de modelo: 86218<br \/>\nClasificaci\u00f3n: Ensamblaje<br \/>\nForma de bloque de pl\u00e1stico: Ladrillos autoblocantes<br \/>\nMaterial: Pl\u00e1stico<br \/>\nTipo de pl\u00e1stico: ABS<br \/>\nLadrillos Bloques: 2000 +<br \/>\nSin caja original<br \/>\nLas piezas pueden cambiar<\/p>","protected":false},"featured_media":43540,"comment_status":"open","ping_status":"closed","template":"","meta":{"_acf_changed":false},"product_cat":[1365,1395,371,390],"product_tag":[11155,11072,8452,392,7472],"class_list":["product","first","instock","shipping-taxable","purchasable","product-type-simple"],"acf":[],"_links":{"self":[{"href":"https:\/\/mouldking.store\/es\/wp-json\/wp\/v2\/product\/43546","targetHints":{"allow":["GET"]}}],"collection":[{"href":"https:\/\/mouldking.store\/es\/wp-json\/wp\/v2\/product"}],"about":[{"href":"https:\/\/mouldking.store\/es\/wp-json\/wp\/v2\/types\/product"}],"replies":[{"embeddable":true,"href":"https:\/\/mouldking.store\/es\/wp-json\/wp\/v2\/comments?post=43546"}],"wp:featuredmedia":[{"embeddable":true,"href":"https:\/\/mouldking.store\/es\/wp-json\/wp\/v2\/media\/43540"}],"wp:attachment":[{"href":"https:\/\/mouldking.store\/es\/wp-json\/wp\/v2\/media?parent=43546"}],"wp:term":[{"taxonomy":"product_cat","embeddable":true,"href":"https:\/\/mouldking.store\/es\/wp-json\/wp\/v2\/product_cat?post=43546"},{"taxonomy":"product_tag","embeddable":true,"href":"https:\/\/mouldking.store\/es\/wp-json\/wp\/v2\/product_tag?post=43546"}],"curies":[{"name":"wp","href":"https:\/\/api.w.org\/{rel}","templated":true}]}}