{"id":43558,"date":"2023-03-27T17:16:55","date_gmt":"2023-03-27T10:16:55","guid":{"rendered":"https:\/\/mouldking.store\/shop\/decool-jisi-16809-coffee-machine-with-678-pieces\/"},"modified":"2023-03-27T17:16:55","modified_gmt":"2023-03-27T10:16:55","slug":"decool-jisi-16809-coffee-machine-with-678-pieces","status":"publish","type":"product","link":"https:\/\/mouldking.store\/es\/shop\/decool-jisi-16809-coffee-machine-with-678-pieces\/","title":{"rendered":"Cafetera DECOOL \/ JiSi 16809 con 678 Piezas"},"content":{"rendered":"<div>\u2705 Cafetera DECOOL 16809<br \/>&nbsp;<br \/>\u2705Una cafetera es un aparato que est\u00e1 dise\u00f1ado para preparar caf\u00e9 de forma autom\u00e1tica, con el m\u00ednimo esfuerzo manual. Hay muchos tipos diferentes de m\u00e1quinas de caf\u00e9 disponibles, cada una con sus propias caracter\u00edsticas y m\u00e9todos de preparaci\u00f3n \u00fanicos.<br \/>&nbsp;<br \/>\ud83d\udeab \u00a1IMPORTANTE!&nbsp;<br \/>&nbsp;<br \/>Nombre del producto: Cafetera<br \/>&nbsp;<br \/>Categor\u00eda: Creador&nbsp;<br \/>&nbsp;<br \/>Este kit contiene: DECOOL 16809&nbsp;<br \/>&nbsp;<br \/>678 piezas de ladrillos de buena calidad&nbsp;<br \/>&nbsp;<br \/>Tama\u00f1o: 11 \u00d7 16 \u00d7 19 cm<br \/>&nbsp;<br \/>Instrucciones manuales&nbsp;<br \/>&nbsp;<br \/>\ud83d\udcccNaturaleza del protagonista&nbsp;<br \/>&nbsp;<br \/>Presentamos nuestra orgullosa colecci\u00f3n llamada &quot;M\u00e1quina de caf\u00e9&quot; que no debe perderse.&nbsp;<br \/>&nbsp;<br \/>El funcionamiento de una m\u00e1quina de caf\u00e9 depende del tipo de m\u00e1quina. Por lo general, las cafeteras funcionan utilizando agua caliente y posos de caf\u00e9 para extraer el sabor y el aroma del caf\u00e9. La mec\u00e1nica espec\u00edfica de la m\u00e1quina depender\u00e1 de su dise\u00f1o y tipo.<\/div>","protected":false},"excerpt":{"rendered":"<p>Marca: DECOOL<br \/>\nG\u00e9nero: Unisex<br \/>\nRango de edad: &gt; 8 a\u00f1os<br \/>\nN\u00famero de modelo: 16809<br \/>\nClasificaci\u00f3n: Ensamblaje<br \/>\nForma de bloque de pl\u00e1stico: Ladrillos autoblocantes<br \/>\nMaterial: Pl\u00e1stico<br \/>\nTipo de pl\u00e1stico: ABS<br \/>\nLadrillos Bloques: 678 +<br \/>\nSin caja original<\/p>","protected":false},"featured_media":43553,"comment_status":"open","ping_status":"closed","template":"","meta":{"_acf_changed":false},"product_cat":[1365,371],"product_tag":[5228,7821,11072,8452],"class_list":["product","first","instock","shipping-taxable","purchasable","product-type-simple"],"acf":[],"_links":{"self":[{"href":"https:\/\/mouldking.store\/es\/wp-json\/wp\/v2\/product\/43558","targetHints":{"allow":["GET"]}}],"collection":[{"href":"https:\/\/mouldking.store\/es\/wp-json\/wp\/v2\/product"}],"about":[{"href":"https:\/\/mouldking.store\/es\/wp-json\/wp\/v2\/types\/product"}],"replies":[{"embeddable":true,"href":"https:\/\/mouldking.store\/es\/wp-json\/wp\/v2\/comments?post=43558"}],"wp:featuredmedia":[{"embeddable":true,"href":"https:\/\/mouldking.store\/es\/wp-json\/wp\/v2\/media\/43553"}],"wp:attachment":[{"href":"https:\/\/mouldking.store\/es\/wp-json\/wp\/v2\/media?parent=43558"}],"wp:term":[{"taxonomy":"product_cat","embeddable":true,"href":"https:\/\/mouldking.store\/es\/wp-json\/wp\/v2\/product_cat?post=43558"},{"taxonomy":"product_tag","embeddable":true,"href":"https:\/\/mouldking.store\/es\/wp-json\/wp\/v2\/product_tag?post=43558"}],"curies":[{"name":"wp","href":"https:\/\/api.w.org\/{rel}","templated":true}]}}