{"id":43576,"date":"2023-03-27T17:55:22","date_gmt":"2023-03-27T10:55:22","guid":{"rendered":"https:\/\/mouldking.store\/shop\/moc-factory-105368-the-lost-temple-with-2915-pieces\/"},"modified":"2025-12-16T22:25:05","modified_gmt":"2025-12-16T15:25:05","slug":"moc-factory-105368-the-lost-temple-with-2915-pieces","status":"publish","type":"product","link":"https:\/\/mouldking.store\/es\/shop\/moc-factory-105368-the-lost-temple-with-2915-pieces\/","title":{"rendered":"MOC Factory 105368 El Templo Perdido con 2915 Piezas"},"content":{"rendered":"<div>\u2705 MOC-105368 El templo perdido<\/p>\n<p>\u2705Con un templo de estilo azteca con muchas caracter\u00edsticas por dentro y por fuera. Completo con trampas mecanizadas y techo de p\u00faas que se derrumba en un impresionante entorno de isla selv\u00e1tica.<\/p>\n<p>\ud83d\udeab \u00a1IMPORTANTE!<\/p>\n<p>Nombre del producto: El templo perdido<\/p>\n<p>Categor\u00eda: Creador<\/p>\n<p>Este kit contiene: MOC-105368<\/p>\n<p>2915 piezas de ladrillos de buena calidad<\/p>\n<p>Instrucciones en PDF<\/p>\n<p>\ud83d\udcccNaturaleza del protagonista<\/p>\n<p>Presentamos nuestra orgullosa colecci\u00f3n llamada &quot;El Templo Perdido&quot; que no debe perderse.<\/p>\n<p>Como siempre, buscando traerte dise\u00f1os con una buena combinaci\u00f3n de tecnicidad, jugabilidad y efectos visuales. Este modelo se hizo con ladrillos f\u00e1ciles de obtener para mantener los costos bajos y las instrucciones de construcci\u00f3n de alta calidad se usaron para construir el modelo de la vida real.<\/p><\/div>","protected":false},"excerpt":{"rendered":"<p>Marca: MOC Factory<br \/>\nG\u00e9nero: Unisex<br \/>\nRango de edad: &gt; 6 a\u00f1os<br \/>\nN\u00famero de modelo: 105368<br \/>\nClasificaci\u00f3n: Ensamblaje<br \/>\nForma de bloque de pl\u00e1stico: Ladrillos autoblocantes<br \/>\nMaterial: Pl\u00e1stico<br \/>\nTipo de pl\u00e1stico: ABS<br \/>\nLadrillos Bloques: 2915 +<br \/>\nOrganizar tiempo: 4-8 semanas<\/p>","protected":false},"featured_media":43570,"comment_status":"open","ping_status":"closed","template":"","meta":{"_acf_changed":false},"product_cat":[1365,1395,371,390],"product_tag":[11072,8452,11099,392,11001],"class_list":["product","first","instock","shipping-taxable","purchasable","product-type-simple"],"acf":[],"_links":{"self":[{"href":"https:\/\/mouldking.store\/es\/wp-json\/wp\/v2\/product\/43576","targetHints":{"allow":["GET"]}}],"collection":[{"href":"https:\/\/mouldking.store\/es\/wp-json\/wp\/v2\/product"}],"about":[{"href":"https:\/\/mouldking.store\/es\/wp-json\/wp\/v2\/types\/product"}],"replies":[{"embeddable":true,"href":"https:\/\/mouldking.store\/es\/wp-json\/wp\/v2\/comments?post=43576"}],"wp:featuredmedia":[{"embeddable":true,"href":"https:\/\/mouldking.store\/es\/wp-json\/wp\/v2\/media\/43570"}],"wp:attachment":[{"href":"https:\/\/mouldking.store\/es\/wp-json\/wp\/v2\/media?parent=43576"}],"wp:term":[{"taxonomy":"product_cat","embeddable":true,"href":"https:\/\/mouldking.store\/es\/wp-json\/wp\/v2\/product_cat?post=43576"},{"taxonomy":"product_tag","embeddable":true,"href":"https:\/\/mouldking.store\/es\/wp-json\/wp\/v2\/product_tag?post=43576"}],"curies":[{"name":"wp","href":"https:\/\/api.w.org\/{rel}","templated":true}]}}