{"id":43932,"date":"2023-04-04T13:37:25","date_gmt":"2023-04-04T06:37:25","guid":{"rendered":"https:\/\/mouldking.store\/shop\/moc-factory-89425-my-neighbor-totoro-catbus-with-777-pieces\/"},"modified":"2025-12-16T22:25:05","modified_gmt":"2025-12-16T15:25:05","slug":"moc-factory-89425-my-neighbor-totoro-catbus-with-777-pieces","status":"publish","type":"product","link":"https:\/\/mouldking.store\/es\/shop\/moc-factory-89425-my-neighbor-totoro-catbus-with-777-pieces\/","title":{"rendered":"MOC Factory 89425 My Neighbor Totoro CatBus con 777 piezas"},"content":{"rendered":"<div>\u2705 MOC-89425 Mi Vecino Totoro CatBus<\/p>\n<p>\u2705Mi vecino Totoro es una pel\u00edcula animada japonesa de 1988 dirigida por Hayao Miyazaki y producida por Studio Ghibli. La pel\u00edcula cuenta la historia de dos j\u00f3venes hermanas que se mudan al campo y descubren un mundo m\u00e1gico de esp\u00edritus del bosque, incluida la adorable criatura Totoro.<\/p>\n<p>\ud83d\udeab \u00a1IMPORTANTE!<\/p>\n<p>Nombre del producto: Mi vecino Totoro CatBus<\/p>\n<p>Categor\u00eda: Pel\u00edcula<\/p>\n<p>Este kit contiene: C9340<\/p>\n<p>777 piezas de ladrillos de buena calidad<\/p>\n<p>Tama\u00f1o: 24 x 10 x 15 cm<\/p>\n<p>Peso: 0,66 kg<\/p>\n<p>Instrucciones en PDF<\/p>\n<p>\ud83d\udcccNaturaleza del protagonista<\/p>\n<p>Presentamos nuestra orgullosa colecci\u00f3n llamada &quot;My Neighbor Totoro CatBus&quot; que no debe perderse.<\/p>\n<p>Uno de los personajes m\u00e1s memorables e ic\u00f3nicos de la pel\u00edcula es Catbus, una criatura fant\u00e1stica que es en parte gato y en parte autob\u00fas. El Catbus se representa como una criatura grande y peluda con ocho patas que pueden extenderse o retraerse para ajustar su tama\u00f1o. El Catbus tambi\u00e9n tiene la capacidad de volverse transparente, lo que permite a los pasajeros ver a trav\u00e9s de \u00e9l, y puede moverse r\u00e1pida y silenciosamente por el bosque. El Catbus es un personaje querido en la pel\u00edcula y se ha convertido en un \u00edcono cultural popular en Jap\u00f3n y en todo el mundo. Ha aparecido en varios productos, incluidos juguetes de peluche, figuritas e incluso su propia pel\u00edcula derivada llamada &quot;Mei and the Kittenbus&quot;.<\/p><\/div>","protected":false},"excerpt":{"rendered":"<p>Marca: MOC Factory<br \/>\nG\u00e9nero: Unisex<br \/>\nRango de edad: &gt; 6 a\u00f1os<br \/>\nN\u00famero de modelo: 89425<br \/>\nClasificaci\u00f3n: Ensamblaje<br \/>\nForma de bloque de pl\u00e1stico: Ladrillos autoblocantes<br \/>\nMaterial: Pl\u00e1stico<br \/>\nTipo de pl\u00e1stico: ABS<br \/>\nLadrillos Bloques: 777 +<br \/>\nSin caja original<\/p>","protected":false},"featured_media":43929,"comment_status":"open","ping_status":"closed","template":"","meta":{"_acf_changed":false},"product_cat":[1365,371,581,1408],"product_tag":[11678,11677,11072,8452,434,11675,11676],"class_list":["product","first","instock","shipping-taxable","purchasable","product-type-simple"],"acf":[],"_links":{"self":[{"href":"https:\/\/mouldking.store\/es\/wp-json\/wp\/v2\/product\/43932","targetHints":{"allow":["GET"]}}],"collection":[{"href":"https:\/\/mouldking.store\/es\/wp-json\/wp\/v2\/product"}],"about":[{"href":"https:\/\/mouldking.store\/es\/wp-json\/wp\/v2\/types\/product"}],"replies":[{"embeddable":true,"href":"https:\/\/mouldking.store\/es\/wp-json\/wp\/v2\/comments?post=43932"}],"wp:featuredmedia":[{"embeddable":true,"href":"https:\/\/mouldking.store\/es\/wp-json\/wp\/v2\/media\/43929"}],"wp:attachment":[{"href":"https:\/\/mouldking.store\/es\/wp-json\/wp\/v2\/media?parent=43932"}],"wp:term":[{"taxonomy":"product_cat","embeddable":true,"href":"https:\/\/mouldking.store\/es\/wp-json\/wp\/v2\/product_cat?post=43932"},{"taxonomy":"product_tag","embeddable":true,"href":"https:\/\/mouldking.store\/es\/wp-json\/wp\/v2\/product_tag?post=43932"}],"curies":[{"name":"wp","href":"https:\/\/api.w.org\/{rel}","templated":true}]}}