{"id":43956,"date":"2023-04-05T09:33:56","date_gmt":"2023-04-05T02:33:56","guid":{"rendered":"https:\/\/mouldking.store\/shop\/forange-fc8530-dream-cottage-maplewood-villa-with-2008-pieces\/"},"modified":"2023-04-05T09:33:56","modified_gmt":"2023-04-05T02:33:56","slug":"forange-fc8530-dream-cottage-maplewood-villa-with-2008-pieces","status":"publish","type":"product","link":"https:\/\/mouldking.store\/es\/shop\/forange-fc8530-dream-cottage-maplewood-villa-with-2008-pieces\/","title":{"rendered":"Forrange FC8530 Dream Cottage Villa de madera de arce con 2008 piezas"},"content":{"rendered":"<div>\u2705 Forrange FC8530 Dream Cottage Villa de madera de arce<br \/>&nbsp;<br \/>\u2705Maplewood Cottage es una casa peque\u00f1a, encantadora y acogedora con un dise\u00f1o r\u00fastico o tradicional. El exterior puede ser de madera, piedra o una combinaci\u00f3n de ambos y puede tener un porche o una zona ajardinada.<br \/>&nbsp;<br \/>\ud83d\udeab \u00a1IMPORTANTE!&nbsp;<br \/>&nbsp;<br \/>Nombre del producto: Dream Cottage Maplewood Villa<br \/>&nbsp;<br \/>Categor\u00eda: Edificio Modular<br \/>&nbsp;<br \/>Este kit contiene: Forrange FC8530<br \/>&nbsp;<br \/>2008 piezas de ladrillos de buena calidad&nbsp;<br \/>&nbsp;<br \/>Tama\u00f1o: 66,5 x 45,4 x 64 cm<br \/>&nbsp;<br \/>Instrucciones manuales&nbsp;<br \/>&nbsp;<br \/>\ud83d\udcccNaturaleza del protagonista&nbsp;<br \/>&nbsp;<br \/>Presentamos nuestra orgullosa colecci\u00f3n llamada &quot;Dream Cottage Maplewood Villa&quot; que no debe perderse.&nbsp;<br \/>&nbsp;<br \/>El interior de una Maplewood Cottage puede tener pisos de madera, techo con vigas expuestas y una chimenea o una estufa de le\u00f1a, lo que crea un ambiente c\u00e1lido y acogedor. La decoraci\u00f3n podr\u00eda incluir muebles vintage o de estilo r\u00fastico, textiles acogedores y elementos naturales como plantas o flores. La caba\u00f1a tambi\u00e9n puede tener una peque\u00f1a cocina o una peque\u00f1a cocina con electrodom\u00e9sticos b\u00e1sicos.<\/div>","protected":false},"excerpt":{"rendered":"<p>Marca: Forrange<br \/>\nG\u00e9nero: Unisex<br \/>\nRango de edad: &gt; 6 a\u00f1os<br \/>\nN\u00famero de modelo: FC8530<br \/>\nClasificaci\u00f3n: Ensamblaje<br \/>\nForma de bloque de pl\u00e1stico: Ladrillos autoblocantes<br \/>\nMaterial: Pl\u00e1stico<br \/>\nTipo de pl\u00e1stico: ABS<br \/>\nLadrillos Bloques: 2008 +<br \/>\nSin caja original<\/p>","protected":false},"featured_media":43951,"comment_status":"open","ping_status":"closed","template":"","meta":{"_acf_changed":false},"product_cat":[1365,1395,390],"product_tag":[4883,8452,2722,11201,11684,392,6614],"class_list":["product","first","instock","shipping-taxable","purchasable","product-type-simple"],"acf":[],"_links":{"self":[{"href":"https:\/\/mouldking.store\/es\/wp-json\/wp\/v2\/product\/43956","targetHints":{"allow":["GET"]}}],"collection":[{"href":"https:\/\/mouldking.store\/es\/wp-json\/wp\/v2\/product"}],"about":[{"href":"https:\/\/mouldking.store\/es\/wp-json\/wp\/v2\/types\/product"}],"replies":[{"embeddable":true,"href":"https:\/\/mouldking.store\/es\/wp-json\/wp\/v2\/comments?post=43956"}],"wp:featuredmedia":[{"embeddable":true,"href":"https:\/\/mouldking.store\/es\/wp-json\/wp\/v2\/media\/43951"}],"wp:attachment":[{"href":"https:\/\/mouldking.store\/es\/wp-json\/wp\/v2\/media?parent=43956"}],"wp:term":[{"taxonomy":"product_cat","embeddable":true,"href":"https:\/\/mouldking.store\/es\/wp-json\/wp\/v2\/product_cat?post=43956"},{"taxonomy":"product_tag","embeddable":true,"href":"https:\/\/mouldking.store\/es\/wp-json\/wp\/v2\/product_tag?post=43956"}],"curies":[{"name":"wp","href":"https:\/\/api.w.org\/{rel}","templated":true}]}}