{"id":43971,"date":"2023-04-05T09:52:44","date_gmt":"2023-04-05T02:52:44","guid":{"rendered":"https:\/\/mouldking.store\/shop\/zhegao-00415-summer-tea-with-836-pieces\/"},"modified":"2023-04-05T09:52:44","modified_gmt":"2023-04-05T02:52:44","slug":"zhegao-00415-summer-tea-with-836-pieces","status":"publish","type":"product","link":"https:\/\/mouldking.store\/es\/shop\/zhegao-00415-summer-tea-with-836-pieces\/","title":{"rendered":"ZHEGAO 00415 T\u00e9 de verano con 836 piezas"},"content":{"rendered":"<div>\u2705 ZHEGAO 00415 T\u00e9 de Verano<br \/>&nbsp;<br \/>\u2705&quot;Summer Tea&quot; es una serie creativa de conjuntos de bloques de construcci\u00f3n que se lanz\u00f3 por primera vez en 2022. El conjunto contiene 836 part\u00edculas de bloques de construcci\u00f3n, lo que sugiere que es un conjunto relativamente grande y complejo.<br \/>&nbsp;<br \/>\ud83d\udeab \u00a1IMPORTANTE!&nbsp;<br \/>&nbsp;<br \/>Nombre del producto: T\u00e9 de verano<br \/>&nbsp;<br \/>Categor\u00eda: Creador&nbsp;<br \/>&nbsp;<br \/>Este kit contiene: ZHEGAO 00415&nbsp;<br \/>&nbsp;<br \/>836 piezas de ladrillos de buena calidad&nbsp;<br \/>&nbsp;<br \/>Tama\u00f1o: 21,6 \u00d7 14,6 \u00d7 16,2 cm<\/p>\n<\/div>\n<div>Instrucciones manuales&nbsp;<br \/>&nbsp;<br \/>\ud83d\udcccNaturaleza del protagonista&nbsp;<br \/>&nbsp;<br \/>Presentamos nuestra orgullosa colecci\u00f3n llamada &quot;T\u00e9 de verano&quot; que no debe perderse.&nbsp;<br \/>&nbsp;<br \/>El conjunto tiene como tema el verano o las actividades al aire libre. El nombre &quot;T\u00e9 de verano&quot; podr\u00eda sugerir un conjunto que incluye una escena de fiesta de t\u00e9 para construir, completa con mesas, sillas y accesorios para el t\u00e9. Alternativamente, es posible que el conjunto pueda incluir otros elementos de verano, como una escena en la playa, una fiesta en la piscina o una fiesta en el jard\u00edn.<\/div>","protected":false},"excerpt":{"rendered":"<p>Marca: ZHEGAO<br \/>\nG\u00e9nero: Unisex<br \/>\nRango de edad: &gt; 6 a\u00f1os<br \/>\nN\u00famero de modelo: 00415<br \/>\nClasificaci\u00f3n: Ensamblaje<br \/>\nForma de bloque de pl\u00e1stico: Ladrillos autoblocantes<br \/>\nMaterial: Pl\u00e1stico<br \/>\nTipo de pl\u00e1stico: ABS<br \/>\nLadrillos Bloques: 836 +<br \/>\nsin minifiguras<\/p>","protected":false},"featured_media":43965,"comment_status":"open","ping_status":"closed","template":"","meta":{"_acf_changed":false},"product_cat":[1365,371],"product_tag":[4572,11072,8452,11686,11132],"class_list":["product","first","instock","shipping-taxable","purchasable","product-type-simple"],"acf":[],"_links":{"self":[{"href":"https:\/\/mouldking.store\/es\/wp-json\/wp\/v2\/product\/43971","targetHints":{"allow":["GET"]}}],"collection":[{"href":"https:\/\/mouldking.store\/es\/wp-json\/wp\/v2\/product"}],"about":[{"href":"https:\/\/mouldking.store\/es\/wp-json\/wp\/v2\/types\/product"}],"replies":[{"embeddable":true,"href":"https:\/\/mouldking.store\/es\/wp-json\/wp\/v2\/comments?post=43971"}],"wp:featuredmedia":[{"embeddable":true,"href":"https:\/\/mouldking.store\/es\/wp-json\/wp\/v2\/media\/43965"}],"wp:attachment":[{"href":"https:\/\/mouldking.store\/es\/wp-json\/wp\/v2\/media?parent=43971"}],"wp:term":[{"taxonomy":"product_cat","embeddable":true,"href":"https:\/\/mouldking.store\/es\/wp-json\/wp\/v2\/product_cat?post=43971"},{"taxonomy":"product_tag","embeddable":true,"href":"https:\/\/mouldking.store\/es\/wp-json\/wp\/v2\/product_tag?post=43971"}],"curies":[{"name":"wp","href":"https:\/\/api.w.org\/{rel}","templated":true}]}}