{"id":43983,"date":"2023-04-05T10:16:01","date_gmt":"2023-04-05T03:16:01","guid":{"rendered":"https:\/\/mouldking.store\/shop\/52toys-bb-42kr-kharon-with-500-pieces\/"},"modified":"2023-04-05T10:16:01","modified_gmt":"2023-04-05T03:16:01","slug":"52toys-bb-42kr-kharon-with-500-pieces","status":"publish","type":"product","link":"https:\/\/mouldking.store\/es\/shop\/52toys-bb-42kr-kharon-with-500-pieces\/","title":{"rendered":"52TOYS BB-42KR KHARON con 500 Piezas"},"content":{"rendered":"<div>\u2705 52 JUGUETES BB-42KR KHARON<br \/>&nbsp;<br \/>\u2705El 52TOYS BeastBox BB-42KR KHARON es una figura de juguete coleccionable producida por el fabricante de juguetes 52TOYS. Es parte de la l\u00ednea de juguetes BeastBox de la compa\u00f1\u00eda, que son conocidos por sus dise\u00f1os transformables y motivos inspirados en animales.<br \/>&nbsp;<br \/>\ud83d\udeab \u00a1IMPORTANTE!&nbsp;<br \/>&nbsp;<br \/>Nombre del producto: KHARON<br \/>&nbsp;<br \/>Categor\u00eda: Creador&nbsp;<br \/>&nbsp;<br \/>Este kit contiene: 52 JUGUETES BB-42KR&nbsp;<br \/>&nbsp;<br \/>500 piezas de ladrillos de buena calidad&nbsp;<br \/>&nbsp;<br \/>Tama\u00f1o: 14,5 cm<br \/>&nbsp;<br \/>Instrucciones manuales&nbsp;<br \/>&nbsp;<br \/>\ud83d\udcccNaturaleza del protagonista&nbsp;<br \/>&nbsp;<br \/>Presentamos nuestra orgullosa colecci\u00f3n llamada &quot;KHARON&quot; que no debe perderse.&nbsp;<\/p>\n<p>El BB-42KR KHARON es una figura altamente detallada y articulada que puede transformarse de un toro mec\u00e1nico a un robot. Presenta un elegante esquema de color negro y dorado y detalles intrincados, como una calavera esculpida en la placa del pecho. La figura est\u00e1 hecha con materiales de alta calidad y cuenta con numerosos puntos de articulaci\u00f3n, lo que permite una amplia gama de poses din\u00e1micas. Tambi\u00e9n viene con una variedad de accesorios, que incluyen un par de espadas y un soporte de exhibici\u00f3n.&nbsp;<\/p><\/div>","protected":false},"excerpt":{"rendered":"<p>Marca: 52TOYS<br \/>\nG\u00e9nero: Unisex<br \/>\nRango de edad: &gt; 6 a\u00f1os<br \/>\nN\u00famero de modelo: BB-42KR<br \/>\nClasificaci\u00f3n: Ensamblaje<br \/>\nForma de bloque de pl\u00e1stico: Ladrillos autoblocantes<br \/>\nMaterial: Pl\u00e1stico<br \/>\nTipo de pl\u00e1stico: ABS<br \/>\nLadrillos Bloques: 500 +<br \/>\nLas piezas pueden cambiar<\/p>","protected":false},"featured_media":43978,"comment_status":"open","ping_status":"closed","template":"","meta":{"_acf_changed":false},"product_cat":[1365,371],"product_tag":[11072,8452,11687,590],"class_list":["product","first","instock","shipping-taxable","purchasable","product-type-simple"],"acf":[],"_links":{"self":[{"href":"https:\/\/mouldking.store\/es\/wp-json\/wp\/v2\/product\/43983","targetHints":{"allow":["GET"]}}],"collection":[{"href":"https:\/\/mouldking.store\/es\/wp-json\/wp\/v2\/product"}],"about":[{"href":"https:\/\/mouldking.store\/es\/wp-json\/wp\/v2\/types\/product"}],"replies":[{"embeddable":true,"href":"https:\/\/mouldking.store\/es\/wp-json\/wp\/v2\/comments?post=43983"}],"wp:featuredmedia":[{"embeddable":true,"href":"https:\/\/mouldking.store\/es\/wp-json\/wp\/v2\/media\/43978"}],"wp:attachment":[{"href":"https:\/\/mouldking.store\/es\/wp-json\/wp\/v2\/media?parent=43983"}],"wp:term":[{"taxonomy":"product_cat","embeddable":true,"href":"https:\/\/mouldking.store\/es\/wp-json\/wp\/v2\/product_cat?post=43983"},{"taxonomy":"product_tag","embeddable":true,"href":"https:\/\/mouldking.store\/es\/wp-json\/wp\/v2\/product_tag?post=43983"}],"curies":[{"name":"wp","href":"https:\/\/api.w.org\/{rel}","templated":true}]}}