{"id":43992,"date":"2023-04-05T10:34:36","date_gmt":"2023-04-05T03:34:36","guid":{"rendered":"https:\/\/mouldking.store\/shop\/reobrix-66031-magic-station-book-with-3060-pieces\/"},"modified":"2023-04-05T10:34:36","modified_gmt":"2023-04-05T03:34:36","slug":"reobrix-66031-magic-station-book-with-3060-pieces","status":"publish","type":"product","link":"https:\/\/mouldking.store\/es\/shop\/reobrix-66031-magic-station-book-with-3060-pieces\/","title":{"rendered":"REOBRIX 66031 Magic Station Libro con 3060 Piezas"},"content":{"rendered":"<div>\u2705 Reobrix 66031 Libro de estaciones m\u00e1gicas<br \/>&nbsp;<br \/>\u2705&quot;The Magic Station&quot; es un conjunto de bloques de construcci\u00f3n que forma parte de la serie de productos de Harry Potter. El conjunto contiene 3060 part\u00edculas de bloques de construcci\u00f3n y se lanzar\u00e1 en 2023.<br \/>&nbsp;<br \/>\ud83d\udeab \u00a1IMPORTANTE!&nbsp;<br \/>&nbsp;<br \/>Nombre del producto: Libro de la estaci\u00f3n m\u00e1gica<br \/>&nbsp;<br \/>Categor\u00eda: Creador&nbsp;<br \/>&nbsp;<br \/>Este kit contiene: Reobrix 66031<br \/>&nbsp;<br \/>3060 piezas de ladrillos de buena calidad&nbsp;<br \/>&nbsp;<br \/>Tama\u00f1o: 64 \u00d7 15,5 \u00d7 29,5 cm<br \/>&nbsp;<br \/>Instrucciones manuales&nbsp;<br \/>&nbsp;<br \/>\ud83d\udcccNaturaleza del protagonista&nbsp;<br \/>&nbsp;<br \/>Presentamos nuestra orgullosa colecci\u00f3n llamada &quot;Magic Station Book&quot; que no debe perderse.&nbsp;<br \/>&nbsp;<br \/>Ser\u00e1 una r\u00e9plica de un lugar m\u00e1gico de los libros o pel\u00edculas, como el Colegio Hogwarts de Magia y Hechicer\u00eda o el Callej\u00f3n Diagon. Los conjuntos de bloques de construcci\u00f3n a menudo se usan para recrear modelos detallados e intrincados, por lo que es posible que el conjunto &quot;La estaci\u00f3n m\u00e1gica&quot; ofrezca a los fan\u00e1ticos la oportunidad de construir y exhibir un modelo muy detallado con el tema de Harry Potter.<\/div>","protected":false},"excerpt":{"rendered":"<p>Marca: REOBRIX<br \/>\nG\u00e9nero: Unisex<br \/>\nRango de edad: &gt; 6 a\u00f1os<br \/>\nN\u00famero de modelo: 66031<br \/>\nClasificaci\u00f3n: Ensamblaje<br \/>\nForma de bloque de pl\u00e1stico: Ladrillos autoblocantes<br \/>\nMaterial: Pl\u00e1stico<br \/>\nTipo de pl\u00e1stico: ABS<br \/>\nLadrillos Bloques: 3060 +<br \/>\nSin caja original<\/p>","protected":false},"featured_media":43987,"comment_status":"open","ping_status":"closed","template":"","meta":{"_acf_changed":false},"product_cat":[1365,371],"product_tag":[1411,11072,8452,8858,2309],"class_list":["product","first","instock","shipping-taxable","purchasable","product-type-simple"],"acf":[],"_links":{"self":[{"href":"https:\/\/mouldking.store\/es\/wp-json\/wp\/v2\/product\/43992","targetHints":{"allow":["GET"]}}],"collection":[{"href":"https:\/\/mouldking.store\/es\/wp-json\/wp\/v2\/product"}],"about":[{"href":"https:\/\/mouldking.store\/es\/wp-json\/wp\/v2\/types\/product"}],"replies":[{"embeddable":true,"href":"https:\/\/mouldking.store\/es\/wp-json\/wp\/v2\/comments?post=43992"}],"wp:featuredmedia":[{"embeddable":true,"href":"https:\/\/mouldking.store\/es\/wp-json\/wp\/v2\/media\/43987"}],"wp:attachment":[{"href":"https:\/\/mouldking.store\/es\/wp-json\/wp\/v2\/media?parent=43992"}],"wp:term":[{"taxonomy":"product_cat","embeddable":true,"href":"https:\/\/mouldking.store\/es\/wp-json\/wp\/v2\/product_cat?post=43992"},{"taxonomy":"product_tag","embeddable":true,"href":"https:\/\/mouldking.store\/es\/wp-json\/wp\/v2\/product_tag?post=43992"}],"curies":[{"name":"wp","href":"https:\/\/api.w.org\/{rel}","templated":true}]}}