{"id":44096,"date":"2023-04-10T10:42:39","date_gmt":"2023-04-10T03:42:39","guid":{"rendered":"https:\/\/mouldking.store\/shop\/moc-factory-89416-pink-eggy-with-89-pieces\/"},"modified":"2025-12-16T22:25:04","modified_gmt":"2025-12-16T15:25:04","slug":"moc-factory-89416-pink-eggy-with-89-pieces","status":"publish","type":"product","link":"https:\/\/mouldking.store\/es\/shop\/moc-factory-89416-pink-eggy-with-89-pieces\/","title":{"rendered":"MOC Factory 89416 Eggy rosa con 89 piezas"},"content":{"rendered":"<div>\u2705 MOC-89416 Huevo rosa<\/p>\n<p>\u2705\u201dEgg Party\u201d es un juego competitivo informal desarrollado por la empresa china de juegos NetEase. El juego involucra a los jugadores que compiten entre s\u00ed para incubar la mayor cantidad de huevos dentro de un l\u00edmite de tiempo determinado. Los huevos se obtienen recolectando recursos y construyendo un nido, y se pueden incubar toc\u00e1ndolos r\u00e1pidamente.<\/p>\n<p>\ud83d\udeab \u00a1IMPORTANTE!<\/p>\n<p>Nombre del producto: Eggy rosa<\/p>\n<p>Categor\u00eda: Creador<\/p>\n<p>Este kit contiene: C9389<\/p>\n<p>89 piezas de ladrillos de buena calidad<\/p>\n<p>Tama\u00f1o: 7,6 x 3,8 x 7 cm<\/p>\n<p>Peso: 0,04 kg<\/p>\n<p>Instrucciones en PDF<\/p>\n<p>\ud83d\udcccNaturaleza del protagonista<\/p>\n<p>Presentamos nuestra orgullosa colecci\u00f3n llamada &quot;Pink Eggy&quot; que no debe perderse.<\/p>\n<p>El juego presenta una variedad de diferentes tipos de huevos, cada uno con sus propios atributos y habilidades \u00fanicos. Los jugadores tambi\u00e9n pueden usar potenciadores y elementos especiales para obtener una ventaja sobre sus oponentes. \u201cEgg Party\u201d se ha vuelto popular por su juego simple y adictivo, as\u00ed como por sus gr\u00e1ficos lindos y coloridos. El juego est\u00e1 disponible de forma gratuita en las plataformas Android e iOS, con compras dentro de la aplicaci\u00f3n para elementos y funciones adicionales.<\/p><\/div>","protected":false},"excerpt":{"rendered":"<p>Marca: MOC Factory<br \/>\nG\u00e9nero: Unisex<br \/>\nRango de edad: &gt; 6 a\u00f1os<br \/>\nN\u00famero de modelo: 89416<br \/>\nClasificaci\u00f3n: Ensamblaje<br \/>\nForma de bloque de pl\u00e1stico: Ladrillos autoblocantes<br \/>\nMaterial: Pl\u00e1stico<br \/>\nTipo de pl\u00e1stico: ABS<br \/>\nLadrillos Bloques: 89 +<br \/>\nSin caja original<\/p>","protected":false},"featured_media":44089,"comment_status":"open","ping_status":"closed","template":"","meta":{"_acf_changed":false},"product_cat":[1365,371],"product_tag":[11072,8452,11688,8337],"class_list":["product","first","instock","shipping-taxable","purchasable","product-type-simple"],"acf":[],"_links":{"self":[{"href":"https:\/\/mouldking.store\/es\/wp-json\/wp\/v2\/product\/44096","targetHints":{"allow":["GET"]}}],"collection":[{"href":"https:\/\/mouldking.store\/es\/wp-json\/wp\/v2\/product"}],"about":[{"href":"https:\/\/mouldking.store\/es\/wp-json\/wp\/v2\/types\/product"}],"replies":[{"embeddable":true,"href":"https:\/\/mouldking.store\/es\/wp-json\/wp\/v2\/comments?post=44096"}],"wp:featuredmedia":[{"embeddable":true,"href":"https:\/\/mouldking.store\/es\/wp-json\/wp\/v2\/media\/44089"}],"wp:attachment":[{"href":"https:\/\/mouldking.store\/es\/wp-json\/wp\/v2\/media?parent=44096"}],"wp:term":[{"taxonomy":"product_cat","embeddable":true,"href":"https:\/\/mouldking.store\/es\/wp-json\/wp\/v2\/product_cat?post=44096"},{"taxonomy":"product_tag","embeddable":true,"href":"https:\/\/mouldking.store\/es\/wp-json\/wp\/v2\/product_tag?post=44096"}],"curies":[{"name":"wp","href":"https:\/\/api.w.org\/{rel}","templated":true}]}}