{"id":44123,"date":"2023-04-10T11:36:55","date_gmt":"2023-04-10T04:36:55","guid":{"rendered":"https:\/\/mouldking.store\/shop\/moc-factory-41221-oshkosh-m911-red-version-het-with-1815-pieces\/"},"modified":"2025-12-16T22:25:04","modified_gmt":"2025-12-16T15:25:04","slug":"moc-factory-41221-oshkosh-m911-red-version-het-with-1815-pieces","status":"publish","type":"product","link":"https:\/\/mouldking.store\/es\/shop\/moc-factory-41221-oshkosh-m911-red-version-het-with-1815-pieces\/","title":{"rendered":"MOC Factory 41221 Oshkosh M911 Versi\u00f3n Roja HET con 1815 piezas"},"content":{"rendered":"<div>\u2705 MOC-41221 Oshkosh M911 Versi\u00f3n Roja HET<\/p>\n<p>El Oshkosh M911 es un cami\u00f3n militar de servicio pesado fabricado por Oshkosh Corporation para las Fuerzas Armadas de los Estados Unidos. Fue dise\u00f1ado como un Transporte de Equipo Pesado (HET) y se utiliz\u00f3 para transportar tanques, veh\u00edculos blindados y otros equipos pesados.<\/p>\n<p>\ud83d\udeab \u00a1IMPORTANTE!<\/p>\n<p>Nombre del producto: Oshkosh M911 Versi\u00f3n Roja HET<\/p>\n<p>Categor\u00eda: T\u00e9cnica<\/p>\n<p>Este kit contiene: MOC-41221<\/p>\n<p>1815 piezas de ladrillos de buena calidad<\/p>\n<p>Instrucciones en PDF<\/p>\n<p>\ud83d\udcccNaturaleza del protagonista<\/p>\n<p>Presentamos nuestra orgullosa colecci\u00f3n llamada \u201cOshkosh M911 Red Version HET\u201d que no debes perderte.<\/p>\n<p>El M911 se introdujo en la d\u00e9cada de 1970 y posteriormente se mejor\u00f3 con un motor m\u00e1s potente y otras mejoras para crear el M911A1. Posteriormente, se mejor\u00f3 con una &quot;Versi\u00f3n Roja&quot;, que inclu\u00eda un motor Detroit Diesel 8V92TA de 740 caballos de fuerza y otras mejoras menores. El M911 Versi\u00f3n Roja HET ten\u00eda un peso bruto vehicular (GVWR) de 120,000 libras y pod\u00eda remolcar hasta 70 toneladas. Contaba con un potente cabrestante y una rampa de carga hidr\u00e1ulica para facilitar la carga y descarga de equipo pesado. El cami\u00f3n se utilizaba a menudo en combinaci\u00f3n con un remolque especializado conocido como el Remolque para Equipo Pesado M747.<\/p><\/div>","protected":false},"excerpt":{"rendered":"<p>Marca: MOC Factory<br \/>\nG\u00e9nero: Unisex<br \/>\nRango de edad: &gt; 6 a\u00f1os<br \/>\nN\u00famero de modelo: 41221<br \/>\nClasificaci\u00f3n: Ensamblaje<br \/>\nForma de bloque de pl\u00e1stico: Ladrillos autoblocantes<br \/>\nMaterial: Pl\u00e1stico<br \/>\nTipo de pl\u00e1stico: ABS<br \/>\nBloques de ladrillos: 1815 +<br \/>\nOrganizar tiempo; 4-8 semanas<\/p>","protected":false},"featured_media":44119,"comment_status":"open","ping_status":"closed","template":"","meta":{"_acf_changed":false},"product_cat":[1357,364],"product_tag":[11702,11701,389,11080,7879],"class_list":["product","first","instock","shipping-taxable","purchasable","product-type-simple"],"acf":[],"_links":{"self":[{"href":"https:\/\/mouldking.store\/es\/wp-json\/wp\/v2\/product\/44123","targetHints":{"allow":["GET"]}}],"collection":[{"href":"https:\/\/mouldking.store\/es\/wp-json\/wp\/v2\/product"}],"about":[{"href":"https:\/\/mouldking.store\/es\/wp-json\/wp\/v2\/types\/product"}],"replies":[{"embeddable":true,"href":"https:\/\/mouldking.store\/es\/wp-json\/wp\/v2\/comments?post=44123"}],"wp:featuredmedia":[{"embeddable":true,"href":"https:\/\/mouldking.store\/es\/wp-json\/wp\/v2\/media\/44119"}],"wp:attachment":[{"href":"https:\/\/mouldking.store\/es\/wp-json\/wp\/v2\/media?parent=44123"}],"wp:term":[{"taxonomy":"product_cat","embeddable":true,"href":"https:\/\/mouldking.store\/es\/wp-json\/wp\/v2\/product_cat?post=44123"},{"taxonomy":"product_tag","embeddable":true,"href":"https:\/\/mouldking.store\/es\/wp-json\/wp\/v2\/product_tag?post=44123"}],"curies":[{"name":"wp","href":"https:\/\/api.w.org\/{rel}","templated":true}]}}