{"id":44140,"date":"2023-04-10T12:06:51","date_gmt":"2023-04-10T05:06:51","guid":{"rendered":"https:\/\/mouldking.store\/shop\/moc-factory-122577-ultimate-lord-vaders-castle-with-10166-pieces\/"},"modified":"2025-12-16T22:25:04","modified_gmt":"2025-12-16T15:25:04","slug":"moc-factory-122577-ultimate-lord-vaders-castle-with-10166-pieces","status":"publish","type":"product","link":"https:\/\/mouldking.store\/es\/shop\/moc-factory-122577-ultimate-lord-vaders-castle-with-10166-pieces\/","title":{"rendered":"MOC Factory 122577 Ultimate Lord Vader&#039;s Castle con 10166 piezas"},"content":{"rendered":"<div>\u2705 MOC-122577 Castillo definitivo de Lord Vader<\/p>\n<p>\u2705&quot;Ultimate Lord Vader&#039;s Castle&quot; es una creaci\u00f3n de ladrillos personalizada dise\u00f1ada por un entusiasta de los ladrillos y compartida en l\u00ednea. No es un conjunto o producto oficial de ladrillos.<\/p>\n<p>\ud83d\udeab \u00a1IMPORTANTE!<\/p>\n<p>Nombre del producto: Ultimate Lord Vader&#039;s Castle<\/p>\n<p>Categor\u00eda: Guerra de las Galaxias<\/p>\n<p>Este kit contiene: MOC-122577<\/p>\n<p>10166 piezas de ladrillos de buena calidad<\/p>\n<p>Tama\u00f1o: 20,2 x 30,2 x 45,4 (pulgadas)<\/p>\n<p>Instrucciones en PDF<\/p>\n<p>\ud83d\udcccNaturaleza del protagonista<\/p>\n<p>Presentamos nuestra orgullosa colecci\u00f3n llamada &quot;Ultimate Lord Vader&#039;s Castle&quot; que no debes perderte.<\/p>\n<p>El dise\u00f1o del Ultimate Lord Vader&#039;s Castle est\u00e1 inspirado en la fortaleza que se ve en la pel\u00edcula &quot;Rogue One: A Star Wars Story&quot;, que fue el castillo personal del infame Darth Vader. El modelo de ladrillo presenta un castillo grande e imponente con un esquema de color negro y varios detalles, como una plataforma de aterrizaje, una sala del trono y una c\u00e1mara de meditaci\u00f3n. El modelo est\u00e1 dise\u00f1ado para construirse con ladrillos y otras piezas compatibles e incluye instrucciones detalladas para su montaje. Est\u00e1 dise\u00f1ado para ser una pieza de exhibici\u00f3n en lugar de un juego jugable y est\u00e1 destinado a constructores de ladrillos m\u00e1s experimentados debido a su complejidad y tama\u00f1o.<\/p><\/div>","protected":false},"excerpt":{"rendered":"<p>Marca: MOC Factory<br \/>\nG\u00e9nero: Unisex<br \/>\nRango de edad: &gt; 6 a\u00f1os<br \/>\nN\u00famero de modelo: 122577<br \/>\nClasificaci\u00f3n: Ensamblaje<br \/>\nForma de bloque de pl\u00e1stico: Ladrillos autoblocantes<br \/>\nMaterial: Pl\u00e1stico<br \/>\nTipo de pl\u00e1stico: ABS<br \/>\nLadrillos Bloques: 10166 +<br \/>\nOrganizar tiempo: 4-8 semanas<\/p>","protected":false},"featured_media":44135,"comment_status":"open","ping_status":"closed","template":"","meta":{"_acf_changed":false},"product_cat":[1395,390,581,415,1408],"product_tag":[787,4883,392,434,436,11245],"class_list":["product","first","instock","shipping-taxable","purchasable","product-type-simple"],"acf":[],"_links":{"self":[{"href":"https:\/\/mouldking.store\/es\/wp-json\/wp\/v2\/product\/44140","targetHints":{"allow":["GET"]}}],"collection":[{"href":"https:\/\/mouldking.store\/es\/wp-json\/wp\/v2\/product"}],"about":[{"href":"https:\/\/mouldking.store\/es\/wp-json\/wp\/v2\/types\/product"}],"replies":[{"embeddable":true,"href":"https:\/\/mouldking.store\/es\/wp-json\/wp\/v2\/comments?post=44140"}],"wp:featuredmedia":[{"embeddable":true,"href":"https:\/\/mouldking.store\/es\/wp-json\/wp\/v2\/media\/44135"}],"wp:attachment":[{"href":"https:\/\/mouldking.store\/es\/wp-json\/wp\/v2\/media?parent=44140"}],"wp:term":[{"taxonomy":"product_cat","embeddable":true,"href":"https:\/\/mouldking.store\/es\/wp-json\/wp\/v2\/product_cat?post=44140"},{"taxonomy":"product_tag","embeddable":true,"href":"https:\/\/mouldking.store\/es\/wp-json\/wp\/v2\/product_tag?post=44140"}],"curies":[{"name":"wp","href":"https:\/\/api.w.org\/{rel}","templated":true}]}}