{"id":44216,"date":"2023-04-12T11:26:27","date_gmt":"2023-04-12T04:26:27","guid":{"rendered":"https:\/\/mouldking.store\/shop\/reobrix-66032-streetscape-book-of-architecture-with-3108-pieces\/"},"modified":"2023-04-12T11:26:27","modified_gmt":"2023-04-12T04:26:27","slug":"reobrix-66032-streetscape-book-of-architecture-with-3108-pieces","status":"publish","type":"product","link":"https:\/\/mouldking.store\/es\/shop\/reobrix-66032-streetscape-book-of-architecture-with-3108-pieces\/","title":{"rendered":"REOBRIX 66032 Libro de arquitectura de paisaje urbano con 3108 piezas"},"content":{"rendered":"<div>\u2705 Reobrix 66032 Libro de arquitectura de paisaje urbano&nbsp;<br \/>&nbsp;<br \/>\u2705El Reobrix 66032 Streetscape Book of Architecture es un conjunto de bloques de construcci\u00f3n que le permite construir un modelo detallado de un paisaje urbano de la ciudad. El conjunto viene en forma de libro, con los bloques y componentes almacenados dentro de las p\u00e1ginas del libro.<br \/>&nbsp;<br \/>\ud83d\udeab \u00a1IMPORTANTE!&nbsp;<br \/>&nbsp;<br \/>Nombre del producto: Libro de arquitectura del paisaje urbano&nbsp;<br \/>&nbsp;<br \/>Categor\u00eda: Creador&nbsp;<\/p>\n<p>Este kit contiene: Reobrix 66032<br \/>&nbsp;<br \/>3108 piezas de ladrillos de buena calidad&nbsp;<br \/>&nbsp;<br \/>Tama\u00f1o: 63,5 \u00d7 14 \u00d7 29,5 cm<br \/>&nbsp;<br \/>Instrucciones manuales&nbsp;<br \/>&nbsp;<br \/>\ud83d\udcccNaturaleza del protagonista&nbsp;<br \/>&nbsp;<br \/>Presentamos nuestra orgullosa colecci\u00f3n llamada &quot;Streetscape Book of Architecture&quot; que no debe perderse.&nbsp;<br \/>&nbsp;<br \/>El juego Reobrix 66032 Streetscape Book of Architecture est\u00e1 dise\u00f1ado para constructores que disfrutan de juegos de bloques de construcci\u00f3n con dise\u00f1os intrincados y detallados. El conjunto incluye instrucciones detalladas y una lista de piezas para ayudarlo a ensamblar el modelo, y es compatible con otros conjuntos de bloques de construcci\u00f3n de la serie Reobrix. Una vez completado, el modelo de paisaje urbano se puede exhibir en un estante o usarse como un juego divertido para figuras o juguetes en miniatura. El empaque del libro tambi\u00e9n agrega una capa adicional de diversi\u00f3n y creatividad al proceso de construcci\u00f3n, lo que lo convierte en un excelente regalo para los fan\u00e1ticos de la arquitectura y los juguetes con bloques de construcci\u00f3n. El conjunto fomenta la creatividad, la imaginaci\u00f3n y las habilidades para resolver problemas.<\/div>","protected":false},"excerpt":{"rendered":"<p>Marca: REOBRIX<br \/>\nG\u00e9nero: Unisex<br \/>\nRango de edad: &gt; 14 a\u00f1os<br \/>\nN\u00famero de modelo: 66032<br \/>\nClasificaci\u00f3n: Ensamblaje<br \/>\nForma de bloque de pl\u00e1stico: Ladrillos autoblocantes<br \/>\nMaterial: Pl\u00e1stico<br \/>\nTipo de pl\u00e1stico: ABS<br \/>\nLadrillos Bloques: 3108 +<br \/>\nSin caja original<\/p>","protected":false},"featured_media":44211,"comment_status":"open","ping_status":"closed","template":"","meta":{"_acf_changed":false},"product_cat":[1365,1395,371,390],"product_tag":[11260,1411,11072,8452,392,6432],"class_list":["product","first","instock","shipping-taxable","purchasable","product-type-simple"],"acf":[],"_links":{"self":[{"href":"https:\/\/mouldking.store\/es\/wp-json\/wp\/v2\/product\/44216","targetHints":{"allow":["GET"]}}],"collection":[{"href":"https:\/\/mouldking.store\/es\/wp-json\/wp\/v2\/product"}],"about":[{"href":"https:\/\/mouldking.store\/es\/wp-json\/wp\/v2\/types\/product"}],"replies":[{"embeddable":true,"href":"https:\/\/mouldking.store\/es\/wp-json\/wp\/v2\/comments?post=44216"}],"wp:featuredmedia":[{"embeddable":true,"href":"https:\/\/mouldking.store\/es\/wp-json\/wp\/v2\/media\/44211"}],"wp:attachment":[{"href":"https:\/\/mouldking.store\/es\/wp-json\/wp\/v2\/media?parent=44216"}],"wp:term":[{"taxonomy":"product_cat","embeddable":true,"href":"https:\/\/mouldking.store\/es\/wp-json\/wp\/v2\/product_cat?post=44216"},{"taxonomy":"product_tag","embeddable":true,"href":"https:\/\/mouldking.store\/es\/wp-json\/wp\/v2\/product_tag?post=44216"}],"curies":[{"name":"wp","href":"https:\/\/api.w.org\/{rel}","templated":true}]}}