{"id":44231,"date":"2023-04-12T11:39:31","date_gmt":"2023-04-12T04:39:31","guid":{"rendered":"https:\/\/mouldking.store\/shop\/panlosbrick-632004-israeli-m60-magach-main-battle-tank-with-1753-pieces\/"},"modified":"2023-04-12T11:39:31","modified_gmt":"2023-04-12T04:39:31","slug":"panlosbrick-632004-israeli-m60-magach-main-battle-tank-with-1753-pieces","status":"publish","type":"product","link":"https:\/\/mouldking.store\/es\/shop\/panlosbrick-632004-israeli-m60-magach-main-battle-tank-with-1753-pieces\/","title":{"rendered":"PANLOSBRICK 632004 Tanque de batalla principal israel\u00ed M60 Magach con 1753 piezas"},"content":{"rendered":"<div>\u2705 PANLOS 632004 Tanque de batalla principal israel\u00ed M60 Magach&nbsp;<br \/>&nbsp;<br \/>\u2705El tanque de batalla principal israel\u00ed M60 Magach es una versi\u00f3n modificada del tanque estadounidense M60 Patton que fue ampliamente utilizado por las Fuerzas de Defensa de Israel (FDI) desde la d\u00e9cada de 1970 hasta principios de la d\u00e9cada de 2000.<\/p>\n<p>\ud83d\udeab \u00a1IMPORTANTE!&nbsp;<br \/>&nbsp;<br \/>Nombre del producto: Tanque de batalla principal israel\u00ed M60 Magach&nbsp;<br \/>&nbsp;<br \/>Categor\u00eda: Militar<br \/>&nbsp;<br \/>Este kit contiene: PANLOS 632004&nbsp;<br \/>&nbsp;<br \/>1753 piezas de ladrillos de buena calidad&nbsp;<br \/>&nbsp;<br \/>Tama\u00f1o: 18x43x19 cm<br \/>&nbsp;<br \/>Instrucciones manuales&nbsp;<br \/>&nbsp;<br \/>\ud83d\udcccNaturaleza del protagonista&nbsp;<br \/>&nbsp;<br \/>Presentamos nuestra orgullosa colecci\u00f3n llamada &quot;Israeli M60 Magach Main Battle Tank&quot; que no debe perderse.&nbsp;<br \/>&nbsp;<br \/>El Magach es esencialmente un tanque M60 mejorado y modificado, con armadura adicional y sistemas de armas mejorados. Se hicieron modificaciones para mejorar la capacidad de supervivencia y la eficacia del tanque en el campo de batalla, particularmente en el terreno accidentado de Israel y el Medio Oriente. El tanque M60 Magach entr\u00f3 en acci\u00f3n en varios conflictos, incluida la Guerra de Yom Kippur de 1973, la Guerra del L\u00edbano de 1982 y la Guerra del Golfo de 1991. A pesar de ser un tanque m\u00e1s antiguo, todav\u00eda se consideraba efectivo en el campo de batalla debido a sus actualizaciones y modificaciones.<\/div>","protected":false},"excerpt":{"rendered":"<p>Marca: PANLOSBRICK<br \/>\nG\u00e9nero: Unisex<br \/>\nRango de edad: &gt; 6 a\u00f1os<br \/>\nN\u00famero de modelo: 632004<br \/>\nClasificaci\u00f3n: Ensamblaje<br \/>\nForma de bloque de pl\u00e1stico: Ladrillos autoblocantes<br \/>\nMaterial: Pl\u00e1stico<br \/>\nTipo de pl\u00e1stico: ABS<br \/>\nLadrillos Bloques: 1753 +<br \/>\nSin caja original<\/p>","protected":false},"featured_media":44224,"comment_status":"open","ping_status":"closed","template":"","meta":{"_acf_changed":false},"product_cat":[1350,1357,372,364],"product_tag":[11711,11712,11713,11710,2641,374,389],"class_list":["product","first","instock","shipping-taxable","purchasable","product-type-simple"],"acf":[],"_links":{"self":[{"href":"https:\/\/mouldking.store\/es\/wp-json\/wp\/v2\/product\/44231","targetHints":{"allow":["GET"]}}],"collection":[{"href":"https:\/\/mouldking.store\/es\/wp-json\/wp\/v2\/product"}],"about":[{"href":"https:\/\/mouldking.store\/es\/wp-json\/wp\/v2\/types\/product"}],"replies":[{"embeddable":true,"href":"https:\/\/mouldking.store\/es\/wp-json\/wp\/v2\/comments?post=44231"}],"wp:featuredmedia":[{"embeddable":true,"href":"https:\/\/mouldking.store\/es\/wp-json\/wp\/v2\/media\/44224"}],"wp:attachment":[{"href":"https:\/\/mouldking.store\/es\/wp-json\/wp\/v2\/media?parent=44231"}],"wp:term":[{"taxonomy":"product_cat","embeddable":true,"href":"https:\/\/mouldking.store\/es\/wp-json\/wp\/v2\/product_cat?post=44231"},{"taxonomy":"product_tag","embeddable":true,"href":"https:\/\/mouldking.store\/es\/wp-json\/wp\/v2\/product_tag?post=44231"}],"curies":[{"name":"wp","href":"https:\/\/api.w.org\/{rel}","templated":true}]}}