{"id":44301,"date":"2023-04-14T09:52:46","date_gmt":"2023-04-14T02:52:46","guid":{"rendered":"https:\/\/mouldking.store\/shop\/moc-factory-101609-destiny-2-hive-ghost-with-1043-pieces\/"},"modified":"2025-12-16T22:25:04","modified_gmt":"2025-12-16T15:25:04","slug":"moc-factory-101609-destiny-2-hive-ghost-with-1043-pieces","status":"publish","type":"product","link":"https:\/\/mouldking.store\/es\/shop\/moc-factory-101609-destiny-2-hive-ghost-with-1043-pieces\/","title":{"rendered":"MOC Factory 101609 Destiny 2 Hive Ghost con 1043 piezas"},"content":{"rendered":"<div>\u2705 MOC-101609 Destiny 2 Fantasma de la colmena<\/p>\n<p>\u2705En el videojuego Destiny 2, el Hive Ghost es un tipo de caparaz\u00f3n de Ghost que los jugadores pueden equipar para personalizar la apariencia de su compa\u00f1ero en el juego, el Ghost. El caparaz\u00f3n de Hive Ghost tiene como tema la colmena, una raza de criaturas alien\u00edgenas antag\u00f3nicas en la tradici\u00f3n del juego.<\/p>\n<p>\ud83d\udeab \u00a1IMPORTANTE!<\/p>\n<p>Nombre del producto: Destiny 2 Hive Ghost<\/p>\n<p>Categor\u00eda: Creador<\/p>\n<p>Este kit contiene: C9345<\/p>\n<p>1043 piezas de ladrillos de buena calidad<\/p>\n<p>Tama\u00f1o: 40x15x24 cm<\/p>\n<p>Peso: 0,637 kg<\/p>\n<p>Instrucciones en PDF<\/p>\n<p>\ud83d\udcccNaturaleza del protagonista<\/p>\n<p>Presentamos nuestra orgullosa colecci\u00f3n llamada &quot;Destiny 2 Hive Ghost&quot; que no debes perderte.<\/p>\n<p>El caparaz\u00f3n de Hive Ghost presenta un dise\u00f1o oscuro y angular con patrones y s\u00edmbolos intrincados que se asemejan a la arquitectura y la est\u00e9tica de Hive. Tambi\u00e9n tiene un conjunto \u00fanico de l\u00edneas de voz y efectos de sonido que se adaptan al tema Hive. En Destiny 2, los fantasmas son compa\u00f1eros de IA que brindan asistencia e informaci\u00f3n al personaje del jugador a lo largo del juego. Se pueden personalizar con varios caparazones de fantasmas, cada uno de los cuales tiene su propia apariencia \u00fanica y un conjunto de ventajas o habilidades. El caparaz\u00f3n de Hive Ghost es uno de los muchos caparazones de Ghost que se pueden obtener a trav\u00e9s del juego o comprando dinero en el juego.<\/p><\/div>","protected":false},"excerpt":{"rendered":"<p>Marca: MOC Factory<br \/>\nG\u00e9nero: Unisex<br \/>\nRango de edad: &gt; 6 a\u00f1os<br \/>\nN\u00famero de modelo: 101609<br \/>\nClasificaci\u00f3n: Ensamblaje<br \/>\nForma de bloque de pl\u00e1stico: Ladrillos autoblocantes<br \/>\nMaterial: Pl\u00e1stico<br \/>\nTipo de pl\u00e1stico: ABS<br \/>\nLadrillos Bloques: 1043 +<br \/>\nSin caja original<\/p>","protected":false},"featured_media":44298,"comment_status":"open","ping_status":"closed","template":"","meta":{"_acf_changed":false},"product_cat":[1365,371],"product_tag":[11072,8452,11726,2964,11727],"class_list":["product","first","instock","shipping-taxable","purchasable","product-type-simple"],"acf":[],"_links":{"self":[{"href":"https:\/\/mouldking.store\/es\/wp-json\/wp\/v2\/product\/44301","targetHints":{"allow":["GET"]}}],"collection":[{"href":"https:\/\/mouldking.store\/es\/wp-json\/wp\/v2\/product"}],"about":[{"href":"https:\/\/mouldking.store\/es\/wp-json\/wp\/v2\/types\/product"}],"replies":[{"embeddable":true,"href":"https:\/\/mouldking.store\/es\/wp-json\/wp\/v2\/comments?post=44301"}],"wp:featuredmedia":[{"embeddable":true,"href":"https:\/\/mouldking.store\/es\/wp-json\/wp\/v2\/media\/44298"}],"wp:attachment":[{"href":"https:\/\/mouldking.store\/es\/wp-json\/wp\/v2\/media?parent=44301"}],"wp:term":[{"taxonomy":"product_cat","embeddable":true,"href":"https:\/\/mouldking.store\/es\/wp-json\/wp\/v2\/product_cat?post=44301"},{"taxonomy":"product_tag","embeddable":true,"href":"https:\/\/mouldking.store\/es\/wp-json\/wp\/v2\/product_tag?post=44301"}],"curies":[{"name":"wp","href":"https:\/\/api.w.org\/{rel}","templated":true}]}}