{"id":44310,"date":"2023-04-14T10:19:10","date_gmt":"2023-04-14T03:19:10","guid":{"rendered":"https:\/\/mouldking.store\/shop\/custom-81067-venator-class-republic-attack-cruiser-with-5458-pieces\/"},"modified":"2023-04-14T10:19:10","modified_gmt":"2023-04-14T03:19:10","slug":"custom-81067-venator-class-republic-attack-cruiser-with-5458-pieces","status":"publish","type":"product","link":"https:\/\/mouldking.store\/es\/shop\/custom-81067-venator-class-republic-attack-cruiser-with-5458-pieces\/","title":{"rendered":"Crucero de ataque de la Rep\u00fablica de clase Venator 81067 personalizado con 5458 piezas"},"content":{"rendered":"<div>\u2705 Crucero de ataque de la Rep\u00fablica personalizado 81067 clase Venator<br \/>&nbsp;<br \/>\u2705En el universo de Star Wars, el crucero de ataque de la Rep\u00fablica clase Venator es un tipo de nave de guerra utilizada por la Rep\u00fablica Gal\u00e1ctica durante las Guerras Clon. Es una nave grande y poderosa dise\u00f1ada tanto para el combate espacial como para el asalto terrestre.<br \/>&nbsp;<br \/>\ud83d\udeab \u00a1IMPORTANTE!&nbsp;<br \/>&nbsp;<br \/>Nombre del producto: Crucero de ataque de la Rep\u00fablica clase Venator<br \/>&nbsp;<br \/>Categor\u00eda: Guerra de las Galaxias<br \/>&nbsp;<br \/>Este kit contiene: Personalizado 81067<br \/>&nbsp;<br \/>5458 piezas de ladrillos de buena calidad&nbsp;<br \/>&nbsp;<br \/>Tama\u00f1o: 112 \u00d7 59 \u00d7 31 cm<br \/>&nbsp;<br \/>Instrucciones manuales&nbsp;<br \/>&nbsp;<br \/>\ud83d\udcccNaturaleza del protagonista&nbsp;<br \/>&nbsp;<br \/>Presentamos nuestra orgullosa colecci\u00f3n llamada &quot;Crucero de ataque de la Rep\u00fablica de clase Venator&quot; que no debe perderse.&nbsp;<br \/>&nbsp;<br \/>El crucero de clase Venator mide m\u00e1s de un kil\u00f3metro de largo y est\u00e1 armado con una variedad de armas, incluidos turbol\u00e1seres, ca\u00f1ones de iones y lanzadores de misiles de conmoci\u00f3n cerebral. Tambi\u00e9n tiene un complemento de cazas estelares, incluidos los cazas estelares Jedi, ARC-170 y V-wings, que se pueden lanzar desde sus hangares. El crucero clase Venator fue utilizado ampliamente por la Armada de la Rep\u00fablica durante las Guerras Clon y jug\u00f3 un papel importante en muchas de las batallas clave del conflicto, como la Batalla de Coruscant y la Batalla de Kashyyyk. Despu\u00e9s de la ca\u00edda de la Rep\u00fablica y el surgimiento del Imperio Gal\u00e1ctico, el nuevo r\u00e9gimen desmantel\u00f3 o reutiliz\u00f3 muchos cruceros de la clase Venator.<\/div>","protected":false},"excerpt":{"rendered":"<p>Marca: Personalizado<br \/>\nG\u00e9nero: Unisex<br \/>\nRango de edad: &gt; 14 a\u00f1os<br \/>\nN\u00famero de modelo: 81067<br \/>\nClasificaci\u00f3n: Ensamblaje<br \/>\nForma de bloque de pl\u00e1stico: Ladrillos autoblocantes<br \/>\nMaterial: Pl\u00e1stico<br \/>\nTipo de pl\u00e1stico: ABS<br \/>\nLadrillos Bloques: 5458 +<br \/>\nSin caja original<\/p>","protected":false},"featured_media":44309,"comment_status":"open","ping_status":"closed","template":"","meta":{"_acf_changed":false},"product_cat":[581,6016,415,1408],"product_tag":[11328,5541,434,3443,2276,436,11729],"class_list":["product","first","instock","shipping-taxable","purchasable","product-type-simple"],"acf":[],"_links":{"self":[{"href":"https:\/\/mouldking.store\/es\/wp-json\/wp\/v2\/product\/44310","targetHints":{"allow":["GET"]}}],"collection":[{"href":"https:\/\/mouldking.store\/es\/wp-json\/wp\/v2\/product"}],"about":[{"href":"https:\/\/mouldking.store\/es\/wp-json\/wp\/v2\/types\/product"}],"replies":[{"embeddable":true,"href":"https:\/\/mouldking.store\/es\/wp-json\/wp\/v2\/comments?post=44310"}],"wp:featuredmedia":[{"embeddable":true,"href":"https:\/\/mouldking.store\/es\/wp-json\/wp\/v2\/media\/44309"}],"wp:attachment":[{"href":"https:\/\/mouldking.store\/es\/wp-json\/wp\/v2\/media?parent=44310"}],"wp:term":[{"taxonomy":"product_cat","embeddable":true,"href":"https:\/\/mouldking.store\/es\/wp-json\/wp\/v2\/product_cat?post=44310"},{"taxonomy":"product_tag","embeddable":true,"href":"https:\/\/mouldking.store\/es\/wp-json\/wp\/v2\/product_tag?post=44310"}],"curies":[{"name":"wp","href":"https:\/\/api.w.org\/{rel}","templated":true}]}}