{"id":44852,"date":"2023-04-27T16:31:39","date_gmt":"2023-04-27T09:31:39","guid":{"rendered":"https:\/\/mouldking.store\/shop\/mould-king-19003-rc-truck-with-concrete-pump-with-4368-pieces\/"},"modified":"2023-04-27T16:31:39","modified_gmt":"2023-04-27T09:31:39","slug":"mould-king-19003-rc-truck-with-concrete-pump-with-4368-pieces","status":"publish","type":"product","link":"https:\/\/mouldking.store\/es\/shop\/mould-king-19003-rc-truck-with-concrete-pump-with-4368-pieces\/","title":{"rendered":"Cami\u00f3n RC con bomba de hormig\u00f3n MOULD KING 19003 con 4368 piezas"},"content":{"rendered":"<div>Cami\u00f3n RC Mould King 19003 con bomba de hormig\u00f3n<br \/>&nbsp;<br \/>Un cami\u00f3n RC (control remoto) con bomba de hormig\u00f3n es una versi\u00f3n en miniatura de un cami\u00f3n bomba de hormig\u00f3n real, controlado remotamente por un operador mediante un control remoto. Est\u00e1 dise\u00f1ado para simular las funciones de un cami\u00f3n bomba de hormig\u00f3n de tama\u00f1o real y se utiliza frecuentemente en obras de construcci\u00f3n.<br \/>&nbsp;<br \/>\ud83d\udeab \u00a1IMPORTANTE!&nbsp;<br \/>&nbsp;<br \/>Nombre del producto: Cami\u00f3n RC con bomba de hormig\u00f3n<br \/>&nbsp;<br \/>Categor\u00eda: T\u00e9cnica<br \/>&nbsp;<br \/>Este kit contiene: Mould King 19003<br \/>&nbsp;<br \/>4368 piezas de ladrillos de buena calidad&nbsp;<br \/>&nbsp;<br \/>Tama\u00f1o: 43 \u00d7 60 \u00d7 98 cm<br \/>&nbsp;<br \/>Instrucciones manuales&nbsp;<br \/>&nbsp;<br \/>\ud83d\udcccNaturaleza del protagonista&nbsp;<br \/>&nbsp;<br \/>Presentamos nuestra orgullosa colecci\u00f3n llamada \u201cCami\u00f3n RC con bomba de hormig\u00f3n\u201d que no debe perderse.&nbsp;<br \/>&nbsp;<br \/>El cami\u00f3n est\u00e1 equipado con una bomba de hormig\u00f3n que puede bombear hormig\u00f3n a una altura de varios metros. La bomba funciona mediante un sistema hidr\u00e1ulico alimentado por un motor el\u00e9ctrico. El hormig\u00f3n se transporta a la bomba mediante una cinta transportadora o un tambor giratorio, y luego se bombea a trav\u00e9s de una manguera hasta el punto deseado. El cami\u00f3n RC con bomba de hormig\u00f3n suele estar fabricado con materiales de alta calidad, como metal y pl\u00e1stico, para garantizar su durabilidad y longevidad. El controlador se utiliza para controlar diversas funciones del cami\u00f3n, como la conducci\u00f3n, la direcci\u00f3n y el funcionamiento de la bomba. El operador puede controlar la velocidad y la direcci\u00f3n del cami\u00f3n, as\u00ed como el caudal y la direcci\u00f3n del hormig\u00f3n.<\/div>","protected":false},"excerpt":{"rendered":"<p>Marca: MOLD KING<br \/>\nG\u00e9nero: Unisex<br \/>\nRango de edad: &gt; 14 a\u00f1os<br \/>\nN\u00famero de modelo: 19003<br \/>\nClasificaci\u00f3n: Ensamblaje<br \/>\nForma de bloque de pl\u00e1stico: Ladrillos autoblocantes<br \/>\nMaterial: Pl\u00e1stico<br \/>\nTipo de pl\u00e1stico: ABS<br \/>\nBloques de ladrillos: 4368 +<br \/>\nSin caja original<\/p>","protected":false},"featured_media":44845,"comment_status":"open","ping_status":"closed","template":"","meta":{"_acf_changed":false},"product_cat":[1357,364],"product_tag":[11815,11816,389,11080,466],"class_list":["product","first","instock","shipping-taxable","purchasable","product-type-simple"],"acf":[],"_links":{"self":[{"href":"https:\/\/mouldking.store\/es\/wp-json\/wp\/v2\/product\/44852","targetHints":{"allow":["GET"]}}],"collection":[{"href":"https:\/\/mouldking.store\/es\/wp-json\/wp\/v2\/product"}],"about":[{"href":"https:\/\/mouldking.store\/es\/wp-json\/wp\/v2\/types\/product"}],"replies":[{"embeddable":true,"href":"https:\/\/mouldking.store\/es\/wp-json\/wp\/v2\/comments?post=44852"}],"wp:featuredmedia":[{"embeddable":true,"href":"https:\/\/mouldking.store\/es\/wp-json\/wp\/v2\/media\/44845"}],"wp:attachment":[{"href":"https:\/\/mouldking.store\/es\/wp-json\/wp\/v2\/media?parent=44852"}],"wp:term":[{"taxonomy":"product_cat","embeddable":true,"href":"https:\/\/mouldking.store\/es\/wp-json\/wp\/v2\/product_cat?post=44852"},{"taxonomy":"product_tag","embeddable":true,"href":"https:\/\/mouldking.store\/es\/wp-json\/wp\/v2\/product_tag?post=44852"}],"curies":[{"name":"wp","href":"https:\/\/api.w.org\/{rel}","templated":true}]}}