{"id":47113,"date":"2023-06-26T11:26:05","date_gmt":"2023-06-26T04:26:05","guid":{"rendered":"https:\/\/mouldking.store\/shop\/panlosbrick-672106-rapid-with-2426-pieces\/"},"modified":"2023-06-26T11:26:05","modified_gmt":"2023-06-26T04:26:05","slug":"panlosbrick-672106-rapid-with-2426-pieces","status":"publish","type":"product","link":"https:\/\/mouldking.store\/es\/shop\/panlosbrick-672106-rapid-with-2426-pieces\/","title":{"rendered":"PANLOSBRICK 672106 Rapid with 2426 Pieces"},"content":{"rendered":"<div>\u2705 PANLOS 672106 R\u00e1pido<br \/>&nbsp;<br \/>\u2705PANLOS 672106 Rapid Motorcycle es un juego de construcci\u00f3n enfocado en construir un modelo de motocicleta con bloques. Incluye varias piezas y componentes para ensamblar la motocicleta, como ruedas, chasis, carrocer\u00eda y otros detalles.<br \/>&nbsp;<br \/>\ud83d\udeab \u00a1IMPORTANTE!&nbsp;<br \/>&nbsp;<br \/>Nombre del producto: R\u00e1pido<br \/>&nbsp;<br \/>Categor\u00eda: T\u00e9cnica&nbsp;<br \/>&nbsp;<br \/>Este kit contiene: PANLOS 672106&nbsp;<br \/>&nbsp;<br \/>2426 piezas de ladrillos de buena calidad&nbsp;<br \/>&nbsp;<br \/>Tama\u00f1o: 54 \u00d7 18 \u00d7 27 cm<br \/>&nbsp;<br \/>Instrucciones manuales&nbsp;<br \/>&nbsp;<br \/>\ud83d\udcccNaturaleza del protagonista&nbsp;<br \/>&nbsp;<br \/>Presentamos nuestra orgullosa colecci\u00f3n llamada \u201cRapid\u201d que no debes perderte.&nbsp;<br \/>&nbsp;<br \/>Los sets de bloques de construcci\u00f3n como este suelen incluir instrucciones que gu\u00edan a los usuarios durante el proceso de construcci\u00f3n, permiti\u00e9ndoles seguir las instrucciones paso a paso para construir el modelo. Estos sets fomentan la creatividad, la resoluci\u00f3n de problemas y la motricidad fina mientras los constructores ensamblan las piezas y crean sus propios dise\u00f1os de motocicletas.<\/div>","protected":false},"excerpt":{"rendered":"<p>Marca: PANLOSBRICK<br \/>\nG\u00e9nero: Unisex<br \/>\nRango de edad: &gt; 6 a\u00f1os<br \/>\nModel Number: 672106<br \/>\nClasificaci\u00f3n: Ensamblaje<br \/>\nForma de bloque de pl\u00e1stico: Ladrillos autoblocantes<br \/>\nMaterial: Pl\u00e1stico<br \/>\nTipo de pl\u00e1stico: ABS<br \/>\nBricks Blocks: 2426 +<br \/>\nSin caja original<\/p>","protected":false},"featured_media":47108,"comment_status":"open","ping_status":"closed","template":"","meta":{"_acf_changed":false},"product_cat":[1357,364],"product_tag":[2449,12144,389,11080],"class_list":["product","first","instock","shipping-taxable","purchasable","product-type-simple"],"acf":[],"_links":{"self":[{"href":"https:\/\/mouldking.store\/es\/wp-json\/wp\/v2\/product\/47113","targetHints":{"allow":["GET"]}}],"collection":[{"href":"https:\/\/mouldking.store\/es\/wp-json\/wp\/v2\/product"}],"about":[{"href":"https:\/\/mouldking.store\/es\/wp-json\/wp\/v2\/types\/product"}],"replies":[{"embeddable":true,"href":"https:\/\/mouldking.store\/es\/wp-json\/wp\/v2\/comments?post=47113"}],"wp:featuredmedia":[{"embeddable":true,"href":"https:\/\/mouldking.store\/es\/wp-json\/wp\/v2\/media\/47108"}],"wp:attachment":[{"href":"https:\/\/mouldking.store\/es\/wp-json\/wp\/v2\/media?parent=47113"}],"wp:term":[{"taxonomy":"product_cat","embeddable":true,"href":"https:\/\/mouldking.store\/es\/wp-json\/wp\/v2\/product_cat?post=47113"},{"taxonomy":"product_tag","embeddable":true,"href":"https:\/\/mouldking.store\/es\/wp-json\/wp\/v2\/product_tag?post=47113"}],"curies":[{"name":"wp","href":"https:\/\/api.w.org\/{rel}","templated":true}]}}