{"id":47230,"date":"2023-06-26T18:27:33","date_gmt":"2023-06-26T11:27:33","guid":{"rendered":"https:\/\/mouldking.store\/shop\/moc-factory-89338-garten-of-banban-nabnaleena-with-299-pieces\/"},"modified":"2025-12-16T22:24:54","modified_gmt":"2025-12-16T15:24:54","slug":"moc-factory-89338-garten-of-banban-nabnaleena-with-299-pieces","status":"publish","type":"product","link":"https:\/\/mouldking.store\/es\/shop\/moc-factory-89338-garten-of-banban-nabnaleena-with-299-pieces\/","title":{"rendered":"F\u00e1brica MOC 89338 Jard\u00edn de Banban Nabnaleena con 299 piezas"},"content":{"rendered":"<div>\u2705 MOC-89338 Jard\u00edn de Banban Nabnaleena<\/p>\n<p>La apariencia de Nabnaleena es casi id\u00e9ntica a la de Nabnab. Al igual que \u00e9l, es un monstruo de cuatro patas con forma de ara\u00f1a, tres ojos y una gran boca llena de dientes afilados. Sin embargo, su piel es negra en lugar de azul como la de Nabnab. Lleva un lazo verde que se inclina hacia el lado izquierdo de su cabeza.<\/p>\n<p>\ud83d\udeab \u00a1IMPORTANTE!<\/p>\n<p>Nombre del producto: Jard\u00edn de Banban Nabnaleena<\/p>\n<p>Categor\u00eda: Pel\u00edcula<\/p>\n<p>Este kit contiene: C9595Y03<\/p>\n<p>299 piezas de ladrillos de buena calidad<\/p>\n<p>Tama\u00f1o: 28,4 x 5,7 x 24,5 cm<\/p>\n<p>Peso: 0,2 kg<\/p>\n<p>Instrucciones en PDF<\/p>\n<p>\ud83d\udcccNaturaleza del protagonista<\/p>\n<p>Presentamos nuestra orgullosa colecci\u00f3n llamada \u201cGarten of Banban Nabnaleena\u201d que no debes perderte.<\/p>\n<p>Nabnaleena hace su primera aparici\u00f3n en el Centro M\u00e9dico, donde el jugador debe completar un minijuego para obtener Givanium e inyect\u00e1rselo seis veces, seg\u00fan lo indicado por Banban. Para reparar los botones y no tener que reiniciar el minijuego, el jugador debe usar su dron para activar los botones de la habitaci\u00f3n y cambiar la pantalla a su color de ca\u00edda correcto, lo que le permite continuar. Tras repetir el proceso seis veces, se abrir\u00e1 una puerta que le otorgar\u00e1 el disco de audio. Nabnaleena se asomar\u00e1 por la puerta que da al pasillo y se retirar\u00e1 tras la puerta cuando el jugador se acerque a ella. El jugador debe regresar y, tras insertar el disco de audio, Nabnaleena se arrastrar\u00e1 por el techo. Tras unos segundos, Nabnaleena saldr\u00e1 por la puerta oscura para encontrarse con ella. Ambos se arrastrar\u00e1n un momento y se ir\u00e1n. Al cabo de un rato, se oir\u00e1n sonidos similares a los de Jumbo Josh, seguidos de un sonido fuerte y m\u00e1s violento. Despu\u00e9s de eso, Nabnaleena regresar\u00e1 corriendo y entrar\u00e1 en la habitaci\u00f3n de Nabnab. Nabnab aparece m\u00e1s tarde, inconsciente, con Banbaleena en la Habitaci\u00f3n Jumbo.<\/p><\/div>","protected":false},"excerpt":{"rendered":"<p>Marca: MOC Factory<br \/>\nG\u00e9nero: Unisex<br \/>\nRango de edad: &gt; 6 a\u00f1os<br \/>\nN\u00famero de modelo: 89338<br \/>\nClasificaci\u00f3n: Ensamblaje<br \/>\nForma de bloque de pl\u00e1stico: Ladrillos autoblocantes<br \/>\nMaterial: Pl\u00e1stico<br \/>\nTipo de pl\u00e1stico: ABS<br \/>\nBloques de ladrillos: 299 +<br \/>\nSin caja original<\/p>","protected":false},"featured_media":47223,"comment_status":"open","ping_status":"closed","template":"","meta":{"_acf_changed":false},"product_cat":[1365,371],"product_tag":[11475,11072,8452,9139,11474,12099,12160],"class_list":["product","first","instock","shipping-taxable","purchasable","product-type-simple"],"acf":[],"_links":{"self":[{"href":"https:\/\/mouldking.store\/es\/wp-json\/wp\/v2\/product\/47230","targetHints":{"allow":["GET"]}}],"collection":[{"href":"https:\/\/mouldking.store\/es\/wp-json\/wp\/v2\/product"}],"about":[{"href":"https:\/\/mouldking.store\/es\/wp-json\/wp\/v2\/types\/product"}],"replies":[{"embeddable":true,"href":"https:\/\/mouldking.store\/es\/wp-json\/wp\/v2\/comments?post=47230"}],"wp:featuredmedia":[{"embeddable":true,"href":"https:\/\/mouldking.store\/es\/wp-json\/wp\/v2\/media\/47223"}],"wp:attachment":[{"href":"https:\/\/mouldking.store\/es\/wp-json\/wp\/v2\/media?parent=47230"}],"wp:term":[{"taxonomy":"product_cat","embeddable":true,"href":"https:\/\/mouldking.store\/es\/wp-json\/wp\/v2\/product_cat?post=47230"},{"taxonomy":"product_tag","embeddable":true,"href":"https:\/\/mouldking.store\/es\/wp-json\/wp\/v2\/product_tag?post=47230"}],"curies":[{"name":"wp","href":"https:\/\/api.w.org\/{rel}","templated":true}]}}