{"id":48178,"date":"2023-07-11T11:39:02","date_gmt":"2023-07-11T04:39:02","guid":{"rendered":"https:\/\/mouldking.store\/shop\/wange-4224-england-stonehenge-wiltshire-with-753-pieces\/"},"modified":"2023-07-11T11:39:02","modified_gmt":"2023-07-11T04:39:02","slug":"wange-4224-england-stonehenge-wiltshire-with-753-pieces","status":"publish","type":"product","link":"https:\/\/mouldking.store\/es\/shop\/wange-4224-england-stonehenge-wiltshire-with-753-pieces\/","title":{"rendered":"WANGE 4224 Inglaterra Stonehenge Wiltshire con 753 piezas"},"content":{"rendered":"<div>\u2705 WANGE 4224 Inglaterra Stonehenge Wiltshire<br \/>&nbsp;<br \/>Stonehenge es un monumento prehist\u00f3rico de renombre mundial ubicado en Wiltshire, Inglaterra. Es un sitio ic\u00f3nico y enigm\u00e1tico que atrae a millones de visitantes cada a\u00f1o.&nbsp;<br \/>&nbsp;<br \/>\ud83d\udeab \u00a1IMPORTANTE!&nbsp;<br \/>&nbsp;<br \/>Nombre del producto: Inglaterra Stonehenge Wiltshire<br \/>&nbsp;<br \/>Categor\u00eda: Edificio Modular<br \/>&nbsp;<br \/>Este kit contiene: WANGE 4224&nbsp;<br \/>&nbsp;<br \/>753 piezas de ladrillos de buena calidad&nbsp;<br \/>&nbsp;<br \/>Tama\u00f1o: 27,2 \u00d7 27,2 \u00d7 8,4 cm<br \/>&nbsp;<br \/>Instrucciones manuales&nbsp;<br \/>&nbsp;<br \/>\ud83d\udcccNaturaleza del protagonista&nbsp;<br \/>&nbsp;<br \/>Presentamos nuestra orgullosa colecci\u00f3n llamada \u201cEngland Stonehenge Wiltshire\u201d que no debe perderse.&nbsp;<br \/>&nbsp;<br \/>&nbsp;Stonehenge se encuentra en la llanura de Salisbury, a unos 13 kil\u00f3metros (8 millas) al norte de la ciudad de Salisbury, en Wiltshire, Inglaterra. Stonehenge est\u00e1 compuesto por grandes menhires dispuestos en un patr\u00f3n circular. El monumento consta de dos tipos principales de piedras: las piedras sarsen, de mayor tama\u00f1o, y las piedras azules, de menor tama\u00f1o. Las piedras fueron cuidadosamente talladas y colocadas para crear un extraordinario complejo arquitect\u00f3nico y ceremonial. El prop\u00f3sito de Stonehenge sigue siendo objeto de debate y especulaci\u00f3n. Se cree que sirvi\u00f3 como lugar ceremonial y religioso, posiblemente asociado con rituales, entierros y observaciones astron\u00f3micas. Su alineaci\u00f3n con los solsticios sugiere una conexi\u00f3n con eventos celestiales.<\/div>","protected":false},"excerpt":{"rendered":"<p>Marca: WANGE<br \/>\nG\u00e9nero: Unisex<br \/>\nRango de edad: &gt; 6 a\u00f1os<br \/>\nN\u00famero de modelo: 4224<br \/>\nClasificaci\u00f3n: Ensamblaje<br \/>\nForma de bloque de pl\u00e1stico: Ladrillos autoblocantes<br \/>\nMaterial: Pl\u00e1stico<br \/>\nTipo de pl\u00e1stico: ABS<br \/>\nBloques de ladrillos: 753 +<br \/>\nSin caja original<\/p>","protected":false},"featured_media":48173,"comment_status":"open","ping_status":"closed","template":"","meta":{"_acf_changed":false},"product_cat":[1395,390],"product_tag":[4883,12295,392,12296,12297],"class_list":["product","first","instock","shipping-taxable","purchasable","product-type-simple"],"acf":[],"_links":{"self":[{"href":"https:\/\/mouldking.store\/es\/wp-json\/wp\/v2\/product\/48178","targetHints":{"allow":["GET"]}}],"collection":[{"href":"https:\/\/mouldking.store\/es\/wp-json\/wp\/v2\/product"}],"about":[{"href":"https:\/\/mouldking.store\/es\/wp-json\/wp\/v2\/types\/product"}],"replies":[{"embeddable":true,"href":"https:\/\/mouldking.store\/es\/wp-json\/wp\/v2\/comments?post=48178"}],"wp:featuredmedia":[{"embeddable":true,"href":"https:\/\/mouldking.store\/es\/wp-json\/wp\/v2\/media\/48173"}],"wp:attachment":[{"href":"https:\/\/mouldking.store\/es\/wp-json\/wp\/v2\/media?parent=48178"}],"wp:term":[{"taxonomy":"product_cat","embeddable":true,"href":"https:\/\/mouldking.store\/es\/wp-json\/wp\/v2\/product_cat?post=48178"},{"taxonomy":"product_tag","embeddable":true,"href":"https:\/\/mouldking.store\/es\/wp-json\/wp\/v2\/product_tag?post=48178"}],"curies":[{"name":"wp","href":"https:\/\/api.w.org\/{rel}","templated":true}]}}