{"id":48316,"date":"2023-07-15T21:15:08","date_gmt":"2023-07-15T14:15:08","guid":{"rendered":"https:\/\/mouldking.store\/shop\/moc-factory-89301-skibidi-toilet-g-man-toilet-with-196-pieces\/"},"modified":"2025-12-16T22:24:50","modified_gmt":"2025-12-16T15:24:50","slug":"moc-factory-89301-skibidi-toilet-g-man-toilet-with-196-pieces","status":"publish","type":"product","link":"https:\/\/mouldking.store\/es\/shop\/moc-factory-89301-skibidi-toilet-g-man-toilet-with-196-pieces\/","title":{"rendered":"MOC Factory 89301 Inodoro Skibidi G-Man con 196 piezas"},"content":{"rendered":"<div>\u2705 MOC-89301 Inodoro Skibidi Inodoro G-Man<\/p>\n<p>\u2705G-Man Skibidi Toilet, G-Mannus Bossis Skibididus, el Tit\u00e1n Skibidi Toilet, o G-Toilet para abreviar, es el antagonista principal de la serie de cortos de YouTube Skibidi Toilet. Es el m\u00e1s poderoso de los Skibidi Toilets, as\u00ed como su poderoso l\u00edder. G-Toilet crece en tama\u00f1o en cada episodio y posee habilidades \u00fanicas.<\/p>\n<p>\ud83d\udeab \u00a1IMPORTANTE!<\/p>\n<p>Nombre del producto: Inodoro Skibidi G-Man<\/p>\n<p>Categor\u00eda: Pel\u00edcula<\/p>\n<p>Este kit contiene: C9634Y01<\/p>\n<p>196 piezas de ladrillos de buena calidad<\/p>\n<p>Tama\u00f1o: 12,8 x 7,5 x 14,5 cm<\/p>\n<p>Peso: 0,3 kg<\/p>\n<p>Instrucciones en PDF<\/p>\n<p>\ud83d\udcccNaturaleza del protagonista<\/p>\n<p>Presentamos nuestra orgullosa colecci\u00f3n llamada \u201cSkibidi Toilet G-Man Toilet\u201d que no debe perderse.<\/p>\n<p>En el Episodio 38, el G-Toilet recibi\u00f3 varias mejoras. Todas sus mejoras son similares a las del Gran Inodoro Skibidi Camuflado 2.0, contra el que luch\u00f3 el Tit\u00e1n Speakerman antes de su desafortunada infecci\u00f3n. La parte principal del cuerpo, tambi\u00e9n conocida como el inodoro, ahora es de color negro mate, con dos cohetes propulsores supermasivos a cada lado, as\u00ed como dos ca\u00f1ones l\u00e1ser adicionales. Esto significa que el G-Toilet puede disparar el doble de l\u00e1seres mientras vuela. G-Man destruy\u00f3 el Tanque L\u00e1ser Desactivador de Par\u00e1sitos Electromagn\u00e9ticos (EPDLT), que ten\u00eda el poder de curar al Tit\u00e1n Speakerman.<\/p><\/div>","protected":false},"excerpt":{"rendered":"<p>Marca: MOC Factory<br \/>\nG\u00e9nero: Unisex<br \/>\nRango de edad: &gt; 6 a\u00f1os<br \/>\nN\u00famero de modelo: 89301<br \/>\nClasificaci\u00f3n: Ensamblaje<br \/>\nForma de bloque de pl\u00e1stico: Ladrillos autoblocantes<br \/>\nMaterial: Pl\u00e1stico<br \/>\nTipo de pl\u00e1stico: ABS<br \/>\nBloques de ladrillos: 196 +<br \/>\nSin caja original<\/p>","protected":false},"featured_media":48311,"comment_status":"open","ping_status":"closed","template":"","meta":{"_acf_changed":false},"product_cat":[1365,371,581,1408],"product_tag":[11072,8452,12322,9139,434,12101,12200],"class_list":["product","first","instock","shipping-taxable","purchasable","product-type-simple"],"acf":[],"_links":{"self":[{"href":"https:\/\/mouldking.store\/es\/wp-json\/wp\/v2\/product\/48316","targetHints":{"allow":["GET"]}}],"collection":[{"href":"https:\/\/mouldking.store\/es\/wp-json\/wp\/v2\/product"}],"about":[{"href":"https:\/\/mouldking.store\/es\/wp-json\/wp\/v2\/types\/product"}],"replies":[{"embeddable":true,"href":"https:\/\/mouldking.store\/es\/wp-json\/wp\/v2\/comments?post=48316"}],"wp:featuredmedia":[{"embeddable":true,"href":"https:\/\/mouldking.store\/es\/wp-json\/wp\/v2\/media\/48311"}],"wp:attachment":[{"href":"https:\/\/mouldking.store\/es\/wp-json\/wp\/v2\/media?parent=48316"}],"wp:term":[{"taxonomy":"product_cat","embeddable":true,"href":"https:\/\/mouldking.store\/es\/wp-json\/wp\/v2\/product_cat?post=48316"},{"taxonomy":"product_tag","embeddable":true,"href":"https:\/\/mouldking.store\/es\/wp-json\/wp\/v2\/product_tag?post=48316"}],"curies":[{"name":"wp","href":"https:\/\/api.w.org\/{rel}","templated":true}]}}