{"id":48710,"date":"2023-07-25T16:55:42","date_gmt":"2023-07-25T09:55:42","guid":{"rendered":"https:\/\/mouldking.store\/shop\/juhang-88005-f-18-carrier-based-fighter-hornet-with-1576-pieces\/"},"modified":"2023-07-25T16:55:42","modified_gmt":"2023-07-25T09:55:42","slug":"juhang-88005-f-18-carrier-based-fighter-hornet-with-1576-pieces","status":"publish","type":"product","link":"https:\/\/mouldking.store\/es\/shop\/juhang-88005-f-18-carrier-based-fighter-hornet-with-1576-pieces\/","title":{"rendered":"Juhang 88005 F-18 Carrier-based Fighter Hornet with 1576 Pieces"},"content":{"rendered":"<div>\u2705 Juhang 88005 F-18 Caza embarcado Hornet<br \/>&nbsp;<br \/>\u2705El F\/A-18 Hornet es un avi\u00f3n de combate multifunci\u00f3n con base en portaaviones dise\u00f1ado y fabricado por McDonnell Douglas (posteriormente fusionada con Boeing) para la Armada y el Cuerpo de Marines de los Estados Unidos. Es un avi\u00f3n vers\u00e1til capaz de realizar una amplia gama de misiones, incluido el combate aire-aire, los ataques aire-tierra y el reconocimiento. El F\/A-18 Hornet ha sido un elemento b\u00e1sico de las alas a\u00e9reas de portaaviones de la Armada de los Estados Unidos desde su introducci\u00f3n en la d\u00e9cada de 1980.<br \/>&nbsp;<br \/>\ud83d\udeab \u00a1IMPORTANTE!&nbsp;<br \/>&nbsp;<br \/>Nombre del producto: Caza embarcado F-18 Hornet<br \/>&nbsp;<br \/>Categor\u00eda: Militar&nbsp;<br \/>&nbsp;<br \/>Este kit contiene: Juhang 88005<br \/>&nbsp;<br \/>1576 piezas de ladrillos de buena calidad&nbsp;<br \/>&nbsp;<br \/>Tama\u00f1o: 53,5 \u00d7 41 \u00d7 13 cm<br \/>&nbsp;<br \/>Instrucciones manuales&nbsp;<br \/>&nbsp;<br \/>\ud83d\udcccNaturaleza del protagonista&nbsp;<br \/>&nbsp;<br \/>Presentamos nuestra orgullosa colecci\u00f3n llamada \u201cF-18 Carrier-based Fighter Hornet\u201d que no debes perderte.&nbsp;<br \/>&nbsp;<br \/>El F\/A-18 Hornet ha sido un caballo de batalla para la Armada y el Cuerpo de Marines de los EE. UU., prestando servicio en varios conflictos y operaciones a lo largo de los a\u00f1os. Su versatilidad, robustez y adaptabilidad lo han convertido en un recurso confiable en las alas a\u00e9reas de los portaaviones, contribuyendo a la proyecci\u00f3n del poder a\u00e9reo estadounidense en todo el mundo.<\/div>","protected":false},"excerpt":{"rendered":"<p>Brand: Juhang<br \/>\nG\u00e9nero: Unisex<br \/>\nRango de edad: &gt; 6 a\u00f1os<br \/>\nModel Number: 88005<br \/>\nClasificaci\u00f3n: Ensamblaje<br \/>\nForma de bloque de pl\u00e1stico: Ladrillos autoblocantes<br \/>\nMaterial: Pl\u00e1stico<br \/>\nTipo de pl\u00e1stico: ABS<br \/>\nBricks Blocks: 1576 +<br \/>\nSin caja original<\/p>","protected":false},"featured_media":48709,"comment_status":"open","ping_status":"closed","template":"","meta":{"_acf_changed":false},"product_cat":[1350,1357,372,364],"product_tag":[12176,7373,12384,7374,12385,12386,374,389],"class_list":["product","first","instock","shipping-taxable","purchasable","product-type-simple"],"acf":[],"_links":{"self":[{"href":"https:\/\/mouldking.store\/es\/wp-json\/wp\/v2\/product\/48710","targetHints":{"allow":["GET"]}}],"collection":[{"href":"https:\/\/mouldking.store\/es\/wp-json\/wp\/v2\/product"}],"about":[{"href":"https:\/\/mouldking.store\/es\/wp-json\/wp\/v2\/types\/product"}],"replies":[{"embeddable":true,"href":"https:\/\/mouldking.store\/es\/wp-json\/wp\/v2\/comments?post=48710"}],"wp:featuredmedia":[{"embeddable":true,"href":"https:\/\/mouldking.store\/es\/wp-json\/wp\/v2\/media\/48709"}],"wp:attachment":[{"href":"https:\/\/mouldking.store\/es\/wp-json\/wp\/v2\/media?parent=48710"}],"wp:term":[{"taxonomy":"product_cat","embeddable":true,"href":"https:\/\/mouldking.store\/es\/wp-json\/wp\/v2\/product_cat?post=48710"},{"taxonomy":"product_tag","embeddable":true,"href":"https:\/\/mouldking.store\/es\/wp-json\/wp\/v2\/product_tag?post=48710"}],"curies":[{"name":"wp","href":"https:\/\/api.w.org\/{rel}","templated":true}]}}