{"id":49071,"date":"2023-07-31T10:16:42","date_gmt":"2023-07-31T03:16:42","guid":{"rendered":"https:\/\/mouldking.store\/shop\/quanguan-100145-lamborghini-huracan-super-trofeo-evo-with-360-pieces\/"},"modified":"2023-07-31T10:16:42","modified_gmt":"2023-07-31T03:16:42","slug":"quanguan-100145-lamborghini-huracan-super-trofeo-evo-with-360-pieces","status":"publish","type":"product","link":"https:\/\/mouldking.store\/es\/shop\/quanguan-100145-lamborghini-huracan-super-trofeo-evo-with-360-pieces\/","title":{"rendered":"QUANGUAN 100145 Lamborghini Hurac\u00e1n Super Trofeo EVO con 360 Piezas"},"content":{"rendered":"<div>\u2705 Quanguan 100145 Lamborghini Hurac\u00e1n Super Trofeo EVO<br \/>&nbsp;<br \/>El Lamborghini Hurac\u00e1n Super Trofeo EVO es un coche de carreras pensado para la pista, desarrollado por Lamborghini Squadra Corse, la divisi\u00f3n de automovilismo de Lamborghini. Est\u00e1 dise\u00f1ado espec\u00edficamente para la serie monomarca Lamborghini Super Trofeo, que se celebra en varios circuitos de todo el mundo.<br \/>&nbsp;<br \/>\ud83d\udeab \u00a1IMPORTANTE!&nbsp;<br \/>&nbsp;<br \/>Nombre del producto: Lamborghini Hurac\u00e1n Super Trofeo EVO<br \/>&nbsp;<br \/>Categor\u00eda: T\u00e9cnica<br \/>&nbsp;<br \/>Este kit contiene: Quanguan 100145&nbsp;<br \/>&nbsp;<br \/>360 piezas de ladrillos de buena calidad&nbsp;<br \/>&nbsp;<br \/>Tama\u00f1o: 17 x 7,8 x 5,7 cm&nbsp;<br \/>&nbsp;<br \/>Instrucciones manuales&nbsp;<br \/>&nbsp;<br \/>\ud83d\udcccNaturaleza del protagonista&nbsp;<br \/>&nbsp;<br \/>Presentamos nuestra orgullosa colecci\u00f3n llamada \u201cLamborghini Hurac\u00e1n Super Trofeo EVO\u201d que no debes perderte.&nbsp;<br \/>&nbsp;<br \/>El Hurac\u00e1n Super Trofeo EVO es un coche de carreras de alto rendimiento optimizado para la pista. Incorpora mejoras aerodin\u00e1micas, como un gran aler\u00f3n trasero, un splitter delantero y un difusor, para generar una carga aerodin\u00e1mica significativa y mejorar la capacidad de paso por curva. La carrocer\u00eda est\u00e1 fabricada con materiales ligeros como la fibra de carbono, lo que reduce el peso total para mejorar el rendimiento y la maniobrabilidad en la pista. El Hurac\u00e1n Super Trofeo EVO est\u00e1 propulsado por un motor V10 atmosf\u00e9rico de 5.2 litros, que genera alrededor de 620 caballos de potencia, seg\u00fan el reglamento de la competici\u00f3n. La potencia del motor se transfiere a las ruedas traseras mediante una caja de cambios secuencial de competici\u00f3n.<\/div>","protected":false},"excerpt":{"rendered":"<p>Marca: QUANGUAN<br \/>\nG\u00e9nero: Unisex<br \/>\nRango de edad: &gt; 8 a\u00f1os<br \/>\nN\u00famero de modelo: 100145<br \/>\nClasificaci\u00f3n: Ensamblaje<br \/>\nForma de bloque de pl\u00e1stico: Ladrillos autoblocantes<br \/>\nMaterial: Pl\u00e1stico<br \/>\nTipo de pl\u00e1stico: ABS<br \/>\nBloques de ladrillos: 360 +<br \/>\nSin caja original<\/p>","protected":false},"featured_media":49065,"comment_status":"open","ping_status":"closed","template":"","meta":{"_acf_changed":false},"product_cat":[1357,364],"product_tag":[11862,12318,596,11070,389,11080],"class_list":["product","first","instock","shipping-taxable","purchasable","product-type-simple"],"acf":[],"_links":{"self":[{"href":"https:\/\/mouldking.store\/es\/wp-json\/wp\/v2\/product\/49071","targetHints":{"allow":["GET"]}}],"collection":[{"href":"https:\/\/mouldking.store\/es\/wp-json\/wp\/v2\/product"}],"about":[{"href":"https:\/\/mouldking.store\/es\/wp-json\/wp\/v2\/types\/product"}],"replies":[{"embeddable":true,"href":"https:\/\/mouldking.store\/es\/wp-json\/wp\/v2\/comments?post=49071"}],"wp:featuredmedia":[{"embeddable":true,"href":"https:\/\/mouldking.store\/es\/wp-json\/wp\/v2\/media\/49065"}],"wp:attachment":[{"href":"https:\/\/mouldking.store\/es\/wp-json\/wp\/v2\/media?parent=49071"}],"wp:term":[{"taxonomy":"product_cat","embeddable":true,"href":"https:\/\/mouldking.store\/es\/wp-json\/wp\/v2\/product_cat?post=49071"},{"taxonomy":"product_tag","embeddable":true,"href":"https:\/\/mouldking.store\/es\/wp-json\/wp\/v2\/product_tag?post=49071"}],"curies":[{"name":"wp","href":"https:\/\/api.w.org\/{rel}","templated":true}]}}