{"id":52595,"date":"2023-11-08T12:41:32","date_gmt":"2023-11-08T05:41:32","guid":{"rendered":"https:\/\/mouldking.store\/shop\/hsanhe-11001-15-one-piece-brickhead-monkey-d-garp-with-172-pieces\/"},"modified":"2023-11-08T12:41:32","modified_gmt":"2023-11-08T05:41:32","slug":"hsanhe-11001-15-one-piece-brickhead-monkey-d-garp-with-172-pieces","status":"publish","type":"product","link":"https:\/\/mouldking.store\/es\/shop\/hsanhe-11001-15-one-piece-brickhead-monkey-d-garp-with-172-pieces\/","title":{"rendered":"HSANHE 11001-15 One Piece Brickhead Monkey D. Garp con 172 piezas"},"content":{"rendered":"<div>\u2705 HSANHE 11001-15 Una pieza Brickhead Monkey D. Garp<br \/>&nbsp;<br \/>\u2705Monkey D. Garp, a menudo conocido como Vicealmirante Garp o simplemente Garp, es un personaje destacado de la serie de manga y anime &quot;One Piece&quot;, creada por Eiichiro Oda. Es un oficial de alto rango de la Infanter\u00eda de Marina y una figura legendaria en el mundo de &quot;One Piece&quot;.<\/p>\n<p>\ud83d\udeab \u00a1IMPORTANTE!&nbsp;<br \/>&nbsp;<br \/>Nombre del producto: One Piece Brickhead Monkey D. Garp<br \/>&nbsp;<br \/>Categor\u00eda: Pel\u00edcula<br \/>&nbsp;<br \/>Este kit contiene: HSANHE 11001-15<br \/>&nbsp;<br \/>172 piezas de ladrillos de buena calidad&nbsp;<br \/>&nbsp;<br \/>Tama\u00f1o: 5,9 x 6,9 x 8,5 cm&nbsp;<br \/>&nbsp;<br \/>Instrucciones manuales&nbsp;<br \/>&nbsp;<br \/>\ud83d\udcccNaturaleza del protagonista&nbsp;<br \/>&nbsp;<br \/>Presentamos nuestra orgullosa colecci\u00f3n llamada \u201cOne Piece Brickhead Monkey D. Garp\u201d que no debes perderte.&nbsp;<br \/>&nbsp;<br \/>Garp es vicealmirante de la Infanter\u00eda de Marina y cuenta con una larga y distinguida trayectoria militar. Forma parte de la familia Monkey, que incluye a su nieto Monkey D. Luffy y a su hijo, Monkey D. Dragon, l\u00edder del Ej\u00e9rcito Revolucionario. Garp es conocido por su formidable fuerza y habilidades de combate. Ha participado en numerosas batallas importantes y se ha ganado la reputaci\u00f3n de &quot;H\u00e9roe de la Infanter\u00eda de Marina&quot;. A pesar de su alto rango, tiene fama de ser poco ortodoxo y prefiere no aspirar al puesto de almirante.<\/div>","protected":false},"excerpt":{"rendered":"<p>Marca: HSANHE<br \/>\nG\u00e9nero: Unisex<br \/>\nRango de edad: &gt; 6 a\u00f1os<br \/>\nN\u00famero de modelo: 11001-15<br \/>\nClasificaci\u00f3n: Ensamblaje<br \/>\nForma de bloque de pl\u00e1stico: Ladrillos autoblocantes<br \/>\nMaterial: Pl\u00e1stico<br \/>\nTipo de pl\u00e1stico: ABS<br \/>\nBloques de ladrillos: 172 +<br \/>\nSin caja original<\/p>","protected":false},"featured_media":52591,"comment_status":"open","ping_status":"closed","template":"","meta":{"_acf_changed":false},"product_cat":[1365,371,581,1408,1819],"product_tag":[5623,11072,8452,12837,434,1824],"class_list":["product","first","instock","shipping-taxable","purchasable","product-type-simple"],"acf":[],"_links":{"self":[{"href":"https:\/\/mouldking.store\/es\/wp-json\/wp\/v2\/product\/52595","targetHints":{"allow":["GET"]}}],"collection":[{"href":"https:\/\/mouldking.store\/es\/wp-json\/wp\/v2\/product"}],"about":[{"href":"https:\/\/mouldking.store\/es\/wp-json\/wp\/v2\/types\/product"}],"replies":[{"embeddable":true,"href":"https:\/\/mouldking.store\/es\/wp-json\/wp\/v2\/comments?post=52595"}],"wp:featuredmedia":[{"embeddable":true,"href":"https:\/\/mouldking.store\/es\/wp-json\/wp\/v2\/media\/52591"}],"wp:attachment":[{"href":"https:\/\/mouldking.store\/es\/wp-json\/wp\/v2\/media?parent=52595"}],"wp:term":[{"taxonomy":"product_cat","embeddable":true,"href":"https:\/\/mouldking.store\/es\/wp-json\/wp\/v2\/product_cat?post=52595"},{"taxonomy":"product_tag","embeddable":true,"href":"https:\/\/mouldking.store\/es\/wp-json\/wp\/v2\/product_tag?post=52595"}],"curies":[{"name":"wp","href":"https:\/\/api.w.org\/{rel}","templated":true}]}}