{"id":53187,"date":"2023-11-21T18:49:29","date_gmt":"2023-11-21T11:49:29","guid":{"rendered":"https:\/\/mouldking.store\/shop\/mould-king-21044-arc-170-starfighter-with-4698-pieces\/"},"modified":"2023-11-21T18:49:29","modified_gmt":"2023-11-21T11:49:29","slug":"mould-king-21044-arc-170-starfighter-with-4698-pieces","status":"publish","type":"product","link":"https:\/\/mouldking.store\/es\/shop\/mould-king-21044-arc-170-starfighter-with-4698-pieces\/","title":{"rendered":"MOULD KING 21044 ARC-170 Caza estelar con 4698 piezas"},"content":{"rendered":"<div>\u2705Mould King 21044 Caza estelar ARC-170<\/p>\n<p>\u2705El caza estelar ARC-170 (Aggressive Reconnaissance-170) es un caza estelar ficticio del universo de Star Wars. Aparece de forma destacada en la trilog\u00eda de precuelas, en particular en la pel\u00edcula \u201cStar Wars: Episodio III \u2013 La venganza de los Sith\u201d. El ARC-170 se asocia principalmente con la Rep\u00fablica Gal\u00e1ctica y es utilizado por el Ej\u00e9rcito Clon durante las Guerras Clon.<br \/>&nbsp;<br \/>\ud83d\udeab \u00a1IMPORTANTE!&nbsp;<br \/>&nbsp;<br \/>Nombre del producto: ARC-170 Starfighter<br \/>&nbsp;<br \/>Categor\u00eda: Guerra de las Galaxias&nbsp;<br \/>&nbsp;<br \/>Este kit contiene: Mould King 21044&nbsp;<br \/>&nbsp;<br \/>4698 piezas de ladrillos de buena calidad&nbsp;<br \/>&nbsp;<br \/>Tama\u00f1o: 22,4 \u00d7 59,4 \u00d7 92,6 cm<br \/>&nbsp;<br \/>Instrucciones manuales&nbsp;<br \/>&nbsp;<br \/>\ud83d\udcccNaturaleza del protagonista&nbsp;<br \/>&nbsp;<br \/>Presentamos nuestra orgullosa colecci\u00f3n llamada \u201cARC-170 Starfighter\u201d que no debes perderte.&nbsp;<br \/>&nbsp;<br \/>El ARC-170 es un caza estelar multifunci\u00f3n dise\u00f1ado tanto para el combate espacial como atmosf\u00e9rico. Es un caza estelar pesado con un dise\u00f1o \u00fanico de tres alas. Las tres alas le dan una apariencia distintiva, y cada ala tiene una g\u00f3ndola de motor en su punta. El ARC-170 es un caza estelar tripulado, normalmente operado por un piloto clon, un artillero trasero y un comandante clon. El piloto clon es responsable de volar la nave, el artillero trasero opera la torreta bl\u00e1ster orientada hacia atr\u00e1s y el comandante clon supervisa la misi\u00f3n. El caza estelar est\u00e1 equipado con una variedad de armas, incluidos ca\u00f1ones l\u00e1ser y torpedos. Tiene bl\u00e1sters orientados hacia adelante, bl\u00e1sters orientados hacia atr\u00e1s controlados por el artillero y torpedos de protones para atacar naves enemigas m\u00e1s grandes.&nbsp;<\/div>","protected":false},"excerpt":{"rendered":"<p>Marca: MOLD KING<br \/>\nG\u00e9nero: Unisex<br \/>\nRango de edad: &gt; 14 a\u00f1os<br \/>\nN\u00famero de modelo: 21044<br \/>\nClasificaci\u00f3n: Ensamblaje<br \/>\nForma de bloque de pl\u00e1stico: Ladrillos autoblocantes<br \/>\nMaterial: Pl\u00e1stico<br \/>\nTipo de pl\u00e1stico: ABS<br \/>\nBloques de ladrillos: 4698 +<br \/>\nSin caja original<\/p>","protected":false},"featured_media":53177,"comment_status":"open","ping_status":"closed","template":"","meta":{"_acf_changed":false},"product_cat":[1357,581,6016,415,364,1408],"product_tag":[12905,434,2276,436,11247,389],"class_list":["product","first","instock","shipping-taxable","purchasable","product-type-simple"],"acf":[],"_links":{"self":[{"href":"https:\/\/mouldking.store\/es\/wp-json\/wp\/v2\/product\/53187","targetHints":{"allow":["GET"]}}],"collection":[{"href":"https:\/\/mouldking.store\/es\/wp-json\/wp\/v2\/product"}],"about":[{"href":"https:\/\/mouldking.store\/es\/wp-json\/wp\/v2\/types\/product"}],"replies":[{"embeddable":true,"href":"https:\/\/mouldking.store\/es\/wp-json\/wp\/v2\/comments?post=53187"}],"wp:featuredmedia":[{"embeddable":true,"href":"https:\/\/mouldking.store\/es\/wp-json\/wp\/v2\/media\/53177"}],"wp:attachment":[{"href":"https:\/\/mouldking.store\/es\/wp-json\/wp\/v2\/media?parent=53187"}],"wp:term":[{"taxonomy":"product_cat","embeddable":true,"href":"https:\/\/mouldking.store\/es\/wp-json\/wp\/v2\/product_cat?post=53187"},{"taxonomy":"product_tag","embeddable":true,"href":"https:\/\/mouldking.store\/es\/wp-json\/wp\/v2\/product_tag?post=53187"}],"curies":[{"name":"wp","href":"https:\/\/api.w.org\/{rel}","templated":true}]}}