{"id":53948,"date":"2023-12-18T19:36:00","date_gmt":"2023-12-18T12:36:00","guid":{"rendered":"https:\/\/mouldking.store\/shop\/small-angle-jd015-machinery-wasp-with-1698-pieces\/"},"modified":"2023-12-18T19:36:00","modified_gmt":"2023-12-18T12:36:00","slug":"small-angle-jd015-machinery-wasp-with-1698-pieces","status":"publish","type":"product","link":"https:\/\/mouldking.store\/es\/shop\/small-angle-jd015-machinery-wasp-with-1698-pieces\/","title":{"rendered":"Avispa de maquinaria de \u00e1ngulo peque\u00f1o JD015 con 1698 piezas"},"content":{"rendered":"<div>\u2705 Avispa de maquinaria de \u00e1ngulo peque\u00f1o JD015<br \/>&nbsp;<br \/>\ud83d\udeab \u00a1IMPORTANTE!&nbsp;<br \/>&nbsp;<br \/>Nombre del producto: Avispa de maquinaria<br \/>&nbsp;<br \/>Categor\u00eda: Creador&nbsp;<br \/>&nbsp;<br \/>Este kit contiene: \u00c1ngulo peque\u00f1o JD015<br \/>&nbsp;<br \/>1698 piezas de ladrillos de buena calidad&nbsp;<br \/>&nbsp;<br \/>Tama\u00f1o: 33,8 \u00d7 35,5 \u00d7 40,5 cm<br \/>&nbsp;<br \/>Instrucciones manuales&nbsp;<br \/>&nbsp;<br \/>\ud83d\udcccNaturaleza del protagonista&nbsp;<br \/>&nbsp;<br \/>Presentamos nuestra orgullosa colecci\u00f3n llamada \u201cMachinery Wasp\u201d que no debes perderte.&nbsp;<br \/>&nbsp;<br \/>Machinery Wasp pertenece a la serie tem\u00e1tica de sets de bloques de construcci\u00f3n. El set completo contiene 1698 part\u00edculas de bloques de construcci\u00f3n. Lanzado por primera vez en 2023.<\/div>","protected":false},"excerpt":{"rendered":"<p>Marca: Small Angle<br \/>\nG\u00e9nero: Unisex<br \/>\nRango de edad: &gt; 6 a\u00f1os<br \/>\nN\u00famero de modelo: JD015<br \/>\nClasificaci\u00f3n: Ensamblaje<br \/>\nForma de bloque de pl\u00e1stico: Ladrillos autoblocantes<br \/>\nMaterial: Pl\u00e1stico<br \/>\nTipo de pl\u00e1stico: ABS<br \/>\nBloques de ladrillos: 1698 +<br \/>\nSin caja original<\/p>","protected":false},"featured_media":53943,"comment_status":"open","ping_status":"closed","template":"","meta":{"_acf_changed":false},"product_cat":[1365,371],"product_tag":[6798,11072,8452,6310,7345,12958],"class_list":["product","first","instock","shipping-taxable","purchasable","product-type-simple"],"acf":[],"_links":{"self":[{"href":"https:\/\/mouldking.store\/es\/wp-json\/wp\/v2\/product\/53948","targetHints":{"allow":["GET"]}}],"collection":[{"href":"https:\/\/mouldking.store\/es\/wp-json\/wp\/v2\/product"}],"about":[{"href":"https:\/\/mouldking.store\/es\/wp-json\/wp\/v2\/types\/product"}],"replies":[{"embeddable":true,"href":"https:\/\/mouldking.store\/es\/wp-json\/wp\/v2\/comments?post=53948"}],"wp:featuredmedia":[{"embeddable":true,"href":"https:\/\/mouldking.store\/es\/wp-json\/wp\/v2\/media\/53943"}],"wp:attachment":[{"href":"https:\/\/mouldking.store\/es\/wp-json\/wp\/v2\/media?parent=53948"}],"wp:term":[{"taxonomy":"product_cat","embeddable":true,"href":"https:\/\/mouldking.store\/es\/wp-json\/wp\/v2\/product_cat?post=53948"},{"taxonomy":"product_tag","embeddable":true,"href":"https:\/\/mouldking.store\/es\/wp-json\/wp\/v2\/product_tag?post=53948"}],"curies":[{"name":"wp","href":"https:\/\/api.w.org\/{rel}","templated":true}]}}