{"id":54284,"date":"2024-01-04T18:57:32","date_gmt":"2024-01-04T11:57:32","guid":{"rendered":"https:\/\/mouldking.store\/shop\/bc-43100-apollo-evo-car-with-motor-with-3785-pieces\/"},"modified":"2024-01-04T18:57:32","modified_gmt":"2024-01-04T11:57:32","slug":"bc-43100-apollo-evo-car-with-motor-with-3785-pieces","status":"publish","type":"product","link":"https:\/\/mouldking.store\/es\/shop\/bc-43100-apollo-evo-car-with-motor-with-3785-pieces\/","title":{"rendered":"BC 43100 Apollo EVO Coche con motor con 3785 piezas"},"content":{"rendered":"<div>\u2705BC 43100 Apollo EVO Coche con motor<br \/>&nbsp;<br \/>La marca de autom\u00f3viles Apollo est\u00e1 asociada con Apollo Automobil GmbH, un fabricante alem\u00e1n de autos deportivos. La empresa es conocida por producir autos deportivos de alto rendimiento. Uno de sus modelos m\u00e1s destacados es el Apollo IE (Intensa Emozione).<br \/>&nbsp;<br \/>\ud83d\udeab \u00a1IMPORTANTE!&nbsp;<br \/>&nbsp;<br \/>Nombre del producto: Coche Apollo EVO con motor<br \/>&nbsp;<br \/>Categor\u00eda: T\u00e9cnica<br \/>&nbsp;<br \/>Este kit contiene: BC 43100<br \/>&nbsp;<br \/>3785 piezas de ladrillos de buena calidad&nbsp;<br \/>&nbsp;<br \/>Tama\u00f1o: 58 \u00d7 26 \u00d7 15 cm<br \/>&nbsp;<br \/>Instrucciones manuales&nbsp;<br \/>&nbsp;<br \/>\ud83d\udcccNaturaleza del protagonista&nbsp;<br \/>&nbsp;<br \/>Presentamos nuestra orgullosa colecci\u00f3n llamada \u201cApollo EVO Car With Motor\u201d que no debes perderte.&nbsp;<br \/>&nbsp;<br \/>Apollo Automobil es un fabricante de coches deportivos con sede en Alemania. La empresa se fund\u00f3 en 2004 y su nombre original era Gumpert Sportwagenmanufaktur GmbH. Tras un proceso de reestructuraci\u00f3n, cambi\u00f3 su nombre a Apollo Automobil GmbH.<\/div>","protected":false},"excerpt":{"rendered":"<p>Marca: BC<br \/>\nG\u00e9nero: Unisex<br \/>\nRango de edad: &gt; 8 a\u00f1os<br \/>\nN\u00famero de modelo: 43100<br \/>\nClasificaci\u00f3n: Ensamblaje<br \/>\nForma de bloque de pl\u00e1stico: Ladrillos autoblocantes<br \/>\nMaterial: Pl\u00e1stico<br \/>\nTipo de pl\u00e1stico: ABS<br \/>\nBloques de ladrillos: 3785 +<br \/>\nSin caja original<\/p>","protected":false},"featured_media":54276,"comment_status":"open","ping_status":"closed","template":"","meta":{"_acf_changed":false},"product_cat":[1360,1357,364,1875],"product_tag":[5173,457,11862,389,11080],"class_list":["product","first","instock","shipping-taxable","purchasable","product-type-simple"],"acf":[],"_links":{"self":[{"href":"https:\/\/mouldking.store\/es\/wp-json\/wp\/v2\/product\/54284","targetHints":{"allow":["GET"]}}],"collection":[{"href":"https:\/\/mouldking.store\/es\/wp-json\/wp\/v2\/product"}],"about":[{"href":"https:\/\/mouldking.store\/es\/wp-json\/wp\/v2\/types\/product"}],"replies":[{"embeddable":true,"href":"https:\/\/mouldking.store\/es\/wp-json\/wp\/v2\/comments?post=54284"}],"wp:featuredmedia":[{"embeddable":true,"href":"https:\/\/mouldking.store\/es\/wp-json\/wp\/v2\/media\/54276"}],"wp:attachment":[{"href":"https:\/\/mouldking.store\/es\/wp-json\/wp\/v2\/media?parent=54284"}],"wp:term":[{"taxonomy":"product_cat","embeddable":true,"href":"https:\/\/mouldking.store\/es\/wp-json\/wp\/v2\/product_cat?post=54284"},{"taxonomy":"product_tag","embeddable":true,"href":"https:\/\/mouldking.store\/es\/wp-json\/wp\/v2\/product_tag?post=54284"}],"curies":[{"name":"wp","href":"https:\/\/api.w.org\/{rel}","templated":true}]}}