{"id":55078,"date":"2024-02-06T18:30:59","date_gmt":"2024-02-06T11:30:59","guid":{"rendered":"https:\/\/mouldking.store\/shop\/sembo-605036-fu-man-couplet-chinese-culture-with-376-pieces\/"},"modified":"2024-02-06T18:31:04","modified_gmt":"2024-02-06T11:31:04","slug":"sembo-605036-fu-man-couplet-chinese-culture-with-376-pieces","status":"publish","type":"product","link":"https:\/\/mouldking.store\/es\/shop\/sembo-605036-fu-man-couplet-chinese-culture-with-376-pieces\/","title":{"rendered":"SEMBO 605036 Fu Man Copla Cultura China con 376 Piezas"},"content":{"rendered":"<div>\u2705 SEMBO 605036 C\u00f3dice Fu Man Cultura china<br \/>&nbsp;<br \/>\u2705 \u201cFu\u201d es un car\u00e1cter chino que simboliza bendiciones, felicidad y buena fortuna y que suele verse durante las celebraciones del A\u00f1o Nuevo chino, y \u201cMan Couplet\u201d probablemente se refiere a los pareados, una forma de poes\u00eda china que suele exhibirse en puertas o paredes durante festivales y ocasiones auspiciosas.<br \/>&nbsp;<br \/>\ud83d\udeab \u00a1IMPORTANTE!&nbsp;<br \/>&nbsp;<br \/>Nombre del producto: C\u00f3dice de Fu Man sobre la cultura china<br \/>&nbsp;<br \/>Categor\u00eda: Creador&nbsp;<br \/>&nbsp;<br \/>Este kit contiene: SEMBO 605036<br \/>&nbsp;<br \/>376 piezas de ladrillos de buena calidad&nbsp;<br \/>&nbsp;<br \/>Tama\u00f1o: 27,6 \u00d7 4,2 \u00d7 66,6 cm<br \/>&nbsp;<br \/>Instrucciones manuales&nbsp;<br \/>&nbsp;<br \/>\ud83d\udcccNaturaleza del protagonista&nbsp;<br \/>&nbsp;<br \/>Presentamos nuestra orgullosa colecci\u00f3n llamada \u201cFu Man Couplet Chinese Culture\u201d que no debe perderse.&nbsp;<br \/>&nbsp;<br \/>En la cultura china, el \u201cFu\u201d se asocia tradicionalmente con la prosperidad, el \u00e9xito y la felicidad. A menudo se representa como una obra de arte caligr\u00e1fica que se exhibe de forma destacada en los hogares durante el A\u00f1o Nuevo Lunar para atraer la buena suerte para el a\u00f1o entrante. Los versos, por otro lado, son una forma po\u00e9tica tradicional que consta de dos l\u00edneas de verso, generalmente con una estructura y un esquema de rima prescritos. Se utilizan com\u00fanmente para transmitir mensajes auspiciosos o expresar deseos de felicidad, longevidad o prosperidad.<\/div>","protected":false},"excerpt":{"rendered":"<p>Marca: SEMBO<br \/>\nG\u00e9nero: Unisex<br \/>\nRango de edad: &gt; 6 a\u00f1os<br \/>\nN\u00famero de modelo: 605036<br \/>\nClasificaci\u00f3n: Ensamblaje<br \/>\nForma de bloque de pl\u00e1stico: Ladrillos autoblocantes<br \/>\nMaterial: Pl\u00e1stico<br \/>\nTipo de pl\u00e1stico: ABS<br \/>\nLadrillos Bloques: 376 +<br \/>\nSin caja original<\/p>","protected":false},"featured_media":55076,"comment_status":"open","ping_status":"closed","template":"","meta":{"_acf_changed":false},"product_cat":[1365,371],"product_tag":[13038,6462,11072,8452,12282,12675,13037,11077],"class_list":["product","first","instock","shipping-taxable","purchasable","product-type-simple"],"acf":[],"_links":{"self":[{"href":"https:\/\/mouldking.store\/es\/wp-json\/wp\/v2\/product\/55078","targetHints":{"allow":["GET"]}}],"collection":[{"href":"https:\/\/mouldking.store\/es\/wp-json\/wp\/v2\/product"}],"about":[{"href":"https:\/\/mouldking.store\/es\/wp-json\/wp\/v2\/types\/product"}],"replies":[{"embeddable":true,"href":"https:\/\/mouldking.store\/es\/wp-json\/wp\/v2\/comments?post=55078"}],"wp:featuredmedia":[{"embeddable":true,"href":"https:\/\/mouldking.store\/es\/wp-json\/wp\/v2\/media\/55076"}],"wp:attachment":[{"href":"https:\/\/mouldking.store\/es\/wp-json\/wp\/v2\/media?parent=55078"}],"wp:term":[{"taxonomy":"product_cat","embeddable":true,"href":"https:\/\/mouldking.store\/es\/wp-json\/wp\/v2\/product_cat?post=55078"},{"taxonomy":"product_tag","embeddable":true,"href":"https:\/\/mouldking.store\/es\/wp-json\/wp\/v2\/product_tag?post=55078"}],"curies":[{"name":"wp","href":"https:\/\/api.w.org\/{rel}","templated":true}]}}