{"id":56226,"date":"2024-03-06T12:34:35","date_gmt":"2024-03-06T05:34:35","guid":{"rendered":"https:\/\/mouldking.store\/shop\/moc-factory-89157-horizon-forbidden-west-tremortusk-with-7981-pieces\/"},"modified":"2025-12-16T20:59:11","modified_gmt":"2025-12-16T13:59:11","slug":"moc-factory-89157-horizon-forbidden-west-tremortusk-with-7981-pieces","status":"publish","type":"product","link":"https:\/\/mouldking.store\/es\/shop\/moc-factory-89157-horizon-forbidden-west-tremortusk-with-7981-pieces\/","title":{"rendered":"MOC Factory 89157 Horizon Forbidden West Tremortusk con 7981 piezas"},"content":{"rendered":"<div>\u2705 MOC-89157 Horizonte Prohibido Oeste Tremortusk<\/p>\n<p>En \u201cHorizon Forbidden West\u201d, Tremortusk es una m\u00e1quina temible, perteneciente a la fauna rob\u00f3tica del mundo del juego. Erigido en medio de los agrestes paisajes del Oeste Prohibido, Tremortusk deambula con una presencia imponente, un coloso entre las m\u00e1quinas. Imponente sobre sus hermanos mec\u00e1nicos, esta enorme criatura es una fuerza a tener en cuenta, con su corpulenta figura rebosante de poder y amenaza.<\/p>\n<p>\ud83d\udeab \u00a1IMPORTANTE!<\/p>\n<p>Nombre del producto: Horizon Forbidden West Tremortusk<\/p>\n<p>Categor\u00eda: Pel\u00edcula<\/p>\n<p>Este kit contiene: C9820<\/p>\n<p>7981 piezas de ladrillos de buena calidad<\/p>\n<p>Tama\u00f1o: 50 x 30 x 39 cm<\/p>\n<p>Peso: 4,47 kg<\/p>\n<p>Instrucciones en PDF<\/p>\n<p>\ud83d\udcccNaturaleza del protagonista<\/p>\n<p>Presentamos nuestra orgullosa colecci\u00f3n llamada \u201cHorizon Forbidden West Tremortusk\u201d que no debes perderte.<\/p>\n<p>El dise\u00f1o del Tremortusk da testimonio de su formidable naturaleza. Su gruesa piel acorazada est\u00e1 adornada con protuberancias dentadas y placas met\u00e1licas, lo que le proporciona una protecci\u00f3n formidable contra posibles atacantes. Enormes colmillos sobresalen de su hocico, brillando con un brillo letal, mientras que sus ojos brillan con una luz misteriosa y sobrenatural, delatando una inteligencia primigenia que acecha en su interior. A medida que avanza por la naturaleza, el Tremortusk deja un rastro de destrucci\u00f3n a su paso. Sus atronadores pasos sacuden la tierra, provocando temblores que recorren el suelo, mientras que su rugido resuena por el paisaje, infundiendo miedo en los corazones de cualquiera que se atreva a desafiarlo.<\/p><\/div>","protected":false},"excerpt":{"rendered":"<p>Marca: MOC Factory<br \/>\nG\u00e9nero: Unisex<br \/>\nRango de edad: &gt; 14 a\u00f1os<br \/>\nN\u00famero de modelo: 89157<br \/>\nClasificaci\u00f3n: Ensamblaje<br \/>\nForma de bloque de pl\u00e1stico: Ladrillos autoblocantes<br \/>\nMaterial: Pl\u00e1stico<br \/>\nTipo de pl\u00e1stico: ABS<br \/>\nBloques de ladrillos: 7981 +<br \/>\nSin caja original<\/p>","protected":false},"featured_media":56225,"comment_status":"open","ping_status":"closed","template":"","meta":{"_acf_changed":false},"product_cat":[1365,371,581,1408],"product_tag":[11072,8452,9815,8168,434,8965],"class_list":["product","first","instock","shipping-taxable","purchasable","product-type-simple"],"acf":[],"_links":{"self":[{"href":"https:\/\/mouldking.store\/es\/wp-json\/wp\/v2\/product\/56226","targetHints":{"allow":["GET"]}}],"collection":[{"href":"https:\/\/mouldking.store\/es\/wp-json\/wp\/v2\/product"}],"about":[{"href":"https:\/\/mouldking.store\/es\/wp-json\/wp\/v2\/types\/product"}],"replies":[{"embeddable":true,"href":"https:\/\/mouldking.store\/es\/wp-json\/wp\/v2\/comments?post=56226"}],"wp:featuredmedia":[{"embeddable":true,"href":"https:\/\/mouldking.store\/es\/wp-json\/wp\/v2\/media\/56225"}],"wp:attachment":[{"href":"https:\/\/mouldking.store\/es\/wp-json\/wp\/v2\/media?parent=56226"}],"wp:term":[{"taxonomy":"product_cat","embeddable":true,"href":"https:\/\/mouldking.store\/es\/wp-json\/wp\/v2\/product_cat?post=56226"},{"taxonomy":"product_tag","embeddable":true,"href":"https:\/\/mouldking.store\/es\/wp-json\/wp\/v2\/product_tag?post=56226"}],"curies":[{"name":"wp","href":"https:\/\/api.w.org\/{rel}","templated":true}]}}