{"id":57113,"date":"2024-03-27T18:33:58","date_gmt":"2024-03-27T11:33:58","guid":{"rendered":"https:\/\/mouldking.store\/shop\/sluban-m38-b1235-classic-of-mountains-and-seas-mecha-blue-dragon-with-704-pieces\/"},"modified":"2024-03-27T18:34:09","modified_gmt":"2024-03-27T11:34:09","slug":"sluban-m38-b1235-classic-of-mountains-and-seas-mecha-blue-dragon-with-704-pieces","status":"publish","type":"product","link":"https:\/\/mouldking.store\/es\/shop\/sluban-m38-b1235-classic-of-mountains-and-seas-mecha-blue-dragon-with-704-pieces\/","title":{"rendered":"Sluban M38-B1235 Cl\u00e1sico de Monta\u00f1as y Mares Mecha Drag\u00f3n Azul con 704 Piezas"},"content":{"rendered":"<div>\u2705SLUBAN M38-B1235 Classic of Mountains and Seas Mecha Blue Dragon<\/p>\n<p>\u2705The &#8220;Classic of Mountains and Seas&#8221; is a Chinese classic text that describes mythical creatures, legendary lands, and fantastical adventures. The Blue Dragon is one of the Four Symbols of the Chinese constellations, representing the east and springtime.&nbsp;<\/p>\n<p>\ud83d\udeab \u00a1IMPORTANTE!<\/p>\n<p>Product Name: Classic of Mountains and Seas Mecha Blue Dragon<\/p>\n<p>Categor\u00eda: Pel\u00edcula<\/p>\n<p>This Kit Contains: SLUBAN M38-B1235<\/p>\n<p>704 pcs Good Quality Bricks<\/p>\n<p>Size: 16.9 \u00d7 35.2 cm<\/p>\n<p>Instrucciones manuales<\/p>\n<p>\ud83d\udcccNaturaleza del protagonista<\/p>\n<p>Introducing our proud collection named \u201cClassic of Mountains and Seas Mecha Blue Dragon\u201d you should not miss.<\/p>\n<p>The Blue Dragon Mecha would have a sleek and agile design, resembling a dragon in its overall shape and structure. It would be adorned with intricate patterns and symbols reminiscent of ancient Chinese art and mythology. Its body would be primarily blue, with accents of silver and gold to evoke the celestial nature of the dragon. As a mecha, the Blue Dragon would possess a wide range of advanced abilities and weaponry. It could have the ability to fly at high speeds, utilizing thrusters or wings reminiscent of a dragon&#8217;s wings. Its arsenal could include energy cannons, missiles, and other projectile weapons capable of unleashing devastating attacks on its enemies.<\/p><\/div>","protected":false},"excerpt":{"rendered":"<p>Marca: Sluban<br \/>\nG\u00e9nero: Unisex<br \/>\nRango de edad: &gt; 6 a\u00f1os<br \/>\nModel Number: M38-B1235<br \/>\nClasificaci\u00f3n: Ensamblaje<br \/>\nForma de bloque de pl\u00e1stico: Ladrillos autoblocantes<br \/>\nMaterial: Pl\u00e1stico<br \/>\nTipo de pl\u00e1stico: ABS<br \/>\nBricks Blocks: 704 +<br \/>\nSin caja original<\/p>","protected":false},"featured_media":57112,"comment_status":"open","ping_status":"closed","template":"","meta":{"_acf_changed":false},"product_cat":[1365,371,581,1408],"product_tag":[10982,7955,11528,13174,11072,8452,1771,9302,434,11575],"class_list":["product","first","instock","shipping-taxable","purchasable","product-type-simple"],"acf":[],"_links":{"self":[{"href":"https:\/\/mouldking.store\/es\/wp-json\/wp\/v2\/product\/57113","targetHints":{"allow":["GET"]}}],"collection":[{"href":"https:\/\/mouldking.store\/es\/wp-json\/wp\/v2\/product"}],"about":[{"href":"https:\/\/mouldking.store\/es\/wp-json\/wp\/v2\/types\/product"}],"replies":[{"embeddable":true,"href":"https:\/\/mouldking.store\/es\/wp-json\/wp\/v2\/comments?post=57113"}],"wp:featuredmedia":[{"embeddable":true,"href":"https:\/\/mouldking.store\/es\/wp-json\/wp\/v2\/media\/57112"}],"wp:attachment":[{"href":"https:\/\/mouldking.store\/es\/wp-json\/wp\/v2\/media?parent=57113"}],"wp:term":[{"taxonomy":"product_cat","embeddable":true,"href":"https:\/\/mouldking.store\/es\/wp-json\/wp\/v2\/product_cat?post=57113"},{"taxonomy":"product_tag","embeddable":true,"href":"https:\/\/mouldking.store\/es\/wp-json\/wp\/v2\/product_tag?post=57113"}],"curies":[{"name":"wp","href":"https:\/\/api.w.org\/{rel}","templated":true}]}}