{"id":58377,"date":"2024-05-17T16:54:41","date_gmt":"2024-05-17T09:54:41","guid":{"rendered":"https:\/\/mouldking.store\/shop\/custom-92192-succulent-plants-with-680-pieces\/"},"modified":"2024-05-17T16:55:01","modified_gmt":"2024-05-17T09:55:01","slug":"custom-92192-succulent-plants-with-680-pieces","status":"publish","type":"product","link":"https:\/\/mouldking.store\/es\/shop\/custom-92192-succulent-plants-with-680-pieces\/","title":{"rendered":"Custom 92192 Succulent Plants with 680 Pieces"},"content":{"rendered":"<div>\u2705Custom 92192 Succulent Plants<\/p>\n<p>\u2705Succulent plants are a diverse group of plants known for their thick, fleshy leaves, stems, or roots that store water, allowing them to thrive in arid or drought-prone environments.&nbsp;<\/p>\n<p>\ud83d\udeab \u00a1IMPORTANTE!<\/p>\n<p>Product Name: Succulent Plants<\/p>\n<p>Categor\u00eda: Creador<\/p>\n<p>This Kit Contains: Custom 92192&nbsp;<\/p>\n<p>680 pcs Good Quality Bricks<\/p>\n<p>Instrucciones manuales<\/p>\n<p>\ud83d\udcccNaturaleza del protagonista<\/p>\n<p>Introducing our proud collection named \u201cSucculent Plants\u201d you should not miss.<\/p>\n<p>Succulents are characterized by their fleshy, swollen leaves or stems, which have adapted to store water during periods of drought. Succulents come in a wide range of shapes, sizes, and colors, with some species forming rosettes, others having trailing or upright growth habits, and still others resembling geometric shapes.<\/p><\/div>","protected":false},"excerpt":{"rendered":"<p>Marca: Personalizado<br \/>\nG\u00e9nero: Unisex<br \/>\nRango de edad: &gt; 6 a\u00f1os<br \/>\nModel Number: 92192<br \/>\nClasificaci\u00f3n: Ensamblaje<br \/>\nForma de bloque de pl\u00e1stico: Ladrillos autoblocantes<br \/>\nMaterial: Pl\u00e1stico<br \/>\nTipo de pl\u00e1stico: ABS<br \/>\nBricks Blocks: 680 +<br \/>\nSin caja original<br \/>\nEl producto no incluye PEGATINA ni Piezas IMPRESAS. Todas las piezas impresas se reemplazar\u00e1n por piezas est\u00e1ndar y no se incluir\u00e1n en los accesorios de terceros.<\/p>","protected":false},"featured_media":58376,"comment_status":"open","ping_status":"closed","template":"","meta":{"_acf_changed":false},"product_cat":[1365,371],"product_tag":[11072,8452,10000,11875],"class_list":["product","first","instock","shipping-taxable","purchasable","product-type-simple"],"acf":[],"_links":{"self":[{"href":"https:\/\/mouldking.store\/es\/wp-json\/wp\/v2\/product\/58377","targetHints":{"allow":["GET"]}}],"collection":[{"href":"https:\/\/mouldking.store\/es\/wp-json\/wp\/v2\/product"}],"about":[{"href":"https:\/\/mouldking.store\/es\/wp-json\/wp\/v2\/types\/product"}],"replies":[{"embeddable":true,"href":"https:\/\/mouldking.store\/es\/wp-json\/wp\/v2\/comments?post=58377"}],"wp:featuredmedia":[{"embeddable":true,"href":"https:\/\/mouldking.store\/es\/wp-json\/wp\/v2\/media\/58376"}],"wp:attachment":[{"href":"https:\/\/mouldking.store\/es\/wp-json\/wp\/v2\/media?parent=58377"}],"wp:term":[{"taxonomy":"product_cat","embeddable":true,"href":"https:\/\/mouldking.store\/es\/wp-json\/wp\/v2\/product_cat?post=58377"},{"taxonomy":"product_tag","embeddable":true,"href":"https:\/\/mouldking.store\/es\/wp-json\/wp\/v2\/product_tag?post=58377"}],"curies":[{"name":"wp","href":"https:\/\/api.w.org\/{rel}","templated":true}]}}