{"id":59267,"date":"2024-05-31T12:22:46","date_gmt":"2024-05-31T05:22:46","guid":{"rendered":"https:\/\/mouldking.store\/shop\/pantasy-99118-dragon-ball-goku-with-300-pieces\/"},"modified":"2024-05-31T12:22:49","modified_gmt":"2024-05-31T05:22:49","slug":"pantasy-99118-dragon-ball-goku-with-300-pieces","status":"publish","type":"product","link":"https:\/\/mouldking.store\/es\/shop\/pantasy-99118-dragon-ball-goku-with-300-pieces\/","title":{"rendered":"Pantasy 99118 Dragon Ball Goku con 300 piezas"},"content":{"rendered":"<div>\u2705Pantasy 99118 Dragon Ball Goku<\/p>\n<p>\u2705Goku, the central character of the Dragon Ball franchise, is one of the most iconic heroes in all of anime and manga. Created by Akira Toriyama, Goku is a Saiyan warrior, initially sent to Earth as an infant with the mission to conquer the planet. However, after suffering a head injury, he loses his violent Saiyan tendencies and grows up to become a pure-hearted defender of Earth.<\/p>\n<p>\ud83d\udeab \u00a1IMPORTANTE!<\/p>\n<p>Product Name: Dragon Ball Goku<\/p>\n<p>Categor\u00eda: Pel\u00edcula<\/p>\n<p>This Kit Contains: Pantasy 99118&nbsp;<\/p>\n<p>300&nbsp; pcs Good Quality Bricks<\/p>\n<p>Size: 7.5 \u00d7 8.5 \u00d7 11 cm<\/p>\n<p>Instrucciones manuales<\/p>\n<p>\ud83d\udcccNaturaleza del protagonista<\/p>\n<p>Introducing our proud collection named \u201cDragon Ball Goku\u201d you should not miss.<\/p>\n<p>Throughout the series, Goku undergoes intense training and battles against powerful foes to protect his friends and the world. He possesses incredible strength, agility, and the ability to harness ki energy for devastating attacks, including the signature Kamehameha wave. Goku constantly seeks to surpass his limits and achieve new levels of power, often unlocking new transformations such as Super Saiyan, Super Saiyan God, and even Ultra Instinct.<\/p><\/div>","protected":false},"excerpt":{"rendered":"<p>Marca: Pantasy<br \/>\nG\u00e9nero: Unisex<br \/>\nRango de edad: &gt; 6 a\u00f1os<br \/>\nModel Number: 99118<br \/>\nClasificaci\u00f3n: Ensamblaje<br \/>\nForma de bloque de pl\u00e1stico: Ladrillos autoblocantes<br \/>\nMaterial: Pl\u00e1stico<br \/>\nTipo de pl\u00e1stico: ABS<br \/>\nBricks Blocks: 300 +<br \/>\nSin caja original<br \/>\nEl producto no incluye PEGATINA ni Piezas IMPRESAS. Todas las piezas impresas se reemplazar\u00e1n por piezas est\u00e1ndar y no se incluir\u00e1n en los accesorios de terceros.<\/p>","protected":false},"featured_media":59266,"comment_status":"open","ping_status":"closed","template":"","meta":{"_acf_changed":false},"product_cat":[1365,371,581,1408],"product_tag":[11072,8452,12197,13405,434],"class_list":["product","first","instock","shipping-taxable","purchasable","product-type-simple"],"acf":[],"_links":{"self":[{"href":"https:\/\/mouldking.store\/es\/wp-json\/wp\/v2\/product\/59267","targetHints":{"allow":["GET"]}}],"collection":[{"href":"https:\/\/mouldking.store\/es\/wp-json\/wp\/v2\/product"}],"about":[{"href":"https:\/\/mouldking.store\/es\/wp-json\/wp\/v2\/types\/product"}],"replies":[{"embeddable":true,"href":"https:\/\/mouldking.store\/es\/wp-json\/wp\/v2\/comments?post=59267"}],"wp:featuredmedia":[{"embeddable":true,"href":"https:\/\/mouldking.store\/es\/wp-json\/wp\/v2\/media\/59266"}],"wp:attachment":[{"href":"https:\/\/mouldking.store\/es\/wp-json\/wp\/v2\/media?parent=59267"}],"wp:term":[{"taxonomy":"product_cat","embeddable":true,"href":"https:\/\/mouldking.store\/es\/wp-json\/wp\/v2\/product_cat?post=59267"},{"taxonomy":"product_tag","embeddable":true,"href":"https:\/\/mouldking.store\/es\/wp-json\/wp\/v2\/product_tag?post=59267"}],"curies":[{"name":"wp","href":"https:\/\/api.w.org\/{rel}","templated":true}]}}