{"id":59306,"date":"2024-05-31T14:25:53","date_gmt":"2024-05-31T07:25:53","guid":{"rendered":"https:\/\/mouldking.store\/shop\/moyu-my97122-gran-torino-classic-antique-car-classic-edition-with-592-pieces\/"},"modified":"2024-05-31T14:26:01","modified_gmt":"2024-05-31T07:26:01","slug":"moyu-my97122-gran-torino-classic-antique-car-classic-edition-with-592-pieces","status":"publish","type":"product","link":"https:\/\/mouldking.store\/es\/shop\/moyu-my97122-gran-torino-classic-antique-car-classic-edition-with-592-pieces\/","title":{"rendered":"MOYU MY97122 Gran Torino Classic Antique Car Edici\u00f3n Cl\u00e1sica con 592 Piezas"},"content":{"rendered":"<div>\u2705MOYU MY97122 Gran Torino Classic Antique Car Classic Edition<\/p>\n<p>\u2705The Gran Torino is a classic car model produced by Ford Motor Company. It was manufactured in several generations, with the most well-known being the fourth generation, which was produced from 1972 to 1976. The Gran Torino is known for its distinctive design, including its long hood, sleek lines, and chrome accents.<\/p>\n<p>\ud83d\udeab \u00a1IMPORTANTE!<\/p>\n<p>Product Name: Gran Torino Classic Antique Car Classic Edition<\/p>\n<p>Categor\u00eda: T\u00e9cnica<\/p>\n<p>This Kit Contains: MOYU MY97122<\/p>\n<p>592 pcs Good Quality Bricks<\/p>\n<p>Size: 14.2 \u00d7 6.8 \u00d7 4 cm<\/p>\n<p>Instrucciones manuales<\/p>\n<p>\ud83d\udcccNaturaleza del protagonista<\/p>\n<p>Introducing our proud collection named \u201cGran Torino Classic Antique Car Classic Edition\u201d you should not miss.<\/p>\n<p>The Gran Torino gained cultural significance beyond its role as an automobile due to its prominent feature in the 2008 film <em>Gran Torino<\/em>, directed by and starring Clint Eastwood. In the film, Eastwood&#8217;s character, Walt Kowalski, owns a 1972 Gran Torino, which becomes a symbol of his pride, values, and struggles.<\/div>","protected":false},"excerpt":{"rendered":"<p>Marca: MOYU<br \/>\nG\u00e9nero: Unisex<br \/>\nRango de edad: &gt; 8 a\u00f1os<br \/>\nModel Number: MY97122<br \/>\nClasificaci\u00f3n: Ensamblaje<br \/>\nForma de bloque de pl\u00e1stico: Ladrillos autoblocantes<br \/>\nMaterial: Pl\u00e1stico<br \/>\nTipo de pl\u00e1stico: ABS<br \/>\nBricks Blocks: 592 +<br \/>\nSin caja original<br \/>\nEl producto no incluye PEGATINA ni Piezas IMPRESAS. Todas las piezas impresas se reemplazar\u00e1n por piezas est\u00e1ndar y no se incluir\u00e1n en los accesorios de terceros.<\/p>","protected":false},"featured_media":59305,"comment_status":"open","ping_status":"closed","template":"","meta":{"_acf_changed":false},"product_cat":[1360,1357,364,1875],"product_tag":[13222,457,11528,13410,389],"class_list":["product","first","instock","shipping-taxable","purchasable","product-type-simple"],"acf":[],"_links":{"self":[{"href":"https:\/\/mouldking.store\/es\/wp-json\/wp\/v2\/product\/59306","targetHints":{"allow":["GET"]}}],"collection":[{"href":"https:\/\/mouldking.store\/es\/wp-json\/wp\/v2\/product"}],"about":[{"href":"https:\/\/mouldking.store\/es\/wp-json\/wp\/v2\/types\/product"}],"replies":[{"embeddable":true,"href":"https:\/\/mouldking.store\/es\/wp-json\/wp\/v2\/comments?post=59306"}],"wp:featuredmedia":[{"embeddable":true,"href":"https:\/\/mouldking.store\/es\/wp-json\/wp\/v2\/media\/59305"}],"wp:attachment":[{"href":"https:\/\/mouldking.store\/es\/wp-json\/wp\/v2\/media?parent=59306"}],"wp:term":[{"taxonomy":"product_cat","embeddable":true,"href":"https:\/\/mouldking.store\/es\/wp-json\/wp\/v2\/product_cat?post=59306"},{"taxonomy":"product_tag","embeddable":true,"href":"https:\/\/mouldking.store\/es\/wp-json\/wp\/v2\/product_tag?post=59306"}],"curies":[{"name":"wp","href":"https:\/\/api.w.org\/{rel}","templated":true}]}}