{"id":59317,"date":"2024-05-31T16:44:37","date_gmt":"2024-05-31T09:44:37","guid":{"rendered":"https:\/\/mouldking.store\/shop\/jiestar-58128-mini-simulation-small-household-appliances-with-366-pieces\/"},"modified":"2024-05-31T16:44:40","modified_gmt":"2024-05-31T09:44:40","slug":"jiestar-58128-mini-simulation-small-household-appliances-with-366-pieces","status":"publish","type":"product","link":"https:\/\/mouldking.store\/es\/shop\/jiestar-58128-mini-simulation-small-household-appliances-with-366-pieces\/","title":{"rendered":"JIESTAR 58128 Mini Simulaci\u00f3n de Peque\u00f1os Electrodom\u00e9sticos con 366 Piezas"},"content":{"rendered":"<div>\u2705JIESTAR 58128 Mini Simulation Small Household Appliances<\/p>\n<p>\u2705Creating a mini-simulation for small household appliances could involve modeling various aspects of appliance usage, such as energy consumption, user interaction, and maintenance.&nbsp;<\/p>\n<p>\ud83d\udeab \u00a1IMPORTANTE!<\/p>\n<p>Product Name: Mini Simulation Small Household Appliances<\/p>\n<p>Categor\u00eda: Creador<\/p>\n<p>This Kit Contains: JIESTAR 58128<\/p>\n<p>366 pcs Good Quality Bricks<\/p>\n<p>Instrucciones manuales<\/p>\n<p>\ud83d\udcccNaturaleza del protagonista<\/p>\n<p>Introducing our proud collection named \u201cMini Simulation Small Household Appliances\u201d you should not miss.<\/p>\n<p>Users can interact with each appliance by adjusting settings and cleaning. Each appliance consumes a certain amount of energy when in use. For instance, the refrigerator might consume more energy than the toaster. Appliances require maintenance tasks such as cleaning, defrosting (for the refrigerator), descaling (for the coffee maker), and replacing filters.<\/p><\/div>","protected":false},"excerpt":{"rendered":"<p>Marca: JIESTAR<br \/>\nG\u00e9nero: Unisex<br \/>\nRango de edad: &gt; 6 a\u00f1os<br \/>\nModel Number: 58128<br \/>\nClasificaci\u00f3n: Ensamblaje<br \/>\nForma de bloque de pl\u00e1stico: Ladrillos autoblocantes<br \/>\nMaterial: Pl\u00e1stico<br \/>\nTipo de pl\u00e1stico: ABS<br \/>\nBricks Blocks: 366 +<br \/>\nSin caja original<br \/>\nEl producto no incluye PEGATINA ni Piezas IMPRESAS. Todas las piezas impresas se reemplazar\u00e1n por piezas est\u00e1ndar y no se incluir\u00e1n en los accesorios de terceros.<\/p>","protected":false},"featured_media":59316,"comment_status":"open","ping_status":"closed","template":"","meta":{"_acf_changed":false},"product_cat":[1365,371],"product_tag":[11072,8452,13412,479,12777,12795],"class_list":["product","first","instock","shipping-taxable","purchasable","product-type-simple"],"acf":[],"_links":{"self":[{"href":"https:\/\/mouldking.store\/es\/wp-json\/wp\/v2\/product\/59317","targetHints":{"allow":["GET"]}}],"collection":[{"href":"https:\/\/mouldking.store\/es\/wp-json\/wp\/v2\/product"}],"about":[{"href":"https:\/\/mouldking.store\/es\/wp-json\/wp\/v2\/types\/product"}],"replies":[{"embeddable":true,"href":"https:\/\/mouldking.store\/es\/wp-json\/wp\/v2\/comments?post=59317"}],"wp:featuredmedia":[{"embeddable":true,"href":"https:\/\/mouldking.store\/es\/wp-json\/wp\/v2\/media\/59316"}],"wp:attachment":[{"href":"https:\/\/mouldking.store\/es\/wp-json\/wp\/v2\/media?parent=59317"}],"wp:term":[{"taxonomy":"product_cat","embeddable":true,"href":"https:\/\/mouldking.store\/es\/wp-json\/wp\/v2\/product_cat?post=59317"},{"taxonomy":"product_tag","embeddable":true,"href":"https:\/\/mouldking.store\/es\/wp-json\/wp\/v2\/product_tag?post=59317"}],"curies":[{"name":"wp","href":"https:\/\/api.w.org\/{rel}","templated":true}]}}