{"id":59331,"date":"2024-05-31T17:54:16","date_gmt":"2024-05-31T10:54:16","guid":{"rendered":"https:\/\/mouldking.store\/shop\/custom-92206-train-bookstand-with-1068-pieces\/"},"modified":"2024-05-31T17:54:20","modified_gmt":"2024-05-31T10:54:20","slug":"custom-92206-train-bookstand-with-1068-pieces","status":"publish","type":"product","link":"https:\/\/mouldking.store\/es\/shop\/custom-92206-train-bookstand-with-1068-pieces\/","title":{"rendered":"Atril de tren personalizado 92206 con 1068 piezas"},"content":{"rendered":"<div>\u2705Custom 92206 Train Bookstand<\/p>\n<p>\u2705A train bookstand is a functional and often decorative item designed to hold books, magazines, or other reading materials while traveling on a train.&nbsp;<\/p>\n<p>\ud83d\udeab \u00a1IMPORTANTE!<\/p>\n<p>Product Name: Train Bookstand<\/p>\n<p>Categor\u00eda: T\u00e9cnica<\/p>\n<p>This Kit Contains: Custom 92206<\/p>\n<p>1068 pcs Good Quality Bricks<\/p>\n<p>Instrucciones manuales<\/p>\n<p>\ud83d\udcccNaturaleza del protagonista<\/p>\n<p>Introducing our proud collection named \u201cTrain Bookstand\u201d you should not miss.<\/p>\n<p>Train bookstands are designed to be compact and portable, making them convenient for travelers to carry with them on their journeys. Many train bookstands feature a foldable design, allowing them to be easily stored in a bag or luggage when not in use. The bookstand typically has adjustable angles or positions to accommodate different reading preferences and to provide optimal viewing comfort for passengers.<\/p><\/div>","protected":false},"excerpt":{"rendered":"<p>Marca: Personalizado<br \/>\nG\u00e9nero: Unisex<br \/>\nRango de edad: &gt; 6 a\u00f1os<br \/>\nModel Number: 92206<br \/>\nClasificaci\u00f3n: Ensamblaje<br \/>\nForma de bloque de pl\u00e1stico: Ladrillos autoblocantes<br \/>\nMaterial: Pl\u00e1stico<br \/>\nTipo de pl\u00e1stico: ABS<br \/>\nBricks Blocks: 1068 +<br \/>\nSin caja original<br \/>\nEl producto no incluye PEGATINA ni Piezas IMPRESAS. Todas las piezas impresas se reemplazar\u00e1n por piezas est\u00e1ndar y no se incluir\u00e1n en los accesorios de terceros.<\/p>","protected":false},"featured_media":59330,"comment_status":"open","ping_status":"closed","template":"","meta":{"_acf_changed":false},"product_cat":[1357,364],"product_tag":[12493,389,300],"class_list":["product","first","instock","shipping-taxable","purchasable","product-type-simple"],"acf":[],"_links":{"self":[{"href":"https:\/\/mouldking.store\/es\/wp-json\/wp\/v2\/product\/59331","targetHints":{"allow":["GET"]}}],"collection":[{"href":"https:\/\/mouldking.store\/es\/wp-json\/wp\/v2\/product"}],"about":[{"href":"https:\/\/mouldking.store\/es\/wp-json\/wp\/v2\/types\/product"}],"replies":[{"embeddable":true,"href":"https:\/\/mouldking.store\/es\/wp-json\/wp\/v2\/comments?post=59331"}],"wp:featuredmedia":[{"embeddable":true,"href":"https:\/\/mouldking.store\/es\/wp-json\/wp\/v2\/media\/59330"}],"wp:attachment":[{"href":"https:\/\/mouldking.store\/es\/wp-json\/wp\/v2\/media?parent=59331"}],"wp:term":[{"taxonomy":"product_cat","embeddable":true,"href":"https:\/\/mouldking.store\/es\/wp-json\/wp\/v2\/product_cat?post=59331"},{"taxonomy":"product_tag","embeddable":true,"href":"https:\/\/mouldking.store\/es\/wp-json\/wp\/v2\/product_tag?post=59331"}],"curies":[{"name":"wp","href":"https:\/\/api.w.org\/{rel}","templated":true}]}}