{"id":59334,"date":"2024-05-31T18:17:20","date_gmt":"2024-05-31T11:17:20","guid":{"rendered":"https:\/\/mouldking.store\/shop\/custom-92204-succulent-flower-house-with-619-pieces\/"},"modified":"2024-05-31T18:17:21","modified_gmt":"2024-05-31T11:17:21","slug":"custom-92204-succulent-flower-house-with-619-pieces","status":"publish","type":"product","link":"https:\/\/mouldking.store\/es\/shop\/custom-92204-succulent-flower-house-with-619-pieces\/","title":{"rendered":"Casa de flores suculentas personalizada 92204 con 619 piezas"},"content":{"rendered":"<div>\u2705Custom 92204 Succulent Flower House<\/p>\n<p>\u2705A succulent flower house is a charming and decorative arrangement of succulent plants arranged within a miniature house-shaped container or planter.<\/p>\n<p>\ud83d\udeab \u00a1IMPORTANTE!<\/p>\n<p>Product Name: Succulent Flower House<\/p>\n<p>Categor\u00eda: Creador<\/p>\n<p>This Kit Contains: Custom 92204<\/p>\n<p>619 pcs Good Quality Bricks<\/p>\n<p>Instrucciones manuales<\/p>\n<p>\ud83d\udcccNaturaleza del protagonista<\/p>\n<p>Introducing our proud collection named \u201cSucculent Flower House\u201d you should not miss.<br \/>&nbsp;<br \/>&nbsp;The centerpiece of a succulent flower house is typically a container or planter designed to resemble a miniature house or cottage. This container may be made of materials such as ceramic, wood, or metal. Succulent flower houses typically feature a variety of succulent plant species, chosen for their contrasting shapes, colors, and textures. Common succulents used in such arrangements include Echeveria, Sedum, Aloe, and Crassula, among others.<\/div>","protected":false},"excerpt":{"rendered":"<p>Marca: Personalizado<br \/>\nG\u00e9nero: Unisex<br \/>\nRango de edad: &gt; 6 a\u00f1os<br \/>\nModel Number: 92204<br \/>\nClasificaci\u00f3n: Ensamblaje<br \/>\nForma de bloque de pl\u00e1stico: Ladrillos autoblocantes<br \/>\nMaterial: Pl\u00e1stico<br \/>\nTipo de pl\u00e1stico: ABS<br \/>\nBricks Blocks: 619 +<br \/>\nSin caja original<br \/>\nEl producto no incluye PEGATINA ni Piezas IMPRESAS. Todas las piezas impresas se reemplazar\u00e1n por piezas est\u00e1ndar y no se incluir\u00e1n en los accesorios de terceros.<\/p>","protected":false},"featured_media":59333,"comment_status":"open","ping_status":"closed","template":"","meta":{"_acf_changed":false},"product_cat":[1365,371],"product_tag":[11072,8452,11106,2318,11217],"class_list":["product","first","instock","shipping-taxable","purchasable","product-type-simple"],"acf":[],"_links":{"self":[{"href":"https:\/\/mouldking.store\/es\/wp-json\/wp\/v2\/product\/59334","targetHints":{"allow":["GET"]}}],"collection":[{"href":"https:\/\/mouldking.store\/es\/wp-json\/wp\/v2\/product"}],"about":[{"href":"https:\/\/mouldking.store\/es\/wp-json\/wp\/v2\/types\/product"}],"replies":[{"embeddable":true,"href":"https:\/\/mouldking.store\/es\/wp-json\/wp\/v2\/comments?post=59334"}],"wp:featuredmedia":[{"embeddable":true,"href":"https:\/\/mouldking.store\/es\/wp-json\/wp\/v2\/media\/59333"}],"wp:attachment":[{"href":"https:\/\/mouldking.store\/es\/wp-json\/wp\/v2\/media?parent=59334"}],"wp:term":[{"taxonomy":"product_cat","embeddable":true,"href":"https:\/\/mouldking.store\/es\/wp-json\/wp\/v2\/product_cat?post=59334"},{"taxonomy":"product_tag","embeddable":true,"href":"https:\/\/mouldking.store\/es\/wp-json\/wp\/v2\/product_tag?post=59334"}],"curies":[{"name":"wp","href":"https:\/\/api.w.org\/{rel}","templated":true}]}}