{"id":59336,"date":"2024-05-31T18:18:54","date_gmt":"2024-05-31T11:18:54","guid":{"rendered":"https:\/\/mouldking.store\/shop\/custom-92191-tree-house-with-1008-pieces\/"},"modified":"2024-05-31T18:19:03","modified_gmt":"2024-05-31T11:19:03","slug":"custom-92191-tree-house-with-1008-pieces","status":"publish","type":"product","link":"https:\/\/mouldking.store\/es\/shop\/custom-92191-tree-house-with-1008-pieces\/","title":{"rendered":"Casa del \u00e1rbol personalizada 92191 con 1008 piezas"},"content":{"rendered":"<div>\u2705Custom 92191 Tree House<\/p>\n<p>\u2705A tree house is a structure built within the branches of a tree, typically elevated off the ground, providing a unique and often whimsical living space or play area.&nbsp;<\/p>\n<p>\ud83d\udeab \u00a1IMPORTANTE!<\/p>\n<p>Product Name: Tree House<\/p>\n<p>Categor\u00eda: Edificio Modular<\/p>\n<p>This Kit Contains: Custom 92191<\/p>\n<p>1008 pcs Good Quality Bricks<\/p>\n<p>Size: 22.9 x 22.1 cm<\/p>\n<p>Instrucciones manuales<\/p>\n<p>\ud83d\udcccNaturaleza del protagonista<\/p>\n<p>Introducing our proud collection named \u201c Tree House\u201d you should not miss.<\/p>\n<p>The foundation of a tree house is a platform or floor structure supported by the branches of one or more trees. This platform may be constructed from wood, composite materials, or even metal, depending on the design and size of the tree house. The tree house is designed to integrate harmoniously with the natural form and growth patterns of the supporting tree(s), with features such as windows or openings that allow the branches to pass through.<\/p><\/div>","protected":false},"excerpt":{"rendered":"<p>Marca: Personalizado<br \/>\nG\u00e9nero: Unisex<br \/>\nRango de edad: &gt; 6 a\u00f1os<br \/>\nModel Number: 92191<br \/>\nClasificaci\u00f3n: Ensamblaje<br \/>\nForma de bloque de pl\u00e1stico: Ladrillos autoblocantes<br \/>\nMaterial: Pl\u00e1stico<br \/>\nTipo de pl\u00e1stico: ABS<br \/>\nBricks Blocks: 1008 +<br \/>\nSin caja original<br \/>\nEl producto no incluye PEGATINA ni Piezas IMPRESAS. Todas las piezas impresas se reemplazar\u00e1n por piezas est\u00e1ndar y no se incluir\u00e1n en los accesorios de terceros.<\/p>","protected":false},"featured_media":59335,"comment_status":"open","ping_status":"closed","template":"","meta":{"_acf_changed":false},"product_cat":[1365,1395,371,390],"product_tag":[11072,8452,2318,392,5983,548],"class_list":["product","first","instock","shipping-taxable","purchasable","product-type-simple"],"acf":[],"_links":{"self":[{"href":"https:\/\/mouldking.store\/es\/wp-json\/wp\/v2\/product\/59336","targetHints":{"allow":["GET"]}}],"collection":[{"href":"https:\/\/mouldking.store\/es\/wp-json\/wp\/v2\/product"}],"about":[{"href":"https:\/\/mouldking.store\/es\/wp-json\/wp\/v2\/types\/product"}],"replies":[{"embeddable":true,"href":"https:\/\/mouldking.store\/es\/wp-json\/wp\/v2\/comments?post=59336"}],"wp:featuredmedia":[{"embeddable":true,"href":"https:\/\/mouldking.store\/es\/wp-json\/wp\/v2\/media\/59335"}],"wp:attachment":[{"href":"https:\/\/mouldking.store\/es\/wp-json\/wp\/v2\/media?parent=59336"}],"wp:term":[{"taxonomy":"product_cat","embeddable":true,"href":"https:\/\/mouldking.store\/es\/wp-json\/wp\/v2\/product_cat?post=59336"},{"taxonomy":"product_tag","embeddable":true,"href":"https:\/\/mouldking.store\/es\/wp-json\/wp\/v2\/product_tag?post=59336"}],"curies":[{"name":"wp","href":"https:\/\/api.w.org\/{rel}","templated":true}]}}